{"id":829,"date":"2014-01-27T20:46:45","date_gmt":"2014-01-27T20:46:45","guid":{"rendered":"http:\/\/fousfollets.com\/?page_id=829"},"modified":"2022-06-06T19:40:45","modified_gmt":"2022-06-06T19:40:45","slug":"spectacle-le-village-qui-avait-perdu-ses-couleurs","status":"publish","type":"page","link":"https:\/\/fousfollets.com\/?page_id=829","title":{"rendered":"Le village qui avait perdu ses couleurs"},"content":{"rendered":"<p><strong style=\"font-size: 1em; line-height: 1.5em;\">\u00a0 \u00a0 \u00a0 \u00a0 \u00a0 \u00a0 \u00a0 \u00a0 \u00a0 \u00a0 \u00a0 \u00a0 \u00a0 \u00a0 \u00a0 \u00a0 \u00a0 \u00a0 \u00a0 \u00a0 \u00a0 \u00a0 \u00a0 \u00a0 \u00a0 \u00a0 \u00a0 \u00a0 \u00a0 \u00a0 \u00a0 \u00a0 \u00a0 \u00a0 \u00a0 \u00a0 \u00a0 \u00a0 \u00a0 \u00a0 \u00a0 \u00a0 \u00a0 \u00a0 \u00a0 \u00a0 \u00a0 \u00a0 \u00a0 \u00a0 \u00a0 \u00a0 \u00a0 \u00a0 \u00a0 \u00a0 \u00a0 \u00a0 \u00a0 \u00a0<\/strong><\/p>\n<h5 style=\"text-align: center;\" align=\"center\"><strong>\u00a0 \u00a0 \u00a0 \u00a0 \u00a0 \u00a0 \u00a0 \u00a0 \u00a0 \u00a0 \u00a0 \u00a0 \u00a0 \u00a0 \u00a0 \u00a0 \u00a0 \u00a0 \u00a0 \u00a0 \u00a0 \u00a0 \u00a0 \u00a0 \u00a0 \u00a0 \u00a0 \u00a0 \u00a0 \u00a0 \u00a0 \u00a0 \u00a0 \u00a0 \u00a0 \u00a0 \u00a0 \u00a0<img decoding=\"async\" loading=\"lazy\" class=\"  wp-image-1016 aligncenter\" src=\"http:\/\/fousfollets.com\/wp-content\/uploads\/2014\/01\/dessin-sara-affiche-3-jpeg-211x300.jpg\" alt=\"dessin sara affiche 3 jpeg\" width=\"254\" height=\"361\" srcset=\"https:\/\/fousfollets.com\/wp-content\/uploads\/2014\/01\/dessin-sara-affiche-3-jpeg-211x300.jpg 211w, https:\/\/fousfollets.com\/wp-content\/uploads\/2014\/01\/dessin-sara-affiche-3-jpeg-721x1024.jpg 721w, https:\/\/fousfollets.com\/wp-content\/uploads\/2014\/01\/dessin-sara-affiche-3-jpeg.jpg 1196w\" sizes=\"(max-width: 254px) 100vw, 254px\" \/>\u00a0 \u00a0 \u00a0 \u00a0 \u00a0 \u00a0 \u00a0 \u00a0 \u00a0 \u00a0 \u00a0 \u00a0 \u00a0 \u00a0 \u00a0 \u00a0 \u00a0 \u00a0 \u00a0 \u00a0 \u00a0 \u00a0 \u00a0 \u00a0 \u00a0 \u00a0 \u00a0 \u00a0 \u00a0 \u00a0 \u00a0 \u00a0 \u00a0 \u00a0 \u00a0 \u00a0 \u00a0 \u00a0 \u00a0 \u00a0 \u00a0 \u00a0 \u00a0 \u00a0 \u00a0<\/strong><strong style=\"font-size: 1em; line-height: 1.5em;\">\u00a0 \u00a0 \u00a0 \u00a0 \u00a0 \u00a0 \u00a0 \u00a0\u00a0<\/strong><\/h5>\n<h5 align=\"center\"><strong>Avant<\/strong>, au village d\u2019\u00e0 c\u00f4t\u00e9, tout \u00e9tait en couleur.<br \/>\n<span style=\"color: #000000; font-size: 1em; line-height: 1.5em;\">C\u2019\u00e9tait merveilleux, c\u2019\u00e9tait le bonheur\u00a0!<br \/>\n<\/span><span style=\"color: #000000; font-size: 1em; line-height: 1.5em;\">Mais figurez-vous qu\u2019un matin<br \/>\n<\/span><strong style=\"font-size: 1em; line-height: 1.5em;\">Les couleurs ont disparu\u00a0!<br \/>\n<\/strong><span style=\"color: #000000; font-size: 1em; line-height: 1.5em;\">Envol\u00e9es, plus rien\u00a0!<br \/>\n<\/span><span style=\"color: #000000; font-size: 1em; line-height: 1.5em;\">C\u2019\u00e9tait un coup de la sorci\u00e8re Bellagore<br \/>\n<\/span><span style=\"color: #000000; font-size: 1em; line-height: 1.5em;\">Qui, jalouse du bonheur des habitants,<br \/>\n<\/span><span style=\"color: #000000; font-size: 1em; line-height: 1.5em;\">Leur avait jet\u00e9 un mauvais sort\u00a0!<br \/>\n<\/span><span style=\"color: #000000; font-size: 1em; line-height: 1.5em;\">Heureusement, le grand mage Ellan<br \/>\n<\/span><span style=\"color: #000000; font-size: 1em; line-height: 1.5em;\">Et quelques villageois pleins de courage<br \/>\n<\/span><span style=\"color: #000000; font-size: 1em; line-height: 1.5em;\">Ont \u00e9chapp\u00e9 \u00e0 la cruelle magie<br \/>\n<\/span><span style=\"color: #000000; font-size: 1em; line-height: 1.5em;\">Et sans h\u00e9siter, ils vont quitter le village<br \/>\n<\/span><span style=\"color: #000000; font-size: 1em; line-height: 1.5em;\">Pour retrouver les couleurs\u00a0 de la vie&#8230;<\/span><\/h5>\n<h5 style=\"text-align: center;\" align=\"center\"><strong>\u00a0 \u00a0<\/strong><\/h5>\n<h5 style=\"text-align: left;\"><strong style=\"font-size: 16px;\"><em>\u00ab\u00a0Le village qui avait perdu ses couleurs\u00a0\u00bb<\/em><\/strong><em style=\"font-size: 16px;\"> est un spectacle de chansons,<br \/>\nde musique (violon\/guitare) et de marionnettes con\u00e7u pour les enfants de classes<br \/>\nmaternelles.<br \/>\n<\/em><em>Les enfants suivront l\u2019histoire pleine de rebondissements, tant\u00f4t amusante, tant\u00f4t po\u00e9tique, tant\u00f4t inqui\u00e9tante\u00a0 du mage Ellan et de ses compagnons.<br \/>\n<\/em><em>Sur ce chemin initiatique, ils croiseront divers personnages\u00a0: une grenouille qui fait la t\u00eate, des h\u00e9rissons farceurs, une poule qui ne veut pas d\u2019un monde en noir et blanc, un poisson qui fait des bulles, Lili la libellule slalomeuse, \u00a0le clown Gugusse agac\u00e9 par une abeille \u2026<br \/>\n<\/em><em>C\u2019est aussi, en dehors de son aspect ludique, un bon outil p\u00e9dagogique pour aborder le monde merveilleux des couleurs\u00a0\u00e0 travers les textes des chansons et le visuel du spectacle :\u00a0<\/em><em style=\"font-size: 1.2em; line-height: 1.5em;\">expressions famili\u00e8res, objets associ\u00e9s, m\u00e9lange des couleurs\u2026<br \/>\n<\/em><em style=\"font-size: 1.2em; line-height: 1.5em;\">Certaines chansons reprennent des airs de comptines traditionnelles avec des paroles originales de la compagnie des Fous Follets ce qui permet de rechanter facilement en classe (les textes peuvent \u00eatre fournis apr\u00e8s la repr\u00e9sentation).<\/em><\/h5>\n<h4 style=\"text-align: left;\">\u00a0<strong><em>Alors venez avec nous \u00e0 la recherche des couleurs perdues\u00a0!<\/em><\/strong><\/h4>\n<h2><strong><span style=\"color: #0000ff;\">Contacts :<\/span><\/strong><\/h2>\n<h3><a href=\"http:\/\/fousfollets.com\/wp-content\/uploads\/2011\/12\/P113089319.jpg\"><img decoding=\"async\" loading=\"lazy\" title=\"P1130893[1]\" src=\"http:\/\/fousfollets.com\/wp-content\/uploads\/2011\/12\/P113089319-150x150.jpg\" alt=\"\" width=\"150\" height=\"150\" \/><\/a><\/h3>\n<h3><strong>J.M Brac<\/strong>: 06.08.09.74.93<br \/>\n<strong>P. Steinhoff<\/strong>\u00a0: 06.70.25.71.81<br \/>\n<strong><span style=\"color: #0000ff;\">ciefousfollets@gmail.com<\/span><\/strong><\/h3>\n<p>&nbsp;<\/p>\n<p><a href=\"http:\/\/fousfollets.com\/wp-content\/uploads\/2011\/12\/Papier-fourmi-bleue-2018-CFF-t\u00eate-mail-1.jpg\"><img decoding=\"async\" loading=\"lazy\" class=\"alignnone size-large wp-image-1254\" src=\"http:\/\/fousfollets.com\/wp-content\/uploads\/2011\/12\/Papier-fourmi-bleue-2018-CFF-t\u00eate-mail-1-1024x330.jpg\" alt=\"Papier fourmi bleue 2018 CFF t\u00eate mail (1)\" width=\"640\" height=\"206\" srcset=\"https:\/\/fousfollets.com\/wp-content\/uploads\/2011\/12\/Papier-fourmi-bleue-2018-CFF-t\u00eate-mail-1-1024x330.jpg 1024w, https:\/\/fousfollets.com\/wp-content\/uploads\/2011\/12\/Papier-fourmi-bleue-2018-CFF-t\u00eate-mail-1-300x97.jpg 300w\" sizes=\"(max-width: 640px) 100vw, 640px\" \/><\/a><\/p>\n<p>&nbsp;<\/p>\n<p>&nbsp;<\/p>\n<p><span style=\"color: #0000ff;\">\u00a0<\/span><\/p>\n<h4 style=\"text-align: left;\"><a href=\"http:\/\/fousfollets.com\/wp-content\/uploads\/2014\/01\/Couleurs-ok-1-jpeg.jpg\"><br \/>\n<\/a><\/h4>\n","protected":false},"excerpt":{"rendered":"<p>\u00a0 \u00a0 \u00a0 \u00a0 \u00a0 \u00a0 \u00a0 \u00a0 \u00a0 \u00a0 \u00a0 \u00a0 \u00a0 \u00a0 \u00a0 \u00a0 \u00a0 \u00a0 \u00a0 \u00a0 \u00a0 \u00a0 \u00a0 \u00a0 \u00a0 \u00a0 \u00a0 \u00a0 \u00a0 \u00a0 \u00a0 \u00a0 \u00a0 \u00a0 \u00a0 \u00a0 \u00a0 \u00a0 \u00a0 \u00a0 &hellip; <a href=\"https:\/\/fousfollets.com\/?page_id=829\">Continuer la lecture <span class=\"meta-nav\">&rarr;<\/span><\/a><\/p>\n","protected":false},"author":1,"featured_media":0,"parent":0,"menu_order":0,"comment_status":"closed","ping_status":"closed","template":"","meta":[],"_links":{"self":[{"href":"https:\/\/fousfollets.com\/index.php?rest_route=\/wp\/v2\/pages\/829"}],"collection":[{"href":"https:\/\/fousfollets.com\/index.php?rest_route=\/wp\/v2\/pages"}],"about":[{"href":"https:\/\/fousfollets.com\/index.php?rest_route=\/wp\/v2\/types\/page"}],"author":[{"embeddable":true,"href":"https:\/\/fousfollets.com\/index.php?rest_route=\/wp\/v2\/users\/1"}],"replies":[{"embeddable":true,"href":"https:\/\/fousfollets.com\/index.php?rest_route=%2Fwp%2Fv2%2Fcomments&post=829"}],"version-history":[{"count":18,"href":"https:\/\/fousfollets.com\/index.php?rest_route=\/wp\/v2\/pages\/829\/revisions"}],"predecessor-version":[{"id":1269,"href":"https:\/\/fousfollets.com\/index.php?rest_route=\/wp\/v2\/pages\/829\/revisions\/1269"}],"wp:attachment":[{"href":"https:\/\/fousfollets.com\/index.php?rest_route=%2Fwp%2Fv2%2Fmedia&parent=829"}],"curies":[{"name":"wp","href":"https:\/\/api.w.org\/{rel}","templated":true}]}}