{"id":28,"date":"2011-12-16T16:40:29","date_gmt":"2011-12-16T16:40:29","guid":{"rendered":"http:\/\/fousfollets.com\/?page_id=28"},"modified":"2022-05-15T13:05:49","modified_gmt":"2022-05-15T13:05:49","slug":"cd-dans-ma-maison","status":"publish","type":"page","link":"https:\/\/fousfollets.com\/?page_id=28","title":{"rendered":"CD Dans ma maison"},"content":{"rendered":"<h6 style=\"text-align: justify;\"><a href=\"http:\/\/fousfollets.com\/wp-content\/uploads\/2011\/12\/jaquette-dans-ma-maison.jpg\"><img decoding=\"async\" loading=\"lazy\" class=\"size-thumbnail wp-image-24 alignleft\" title=\"jaquette dans ma maison\" src=\"http:\/\/fousfollets.com\/wp-content\/uploads\/2011\/12\/jaquette-dans-ma-maison-150x150.jpg\" alt=\"\" width=\"150\" height=\"150\" srcset=\"https:\/\/fousfollets.com\/wp-content\/uploads\/2011\/12\/jaquette-dans-ma-maison-150x150.jpg 150w, https:\/\/fousfollets.com\/wp-content\/uploads\/2011\/12\/jaquette-dans-ma-maison-300x300.jpg 300w, https:\/\/fousfollets.com\/wp-content\/uploads\/2011\/12\/jaquette-dans-ma-maison.jpg 925w\" sizes=\"(max-width: 150px) 100vw, 150px\" \/><\/a>Il se passe beaucoup de choses dans cette maison et m\u00eame\u00a0bien au-del\u00e0, dans les champs, dans les airs et m\u00eame dans les r\u00eaves. La tendresse se m\u00e9lange \u00e0 l&rsquo;humour mais chaque chanson a son brin de bonne humeur car la fantaisie est de mise et l&rsquo;imagination est d\u00e9bordante.\u00a0Les m\u00e9lodies sont entra\u00eenantes bien balanc\u00e9es par les divers instruments et soutenues par de nombreux bruitages. D&rsquo;une plage \u00e0 l&rsquo;autre, le rythme est diff\u00e9rent et adapt\u00e9 au contexte textuel.<br \/>\n<em style=\"text-align: justify;\">JMV M\u00e9diath\u00e8que La Louvi\u00e8re\u00a0<\/em><\/h6>\n<p>&nbsp;<\/p>\n<p><strong>Dans ma maison<\/strong><br \/>\nDur\u00e9e : 49 min 33<\/p>\n<p>01 <a title=\"01 Dis-moi comment c\u2019est un b\u00e9b\u00e9\" href=\"http:\/\/fousfollets.com\/?page_id=42\">Dis-moi comment c&rsquo;est un b\u00e9b\u00e9<\/a><a href=\"http:\/\/fousfollets.com\/wp-content\/uploads\/2011\/12\/plume.jpg\"><img decoding=\"async\" loading=\"lazy\" class=\"alignnone size-full wp-image-124\" title=\"plume\" src=\"http:\/\/fousfollets.com\/wp-content\/uploads\/2011\/12\/plume.jpg\" alt=\"\" width=\"20\" height=\"28\" \/><\/a><a href=\"http:\/\/fousfollets.com\/wp-content\/uploads\/2011\/12\/note-musique.jpg\"><img decoding=\"async\" loading=\"lazy\" class=\"alignnone size-full wp-image-125\" title=\"note musique\" src=\"http:\/\/fousfollets.com\/wp-content\/uploads\/2011\/12\/note-musique.jpg\" alt=\"\" width=\"20\" height=\"19\" \/><\/a><\/p>\n<p>02 <a title=\"02 Dans ma maison\" href=\"http:\/\/fousfollets.com\/?page_id=48\">Dans ma maison<\/a><a href=\"http:\/\/fousfollets.com\/wp-content\/uploads\/2011\/12\/plume.jpg\"><img decoding=\"async\" loading=\"lazy\" title=\"plume\" src=\"http:\/\/fousfollets.com\/wp-content\/uploads\/2011\/12\/plume.jpg\" alt=\"\" width=\"20\" height=\"28\" \/><\/a><a href=\"http:\/\/fousfollets.com\/wp-content\/uploads\/2011\/12\/note-musique.jpg\"><img decoding=\"async\" loading=\"lazy\" title=\"note musique\" src=\"http:\/\/fousfollets.com\/wp-content\/uploads\/2011\/12\/note-musique.jpg\" alt=\"\" width=\"20\" height=\"19\" \/><\/a><\/p>\n<p>03 <a title=\"03 Girouette\" href=\"http:\/\/fousfollets.com\/?page_id=50\">Girouette<\/a><a href=\"http:\/\/fousfollets.com\/wp-content\/uploads\/2011\/12\/plume.jpg\"><img decoding=\"async\" loading=\"lazy\" title=\"plume\" src=\"http:\/\/fousfollets.com\/wp-content\/uploads\/2011\/12\/plume.jpg\" alt=\"\" width=\"20\" height=\"28\" \/><\/a><a href=\"http:\/\/fousfollets.com\/wp-content\/uploads\/2011\/12\/note-musique.jpg\"><img decoding=\"async\" loading=\"lazy\" title=\"note musique\" src=\"http:\/\/fousfollets.com\/wp-content\/uploads\/2011\/12\/note-musique.jpg\" alt=\"\" width=\"20\" height=\"19\" \/><\/a><\/p>\n<p>04 <a title=\"04 Les camemberts\" href=\"http:\/\/fousfollets.com\/?page_id=52\">Les camemberts<\/a><a href=\"http:\/\/fousfollets.com\/wp-content\/uploads\/2011\/12\/plume.jpg\"><img decoding=\"async\" loading=\"lazy\" title=\"plume\" src=\"http:\/\/fousfollets.com\/wp-content\/uploads\/2011\/12\/plume.jpg\" alt=\"\" width=\"20\" height=\"28\" \/><\/a><a href=\"http:\/\/fousfollets.com\/wp-content\/uploads\/2011\/12\/note-musique.jpg\"><img decoding=\"async\" loading=\"lazy\" title=\"note musique\" src=\"http:\/\/fousfollets.com\/wp-content\/uploads\/2011\/12\/note-musique.jpg\" alt=\"\" width=\"20\" height=\"19\" \/><\/a><\/p>\n<p>05 <a title=\"05 Mam\u2019selle la ch\u2019nille\" href=\"http:\/\/fousfollets.com\/?page_id=54\">Mam&rsquo;selle la ch&rsquo;nille<\/a><a href=\"http:\/\/fousfollets.com\/wp-content\/uploads\/2011\/12\/plume.jpg\"><img decoding=\"async\" loading=\"lazy\" title=\"plume\" src=\"http:\/\/fousfollets.com\/wp-content\/uploads\/2011\/12\/plume.jpg\" alt=\"\" width=\"20\" height=\"28\" \/><\/a><a href=\"http:\/\/fousfollets.com\/wp-content\/uploads\/2011\/12\/note-musique.jpg\"><img decoding=\"async\" loading=\"lazy\" title=\"note musique\" src=\"http:\/\/fousfollets.com\/wp-content\/uploads\/2011\/12\/note-musique.jpg\" alt=\"\" width=\"20\" height=\"19\" \/><\/a><\/p>\n<p>06 <a title=\"06 Lachez les fauves\" href=\"http:\/\/fousfollets.com\/?page_id=56\">Lachez les fauves<\/a><a href=\"http:\/\/fousfollets.com\/wp-content\/uploads\/2011\/12\/plume.jpg\"><img decoding=\"async\" loading=\"lazy\" title=\"plume\" src=\"http:\/\/fousfollets.com\/wp-content\/uploads\/2011\/12\/plume.jpg\" alt=\"\" width=\"20\" height=\"28\" \/><\/a><a href=\"http:\/\/fousfollets.com\/wp-content\/uploads\/2011\/12\/note-musique.jpg\"><img decoding=\"async\" loading=\"lazy\" title=\"note musique\" src=\"http:\/\/fousfollets.com\/wp-content\/uploads\/2011\/12\/note-musique.jpg\" alt=\"\" width=\"20\" height=\"19\" \/><\/a><\/p>\n<p>07 <a title=\"07 Petit Tom\" href=\"http:\/\/fousfollets.com\/?page_id=58\">Petit Tom<\/a><a href=\"http:\/\/fousfollets.com\/wp-content\/uploads\/2011\/12\/plume.jpg\"><img decoding=\"async\" loading=\"lazy\" title=\"plume\" src=\"http:\/\/fousfollets.com\/wp-content\/uploads\/2011\/12\/plume.jpg\" alt=\"\" width=\"20\" height=\"28\" \/><\/a><a href=\"http:\/\/fousfollets.com\/wp-content\/uploads\/2011\/12\/note-musique.jpg\"><img decoding=\"async\" loading=\"lazy\" title=\"note musique\" src=\"http:\/\/fousfollets.com\/wp-content\/uploads\/2011\/12\/note-musique.jpg\" alt=\"\" width=\"20\" height=\"19\" \/><\/a><\/p>\n<p>08 <a title=\"08 Tamdibi \u2026 Loup\" href=\"http:\/\/fousfollets.com\/?page_id=60\">Tamdibi &#8230; Loup !<\/a><a href=\"http:\/\/fousfollets.com\/wp-content\/uploads\/2011\/12\/plume.jpg\"><img decoding=\"async\" loading=\"lazy\" title=\"plume\" src=\"http:\/\/fousfollets.com\/wp-content\/uploads\/2011\/12\/plume.jpg\" alt=\"\" width=\"20\" height=\"28\" \/><\/a><a href=\"http:\/\/fousfollets.com\/wp-content\/uploads\/2011\/12\/note-musique.jpg\"><img decoding=\"async\" loading=\"lazy\" title=\"note musique\" src=\"http:\/\/fousfollets.com\/wp-content\/uploads\/2011\/12\/note-musique.jpg\" alt=\"\" width=\"20\" height=\"19\" \/><\/a><\/p>\n<p>09 <a title=\"09 Malika\" href=\"http:\/\/fousfollets.com\/?page_id=62\">Malika<\/a><a href=\"http:\/\/fousfollets.com\/wp-content\/uploads\/2011\/12\/plume.jpg\"><img decoding=\"async\" loading=\"lazy\" title=\"plume\" src=\"http:\/\/fousfollets.com\/wp-content\/uploads\/2011\/12\/plume.jpg\" alt=\"\" width=\"20\" height=\"28\" \/><\/a><a href=\"http:\/\/fousfollets.com\/wp-content\/uploads\/2011\/12\/note-musique.jpg\"><img decoding=\"async\" loading=\"lazy\" title=\"note musique\" src=\"http:\/\/fousfollets.com\/wp-content\/uploads\/2011\/12\/note-musique.jpg\" alt=\"\" width=\"20\" height=\"19\" \/><\/a><\/p>\n<p>10 <a title=\"10 Bulle\" href=\"http:\/\/fousfollets.com\/?page_id=74\">Bulle<\/a><a href=\"http:\/\/fousfollets.com\/wp-content\/uploads\/2011\/12\/plume.jpg\"><img decoding=\"async\" loading=\"lazy\" title=\"plume\" src=\"http:\/\/fousfollets.com\/wp-content\/uploads\/2011\/12\/plume.jpg\" alt=\"\" width=\"20\" height=\"28\" \/><\/a><a href=\"http:\/\/fousfollets.com\/wp-content\/uploads\/2011\/12\/note-musique.jpg\"><img decoding=\"async\" loading=\"lazy\" title=\"note musique\" src=\"http:\/\/fousfollets.com\/wp-content\/uploads\/2011\/12\/note-musique.jpg\" alt=\"\" width=\"20\" height=\"19\" \/><\/a><\/p>\n<p>11 <a title=\"11 Faut qu\u2019\u00e7a rime\" href=\"http:\/\/fousfollets.com\/?page_id=76\">Faut qu&rsquo;\u00e7a rime<\/a><a href=\"http:\/\/fousfollets.com\/wp-content\/uploads\/2011\/12\/plume.jpg\"><img decoding=\"async\" loading=\"lazy\" title=\"plume\" src=\"http:\/\/fousfollets.com\/wp-content\/uploads\/2011\/12\/plume.jpg\" alt=\"\" width=\"20\" height=\"28\" \/><\/a><a href=\"http:\/\/fousfollets.com\/wp-content\/uploads\/2011\/12\/note-musique.jpg\"><img decoding=\"async\" loading=\"lazy\" title=\"note musique\" src=\"http:\/\/fousfollets.com\/wp-content\/uploads\/2011\/12\/note-musique.jpg\" alt=\"\" width=\"20\" height=\"19\" \/><\/a><\/p>\n<p>12 <a title=\"12 Soleil en pyjama\" href=\"http:\/\/fousfollets.com\/?page_id=78\">Soleil en pyjama<\/a><a href=\"http:\/\/fousfollets.com\/wp-content\/uploads\/2011\/12\/plume.jpg\"><img decoding=\"async\" loading=\"lazy\" title=\"plume\" src=\"http:\/\/fousfollets.com\/wp-content\/uploads\/2011\/12\/plume.jpg\" alt=\"\" width=\"20\" height=\"28\" \/><\/a><a href=\"http:\/\/fousfollets.com\/wp-content\/uploads\/2011\/12\/note-musique.jpg\"><img decoding=\"async\" loading=\"lazy\" title=\"note musique\" src=\"http:\/\/fousfollets.com\/wp-content\/uploads\/2011\/12\/note-musique.jpg\" alt=\"\" width=\"20\" height=\"19\" \/><\/a><\/p>\n<p>13 <a title=\"13 Petits doigts\" href=\"http:\/\/fousfollets.com\/?page_id=80\">Petits doigts<\/a><a href=\"http:\/\/fousfollets.com\/wp-content\/uploads\/2011\/12\/plume.jpg\"><img decoding=\"async\" loading=\"lazy\" title=\"plume\" src=\"http:\/\/fousfollets.com\/wp-content\/uploads\/2011\/12\/plume.jpg\" alt=\"\" width=\"20\" height=\"28\" \/><\/a><a href=\"http:\/\/fousfollets.com\/wp-content\/uploads\/2011\/12\/note-musique.jpg\"><img decoding=\"async\" loading=\"lazy\" title=\"note musique\" src=\"http:\/\/fousfollets.com\/wp-content\/uploads\/2011\/12\/note-musique.jpg\" alt=\"\" width=\"20\" height=\"19\" \/><\/a><\/p>\n<p>14 <a title=\"14 Y a une mouche\" href=\"http:\/\/fousfollets.com\/?page_id=82\">Y a une mouche<\/a><a href=\"http:\/\/fousfollets.com\/wp-content\/uploads\/2011\/12\/plume.jpg\"><img decoding=\"async\" loading=\"lazy\" title=\"plume\" src=\"http:\/\/fousfollets.com\/wp-content\/uploads\/2011\/12\/plume.jpg\" alt=\"\" width=\"20\" height=\"28\" \/><\/a><a href=\"http:\/\/fousfollets.com\/wp-content\/uploads\/2011\/12\/note-musique.jpg\"><img decoding=\"async\" loading=\"lazy\" title=\"note musique\" src=\"http:\/\/fousfollets.com\/wp-content\/uploads\/2011\/12\/note-musique.jpg\" alt=\"\" width=\"20\" height=\"19\" \/><\/a><\/p>\n<p>15 <a title=\"15 Stop \u00e7a suffit\" href=\"http:\/\/fousfollets.com\/?page_id=84\">Stop \u00e7a suffit<\/a><a href=\"http:\/\/fousfollets.com\/wp-content\/uploads\/2011\/12\/plume.jpg\"><img decoding=\"async\" loading=\"lazy\" title=\"plume\" src=\"http:\/\/fousfollets.com\/wp-content\/uploads\/2011\/12\/plume.jpg\" alt=\"\" width=\"20\" height=\"28\" \/><\/a><a href=\"http:\/\/fousfollets.com\/wp-content\/uploads\/2011\/12\/note-musique.jpg\"><img decoding=\"async\" loading=\"lazy\" title=\"note musique\" src=\"http:\/\/fousfollets.com\/wp-content\/uploads\/2011\/12\/note-musique.jpg\" alt=\"\" width=\"20\" height=\"19\" \/><\/a><\/p>\n<p>16 <a title=\"16 Le roi des maladroits\" href=\"http:\/\/fousfollets.com\/?page_id=86\">Le roi des maladroits<\/a><a href=\"http:\/\/fousfollets.com\/wp-content\/uploads\/2011\/12\/plume.jpg\"><img decoding=\"async\" loading=\"lazy\" title=\"plume\" src=\"http:\/\/fousfollets.com\/wp-content\/uploads\/2011\/12\/plume.jpg\" alt=\"\" width=\"20\" height=\"28\" \/><\/a><a href=\"http:\/\/fousfollets.com\/wp-content\/uploads\/2011\/12\/note-musique.jpg\"><img decoding=\"async\" loading=\"lazy\" title=\"note musique\" src=\"http:\/\/fousfollets.com\/wp-content\/uploads\/2011\/12\/note-musique.jpg\" alt=\"\" width=\"20\" height=\"19\" \/><\/a><\/p>\n<p><em>Instrumentaux :<\/em><\/p>\n<p>17 <strong>Dans ma maison<\/strong><\/p>\n<p>18<strong> Les camemberts<\/strong><\/p>\n<p>19 <strong>Soleil en pyjama<\/strong><\/p>\n<p>20 <strong>Petits doigts<\/strong><\/p>\n<p>21 <strong>Y a une mouche<\/strong><\/p>\n<p>22 <strong>Le roi des maladroits<\/strong><\/p>\n<h2><strong><span style=\"color: #0000ff;\">Contacts :<\/span><\/strong><\/h2>\n<h3><a href=\"http:\/\/fousfollets.com\/wp-content\/uploads\/2011\/12\/P113089319.jpg\"><img decoding=\"async\" loading=\"lazy\" title=\"P1130893[1]\" src=\"http:\/\/fousfollets.com\/wp-content\/uploads\/2011\/12\/P113089319-150x150.jpg\" alt=\"\" width=\"150\" height=\"150\" \/><\/a><\/h3>\n<h3><strong>J.M Brac<\/strong>: 06.08.09.74.93<br \/>\n<strong>P. Steinhoff<\/strong>\u00a0: 06.70.25.71.81<\/h3>\n<h3><strong><span style=\"color: #0000ff;\">ciefousfollets@gmail.com<\/span><\/strong><\/h3>\n<p>&nbsp;<\/p>\n","protected":false},"excerpt":{"rendered":"<p>Il se passe beaucoup de choses dans cette maison et m\u00eame\u00a0bien au-del\u00e0, dans les champs, dans les airs et m\u00eame dans les r\u00eaves. La tendresse se m\u00e9lange \u00e0 l&rsquo;humour mais chaque chanson a son brin de bonne humeur car la &hellip; <a href=\"https:\/\/fousfollets.com\/?page_id=28\">Continuer la lecture <span class=\"meta-nav\">&rarr;<\/span><\/a><\/p>\n","protected":false},"author":1,"featured_media":0,"parent":0,"menu_order":0,"comment_status":"closed","ping_status":"closed","template":"onecolumn-page.php","meta":[],"_links":{"self":[{"href":"https:\/\/fousfollets.com\/index.php?rest_route=\/wp\/v2\/pages\/28"}],"collection":[{"href":"https:\/\/fousfollets.com\/index.php?rest_route=\/wp\/v2\/pages"}],"about":[{"href":"https:\/\/fousfollets.com\/index.php?rest_route=\/wp\/v2\/types\/page"}],"author":[{"embeddable":true,"href":"https:\/\/fousfollets.com\/index.php?rest_route=\/wp\/v2\/users\/1"}],"replies":[{"embeddable":true,"href":"https:\/\/fousfollets.com\/index.php?rest_route=%2Fwp%2Fv2%2Fcomments&post=28"}],"version-history":[{"count":30,"href":"https:\/\/fousfollets.com\/index.php?rest_route=\/wp\/v2\/pages\/28\/revisions"}],"predecessor-version":[{"id":1327,"href":"https:\/\/fousfollets.com\/index.php?rest_route=\/wp\/v2\/pages\/28\/revisions\/1327"}],"wp:attachment":[{"href":"https:\/\/fousfollets.com\/index.php?rest_route=%2Fwp%2Fv2%2Fmedia&parent=28"}],"curies":[{"name":"wp","href":"https:\/\/api.w.org\/{rel}","templated":true}]}}