{"id":267,"date":"2011-12-17T12:14:07","date_gmt":"2011-12-17T12:14:07","guid":{"rendered":"http:\/\/fousfollets.com\/?page_id=267"},"modified":"2022-06-26T19:42:51","modified_gmt":"2022-06-26T19:42:51","slug":"spectacle-dans-ma-maison","status":"publish","type":"page","link":"https:\/\/fousfollets.com\/?page_id=267","title":{"rendered":"Dans ma maison"},"content":{"rendered":"<p style=\"text-align: left;\" align=\"center\"><strong><a href=\"http:\/\/fousfollets.com\/wp-content\/uploads\/2011\/12\/jaquette-dans-ma-maison.jpg\"><img decoding=\"async\" loading=\"lazy\" class=\"alignnone  wp-image-24\" title=\"jaquette dans ma maison\" src=\"http:\/\/fousfollets.com\/wp-content\/uploads\/2011\/12\/jaquette-dans-ma-maison-150x150.jpg\" alt=\"\" width=\"179\" height=\"179\" srcset=\"https:\/\/fousfollets.com\/wp-content\/uploads\/2011\/12\/jaquette-dans-ma-maison-150x150.jpg 150w, https:\/\/fousfollets.com\/wp-content\/uploads\/2011\/12\/jaquette-dans-ma-maison-300x300.jpg 300w, https:\/\/fousfollets.com\/wp-content\/uploads\/2011\/12\/jaquette-dans-ma-maison.jpg 925w\" sizes=\"(max-width: 179px) 100vw, 179px\" \/><\/a><\/strong><\/p>\n<p>\u00ab\u00a0DANS MA MAISON\u00a0\u00bb<\/p>\n<p><strong>Com\u00e9die-chansons-marionnettes de la Cie des FOUS FOLLETS<br \/>\n<\/strong><strong>\u00a0Jean-Michel BRAC et Patricia STEINHOFF<\/strong><\/p>\n<p><strong>B\u00e9b\u00e9 calin, b\u00e9b\u00e9 coquin, b\u00e9b\u00e9 malin &#8230;<br \/>\n<\/strong><strong>B\u00e9b\u00e9 tout petit, b\u00e9b\u00e9 qui grandit &#8230;<br \/>\n<\/strong><strong>Petit enfant deviendra grand.<\/strong><\/p>\n<p><strong>Des chansons originales qui racontent l\u2019histoire &#8211; les histoires &#8211; des enfants qui grandissent\u00a0: les parents, les copains, l\u2019\u00e9cole, les \u00e9clats de rire, les coups de col\u00e8re, les r\u00eaves, les b\u00eatises &#8230;<br \/>\n<\/strong><strong><br \/>\nEn passant de la berceuse au blues, du rock au rap, de la biguine au folk, une \u00e9vocation tendre et dr\u00f4le de la vie &#8211; pas toujours simple &#8211; de nos chers petits anges\u00a0!<\/strong><\/p>\n<p>&nbsp;<\/p>\n<p><a href=\"http:\/\/fousfollets.com\/wp-content\/uploads\/2011\/12\/billy-site-jpeg.jpg\"><img decoding=\"async\" loading=\"lazy\" class=\"alignnone size-medium wp-image-918\" title=\"billy site jpeg\" src=\"http:\/\/fousfollets.com\/wp-content\/uploads\/2011\/12\/billy-site-jpeg-171x300.jpg\" alt=\"\" width=\"171\" height=\"300\" srcset=\"https:\/\/fousfollets.com\/wp-content\/uploads\/2011\/12\/billy-site-jpeg-171x300.jpg 171w, https:\/\/fousfollets.com\/wp-content\/uploads\/2011\/12\/billy-site-jpeg.jpg 501w\" sizes=\"(max-width: 171px) 100vw, 171px\" \/><\/a>\u00a0\u00a0<a href=\"http:\/\/fousfollets.com\/wp-content\/uploads\/2011\/12\/tom-site-jpeg.jpg\"><img decoding=\"async\" loading=\"lazy\" class=\"alignnone size-medium wp-image-919\" title=\"tom site jpeg\" src=\"http:\/\/fousfollets.com\/wp-content\/uploads\/2011\/12\/tom-site-jpeg-108x300.jpg\" alt=\"\" width=\"108\" height=\"300\" \/><\/a>\u00a0<a href=\"http:\/\/fousfollets.com\/wp-content\/uploads\/2011\/12\/Mr-balai-site-jpeg.jpg\"><img decoding=\"async\" loading=\"lazy\" title=\"Mr balai site jpeg\" src=\"http:\/\/fousfollets.com\/wp-content\/uploads\/2011\/12\/Mr-balai-site-jpeg-110x300.jpg\" alt=\"\" width=\"110\" height=\"300\" \/><\/a><\/p>\n<p><a href=\"http:\/\/fousfollets.com\/wp-content\/uploads\/2011\/12\/escargot.jpg\"><img decoding=\"async\" loading=\"lazy\" class=\"alignnone size-medium wp-image-920\" title=\"escargot\" src=\"http:\/\/fousfollets.com\/wp-content\/uploads\/2011\/12\/escargot-190x300.jpg\" alt=\"\" width=\"190\" height=\"300\" srcset=\"https:\/\/fousfollets.com\/wp-content\/uploads\/2011\/12\/escargot-190x300.jpg 190w, https:\/\/fousfollets.com\/wp-content\/uploads\/2011\/12\/escargot-650x1024.jpg 650w, https:\/\/fousfollets.com\/wp-content\/uploads\/2011\/12\/escargot.jpg 1762w\" sizes=\"(max-width: 190px) 100vw, 190px\" \/><\/a>\u00a0 \u00a0\u00a0<a href=\"http:\/\/fousfollets.com\/wp-content\/uploads\/2011\/12\/jm-camembert-site-jpeg1.jpg\"><img decoding=\"async\" loading=\"lazy\" class=\"alignnone size-medium wp-image-924\" title=\"jm camembert site jpeg\" src=\"http:\/\/fousfollets.com\/wp-content\/uploads\/2011\/12\/jm-camembert-site-jpeg1-189x300.jpg\" alt=\"\" width=\"189\" height=\"300\" srcset=\"https:\/\/fousfollets.com\/wp-content\/uploads\/2011\/12\/jm-camembert-site-jpeg1-189x300.jpg 189w, https:\/\/fousfollets.com\/wp-content\/uploads\/2011\/12\/jm-camembert-site-jpeg1-645x1024.jpg 645w, https:\/\/fousfollets.com\/wp-content\/uploads\/2011\/12\/jm-camembert-site-jpeg1.jpg 1119w\" sizes=\"(max-width: 189px) 100vw, 189px\" \/><\/a><\/p>\n<p><a href=\"http:\/\/fousfollets.com\/wp-content\/uploads\/2011\/12\/pat-seule-site-jpeg.jpg\"><img decoding=\"async\" loading=\"lazy\" class=\"alignnone size-medium wp-image-943\" title=\"pat seule site jpeg\" src=\"http:\/\/fousfollets.com\/wp-content\/uploads\/2011\/12\/pat-seule-site-jpeg-186x300.jpg\" alt=\"\" width=\"186\" height=\"300\" srcset=\"https:\/\/fousfollets.com\/wp-content\/uploads\/2011\/12\/pat-seule-site-jpeg-186x300.jpg 186w, https:\/\/fousfollets.com\/wp-content\/uploads\/2011\/12\/pat-seule-site-jpeg-636x1024.jpg 636w, https:\/\/fousfollets.com\/wp-content\/uploads\/2011\/12\/pat-seule-site-jpeg.jpg 760w\" sizes=\"(max-width: 186px) 100vw, 186px\" \/><\/a>\u00a0 \u00a0 \u00a0\u00a0<a href=\"http:\/\/fousfollets.com\/wp-content\/uploads\/2011\/12\/patrick-corbeau-site-jpeg1.jpg\"><img decoding=\"async\" loading=\"lazy\" class=\"alignnone size-medium wp-image-945\" title=\"patrick corbeau site jpeg\" src=\"http:\/\/fousfollets.com\/wp-content\/uploads\/2011\/12\/patrick-corbeau-site-jpeg1-188x300.jpg\" alt=\"\" width=\"188\" height=\"300\" srcset=\"https:\/\/fousfollets.com\/wp-content\/uploads\/2011\/12\/patrick-corbeau-site-jpeg1-188x300.jpg 188w, https:\/\/fousfollets.com\/wp-content\/uploads\/2011\/12\/patrick-corbeau-site-jpeg1-644x1024.jpg 644w, https:\/\/fousfollets.com\/wp-content\/uploads\/2011\/12\/patrick-corbeau-site-jpeg1.jpg 966w\" sizes=\"(max-width: 188px) 100vw, 188px\" \/><\/a><\/p>\n<p><a href=\"http:\/\/fousfollets.com\/wp-content\/uploads\/2011\/12\/violon-pat-debout-invers\u00e9e-site-jpeg.jpg\"><img decoding=\"async\" loading=\"lazy\" class=\"alignnone size-medium wp-image-973\" title=\"violon pat debout invers\u00e9e site jpeg\" src=\"http:\/\/fousfollets.com\/wp-content\/uploads\/2011\/12\/violon-pat-debout-invers\u00e9e-site-jpeg-153x300.jpg\" alt=\"\" width=\"153\" height=\"300\" \/><\/a>\u00a0\u00a0<a href=\"http:\/\/fousfollets.com\/wp-content\/uploads\/2011\/12\/patrick-site-instru-jpeg.jpg\"><img decoding=\"async\" loading=\"lazy\" class=\"alignnone size-medium wp-image-972\" title=\"patrick site instru jpeg\" src=\"http:\/\/fousfollets.com\/wp-content\/uploads\/2011\/12\/patrick-site-instru-jpeg-218x300.jpg\" alt=\"\" width=\"218\" height=\"300\" srcset=\"https:\/\/fousfollets.com\/wp-content\/uploads\/2011\/12\/patrick-site-instru-jpeg-218x300.jpg 218w, https:\/\/fousfollets.com\/wp-content\/uploads\/2011\/12\/patrick-site-instru-jpeg-746x1024.jpg 746w, https:\/\/fousfollets.com\/wp-content\/uploads\/2011\/12\/patrick-site-instru-jpeg.jpg 1120w\" sizes=\"(max-width: 218px) 100vw, 218px\" \/><\/a><\/p>\n<p><a href=\"http:\/\/fousfollets.com\/wp-content\/uploads\/2011\/12\/pat-jm.jpg\"><img decoding=\"async\" loading=\"lazy\" title=\"pat, jm\" src=\"http:\/\/fousfollets.com\/wp-content\/uploads\/2011\/12\/pat-jm-300x249.jpg\" alt=\"\" width=\"300\" height=\"249\" \/><\/a><\/p>\n<h2><strong><span style=\"color: #0000ff;\">Contacts :<\/span><\/strong><\/h2>\n<h3><img decoding=\"async\" loading=\"lazy\" class=\"\" title=\"P1130893[1]\" src=\"http:\/\/fousfollets.com\/wp-content\/uploads\/2011\/12\/P113089319-150x150.jpg\" alt=\"\" width=\"167\" height=\"167\" \/><\/h3>\n<h3><strong>J.M Brac<\/strong>: 06.08.09.74.93<br \/>\n<strong>P. Steinhoff<\/strong>\u00a0: 06.70.25.71.81<br \/>\n<strong><span style=\"color: #0000ff;\">ciefousfollets@gmail.com<\/span><\/strong><\/h3>\n<p>&nbsp;<\/p>\n<p><a href=\"http:\/\/fousfollets.com\/wp-content\/uploads\/2011\/12\/Papier-fourmi-bleue-2018-CFF-t\u00eate-mail-1.jpg\"><img decoding=\"async\" loading=\"lazy\" class=\"alignnone size-large wp-image-1254\" src=\"http:\/\/fousfollets.com\/wp-content\/uploads\/2011\/12\/Papier-fourmi-bleue-2018-CFF-t\u00eate-mail-1-1024x330.jpg\" alt=\"Papier fourmi bleue 2018 CFF t\u00eate mail (1)\" width=\"640\" height=\"206\" srcset=\"https:\/\/fousfollets.com\/wp-content\/uploads\/2011\/12\/Papier-fourmi-bleue-2018-CFF-t\u00eate-mail-1-1024x330.jpg 1024w, https:\/\/fousfollets.com\/wp-content\/uploads\/2011\/12\/Papier-fourmi-bleue-2018-CFF-t\u00eate-mail-1-300x97.jpg 300w\" sizes=\"(max-width: 640px) 100vw, 640px\" \/><\/a><\/p>\n<p>&nbsp;<\/p>\n<p>&nbsp;<\/p>\n<p><span style=\"color: #0000ff;\">\u00a0<\/span><\/p>\n<p>&nbsp;<\/p>\n","protected":false},"excerpt":{"rendered":"<p>\u00ab\u00a0DANS MA MAISON\u00a0\u00bb Com\u00e9die-chansons-marionnettes de la Cie des FOUS FOLLETS \u00a0Jean-Michel BRAC et Patricia STEINHOFF B\u00e9b\u00e9 calin, b\u00e9b\u00e9 coquin, b\u00e9b\u00e9 malin &#8230; B\u00e9b\u00e9 tout petit, b\u00e9b\u00e9 qui grandit &#8230; Petit enfant deviendra grand. Des chansons originales qui racontent l\u2019histoire &#8211; &hellip; <a href=\"https:\/\/fousfollets.com\/?page_id=267\">Continuer la lecture <span class=\"meta-nav\">&rarr;<\/span><\/a><\/p>\n","protected":false},"author":1,"featured_media":0,"parent":0,"menu_order":0,"comment_status":"closed","ping_status":"closed","template":"","meta":[],"_links":{"self":[{"href":"https:\/\/fousfollets.com\/index.php?rest_route=\/wp\/v2\/pages\/267"}],"collection":[{"href":"https:\/\/fousfollets.com\/index.php?rest_route=\/wp\/v2\/pages"}],"about":[{"href":"https:\/\/fousfollets.com\/index.php?rest_route=\/wp\/v2\/types\/page"}],"author":[{"embeddable":true,"href":"https:\/\/fousfollets.com\/index.php?rest_route=\/wp\/v2\/users\/1"}],"replies":[{"embeddable":true,"href":"https:\/\/fousfollets.com\/index.php?rest_route=%2Fwp%2Fv2%2Fcomments&post=267"}],"version-history":[{"count":20,"href":"https:\/\/fousfollets.com\/index.php?rest_route=\/wp\/v2\/pages\/267\/revisions"}],"predecessor-version":[{"id":1527,"href":"https:\/\/fousfollets.com\/index.php?rest_route=\/wp\/v2\/pages\/267\/revisions\/1527"}],"wp:attachment":[{"href":"https:\/\/fousfollets.com\/index.php?rest_route=%2Fwp%2Fv2%2Fmedia&parent=267"}],"curies":[{"name":"wp","href":"https:\/\/api.w.org\/{rel}","templated":true}]}}