{"id":1722,"date":"2024-11-05T14:22:45","date_gmt":"2024-11-05T14:22:45","guid":{"rendered":"https:\/\/fousfollets.com\/?page_id=1722"},"modified":"2024-11-06T08:35:16","modified_gmt":"2024-11-06T08:35:16","slug":"cle-usb-lintegrale-des-fous-follets","status":"publish","type":"page","link":"https:\/\/fousfollets.com\/?page_id=1722","title":{"rendered":"Cl\u00e9 USB L&rsquo;Int\u00e9grale des Fous Follets"},"content":{"rendered":"\n<figure class=\"wp-block-image size-large\"><a href=\"https:\/\/fousfollets.com\/?page_id=290\" target=\"_blank\" rel=\"noreferrer noopener\"><img decoding=\"async\" loading=\"lazy\" width=\"1024\" height=\"683\" src=\"http:\/\/fousfollets.com\/wp-content\/uploads\/2024\/10\/Digipack-USB-Rancontras-Fous-Follets-R-1024x683.jpg\" alt=\"\" class=\"wp-image-1694\" srcset=\"https:\/\/fousfollets.com\/wp-content\/uploads\/2024\/10\/Digipack-USB-Rancontras-Fous-Follets-R-1024x683.jpg 1024w, https:\/\/fousfollets.com\/wp-content\/uploads\/2024\/10\/Digipack-USB-Rancontras-Fous-Follets-R-300x200.jpg 300w, https:\/\/fousfollets.com\/wp-content\/uploads\/2024\/10\/Digipack-USB-Rancontras-Fous-Follets-R-768x512.jpg 768w, https:\/\/fousfollets.com\/wp-content\/uploads\/2024\/10\/Digipack-USB-Rancontras-Fous-Follets-R.jpg 1200w\" sizes=\"(max-width: 1024px) 100vw, 1024px\" \/><\/a><\/figure>\n\n\n\n<div class=\"wp-block-columns is-layout-flex wp-container-4\">\n<div class=\"wp-block-column is-layout-flow\">\n<figure class=\"wp-block-image size-large\"><a href=\"https:\/\/fousfollets.com\/wp-content\/uploads\/2024\/11\/Digipack-USB-Classique-139x125-Fous-Follets-011-ARRIERE.jpg\" target=\"_blank\" rel=\"noreferrer noopener\"><img decoding=\"async\" loading=\"lazy\" width=\"1024\" height=\"920\" src=\"https:\/\/fousfollets.com\/wp-content\/uploads\/2024\/11\/Digipack-USB-Classique-139x125-Fous-Follets-011-ARRIERE-1024x920.jpg\" alt=\"\" class=\"wp-image-1723\" srcset=\"https:\/\/fousfollets.com\/wp-content\/uploads\/2024\/11\/Digipack-USB-Classique-139x125-Fous-Follets-011-ARRIERE-1024x920.jpg 1024w, https:\/\/fousfollets.com\/wp-content\/uploads\/2024\/11\/Digipack-USB-Classique-139x125-Fous-Follets-011-ARRIERE-300x270.jpg 300w, https:\/\/fousfollets.com\/wp-content\/uploads\/2024\/11\/Digipack-USB-Classique-139x125-Fous-Follets-011-ARRIERE-768x690.jpg 768w, https:\/\/fousfollets.com\/wp-content\/uploads\/2024\/11\/Digipack-USB-Classique-139x125-Fous-Follets-011-ARRIERE-1536x1380.jpg 1536w, https:\/\/fousfollets.com\/wp-content\/uploads\/2024\/11\/Digipack-USB-Classique-139x125-Fous-Follets-011-ARRIERE.jpg 1644w\" sizes=\"(max-width: 1024px) 100vw, 1024px\" \/><\/a><\/figure>\n<\/div>\n\n\n\n<div class=\"wp-block-column is-layout-flow\">\n<figure class=\"wp-block-image size-large\"><a href=\"https:\/\/fousfollets.com\/wp-content\/uploads\/2024\/11\/Digipack-USB-Classique-139x125-Fous-Follets-011-AVANT.jpg\" target=\"_blank\" rel=\"noreferrer noopener\"><img decoding=\"async\" loading=\"lazy\" width=\"1024\" height=\"919\" src=\"https:\/\/fousfollets.com\/wp-content\/uploads\/2024\/11\/Digipack-USB-Classique-139x125-Fous-Follets-011-AVANT-1024x919.jpg\" alt=\"\" class=\"wp-image-1724\" srcset=\"https:\/\/fousfollets.com\/wp-content\/uploads\/2024\/11\/Digipack-USB-Classique-139x125-Fous-Follets-011-AVANT-1024x919.jpg 1024w, https:\/\/fousfollets.com\/wp-content\/uploads\/2024\/11\/Digipack-USB-Classique-139x125-Fous-Follets-011-AVANT-300x269.jpg 300w, https:\/\/fousfollets.com\/wp-content\/uploads\/2024\/11\/Digipack-USB-Classique-139x125-Fous-Follets-011-AVANT-768x690.jpg 768w, https:\/\/fousfollets.com\/wp-content\/uploads\/2024\/11\/Digipack-USB-Classique-139x125-Fous-Follets-011-AVANT-1536x1379.jpg 1536w, https:\/\/fousfollets.com\/wp-content\/uploads\/2024\/11\/Digipack-USB-Classique-139x125-Fous-Follets-011-AVANT.jpg 1645w\" sizes=\"(max-width: 1024px) 100vw, 1024px\" \/><\/a><\/figure>\n<\/div>\n\n\n\n<div class=\"wp-block-column is-layout-flow\">\n<figure class=\"wp-block-image size-large\"><a href=\"https:\/\/fousfollets.com\/wp-content\/uploads\/2024\/11\/Digipack-USB-Classique-139x125-Fous-Follets-011-INTERIEUR.jpg\" target=\"_blank\" rel=\"noreferrer noopener\"><img decoding=\"async\" loading=\"lazy\" width=\"1024\" height=\"921\" src=\"https:\/\/fousfollets.com\/wp-content\/uploads\/2024\/11\/Digipack-USB-Classique-139x125-Fous-Follets-011-INTERIEUR-1024x921.jpg\" alt=\"\" class=\"wp-image-1725\" srcset=\"https:\/\/fousfollets.com\/wp-content\/uploads\/2024\/11\/Digipack-USB-Classique-139x125-Fous-Follets-011-INTERIEUR-1024x921.jpg 1024w, https:\/\/fousfollets.com\/wp-content\/uploads\/2024\/11\/Digipack-USB-Classique-139x125-Fous-Follets-011-INTERIEUR-300x270.jpg 300w, https:\/\/fousfollets.com\/wp-content\/uploads\/2024\/11\/Digipack-USB-Classique-139x125-Fous-Follets-011-INTERIEUR-768x691.jpg 768w, https:\/\/fousfollets.com\/wp-content\/uploads\/2024\/11\/Digipack-USB-Classique-139x125-Fous-Follets-011-INTERIEUR-1536x1382.jpg 1536w, https:\/\/fousfollets.com\/wp-content\/uploads\/2024\/11\/Digipack-USB-Classique-139x125-Fous-Follets-011-INTERIEUR.jpg 1645w\" sizes=\"(max-width: 1024px) 100vw, 1024px\" \/><\/a><\/figure>\n<\/div>\n<\/div>\n\n\n\n<h2 class=\"wp-block-heading has-text-align-center has-background\" style=\"background-color:#e6e6e6\"><strong>2 CD SUR 1 CL\u00c9 USB<\/strong><br><strong>=<\/strong><br><strong>1H30 DE PLAISIR<\/strong><\/h2>\n\n\n\n<div style=\"height:20px\" aria-hidden=\"true\" class=\"wp-block-spacer\"><\/div>\n\n\n\n<div class=\"wp-block-columns is-layout-flex wp-container-7\">\n<div class=\"wp-block-column is-layout-flow\">\n<figure class=\"wp-block-image size-large\"><a href=\"https:\/\/fousfollets.com\/?page_id=28\" target=\"_blank\" rel=\"noreferrer noopener\"><img decoding=\"async\" loading=\"lazy\" width=\"1024\" height=\"1016\" src=\"http:\/\/fousfollets.com\/wp-content\/uploads\/2024\/11\/Dans-ma-maison-pochette-CD-2024-1024x1016.jpg\" alt=\"\" class=\"wp-image-1726\" srcset=\"https:\/\/fousfollets.com\/wp-content\/uploads\/2024\/11\/Dans-ma-maison-pochette-CD-2024-1024x1016.jpg 1024w, https:\/\/fousfollets.com\/wp-content\/uploads\/2024\/11\/Dans-ma-maison-pochette-CD-2024-300x298.jpg 300w, https:\/\/fousfollets.com\/wp-content\/uploads\/2024\/11\/Dans-ma-maison-pochette-CD-2024-150x150.jpg 150w, https:\/\/fousfollets.com\/wp-content\/uploads\/2024\/11\/Dans-ma-maison-pochette-CD-2024-768x762.jpg 768w, https:\/\/fousfollets.com\/wp-content\/uploads\/2024\/11\/Dans-ma-maison-pochette-CD-2024.jpg 1413w\" sizes=\"(max-width: 1024px) 100vw, 1024px\" \/><\/a><\/figure>\n\n\n\n<p class=\"has-text-align-center\"><a href=\"https:\/\/fousfollets.com\/?page_id=28\" target=\"_blank\" rel=\"noreferrer noopener\">Extraits en \u00e9coute<\/a><\/p>\n<\/div>\n\n\n\n<div class=\"wp-block-column is-layout-flow\">\n<figure class=\"wp-block-image size-large\"><a href=\"https:\/\/fousfollets.com\/?page_id=30\" target=\"_blank\" rel=\"noreferrer noopener\"><img decoding=\"async\" loading=\"lazy\" width=\"1024\" height=\"1016\" src=\"https:\/\/fousfollets.com\/wp-content\/uploads\/2024\/11\/Dans-mon-jardin-pochette-CD-2024-1024x1016.jpg\" alt=\"\" class=\"wp-image-1727\" srcset=\"https:\/\/fousfollets.com\/wp-content\/uploads\/2024\/11\/Dans-mon-jardin-pochette-CD-2024-1024x1016.jpg 1024w, https:\/\/fousfollets.com\/wp-content\/uploads\/2024\/11\/Dans-mon-jardin-pochette-CD-2024-300x298.jpg 300w, https:\/\/fousfollets.com\/wp-content\/uploads\/2024\/11\/Dans-mon-jardin-pochette-CD-2024-150x150.jpg 150w, https:\/\/fousfollets.com\/wp-content\/uploads\/2024\/11\/Dans-mon-jardin-pochette-CD-2024-768x762.jpg 768w, https:\/\/fousfollets.com\/wp-content\/uploads\/2024\/11\/Dans-mon-jardin-pochette-CD-2024.jpg 1412w\" sizes=\"(max-width: 1024px) 100vw, 1024px\" \/><\/a><\/figure>\n\n\n\n<p class=\"has-text-align-center\"><a href=\"https:\/\/fousfollets.com\/?page_id=30\" target=\"_blank\" rel=\"noreferrer noopener\">Extraits en \u00e9coute<\/a><\/p>\n<\/div>\n<\/div>\n\n\n\n<h2 class=\"wp-block-heading has-text-align-center has-background\" style=\"background-color:#e6e6e6\"><strong>34 CHANSONS<\/strong><br><strong>+<\/strong><br><strong>4 COMPTINES<\/strong><br><strong>+<\/strong><br><strong>17 INSTRUMENTAUX<\/strong><\/h2>\n\n\n\n<div style=\"height:50px\" aria-hidden=\"true\" class=\"wp-block-spacer\"><\/div>\n\n\n\n<p class=\"has-text-align-center\">Pour commander :<br><a href=\"mailto:jean-michel.brac@wanadoo.fr\">jean-michel.brac@wanadoo.fr<\/a><\/p>\n\n\n\n<div style=\"height:100px\" aria-hidden=\"true\" class=\"wp-block-spacer\"><\/div>\n\n\n\n<figure class=\"wp-block-image size-large\"><a href=\"http:\/\/fousfollets.com\/wp-content\/uploads\/2024\/07\/Papier-fourmi-bleue-2024-CFF-tete-mail-scaled.jpg\"><img decoding=\"async\" loading=\"lazy\" width=\"1024\" height=\"326\" src=\"http:\/\/fousfollets.com\/wp-content\/uploads\/2024\/07\/Papier-fourmi-bleue-2024-CFF-tete-mail-1024x326.jpg\" alt=\"\" class=\"wp-image-1674\" srcset=\"https:\/\/fousfollets.com\/wp-content\/uploads\/2024\/07\/Papier-fourmi-bleue-2024-CFF-tete-mail-1024x326.jpg 1024w, https:\/\/fousfollets.com\/wp-content\/uploads\/2024\/07\/Papier-fourmi-bleue-2024-CFF-tete-mail-300x96.jpg 300w, https:\/\/fousfollets.com\/wp-content\/uploads\/2024\/07\/Papier-fourmi-bleue-2024-CFF-tete-mail-768x245.jpg 768w, https:\/\/fousfollets.com\/wp-content\/uploads\/2024\/07\/Papier-fourmi-bleue-2024-CFF-tete-mail-1536x489.jpg 1536w, https:\/\/fousfollets.com\/wp-content\/uploads\/2024\/07\/Papier-fourmi-bleue-2024-CFF-tete-mail-2048x653.jpg 2048w\" sizes=\"(max-width: 1024px) 100vw, 1024px\" \/><\/a><\/figure>\n","protected":false},"excerpt":{"rendered":"<p>2 CD SUR 1 CL\u00c9 USB=1H30 DE PLAISIR Extraits en \u00e9coute Extraits en \u00e9coute 34 CHANSONS+4 COMPTINES+17 INSTRUMENTAUX Pour commander :jean-michel.brac@wanadoo.fr<\/p>\n","protected":false},"author":1,"featured_media":0,"parent":0,"menu_order":0,"comment_status":"closed","ping_status":"closed","template":"","meta":[],"_links":{"self":[{"href":"https:\/\/fousfollets.com\/index.php?rest_route=\/wp\/v2\/pages\/1722"}],"collection":[{"href":"https:\/\/fousfollets.com\/index.php?rest_route=\/wp\/v2\/pages"}],"about":[{"href":"https:\/\/fousfollets.com\/index.php?rest_route=\/wp\/v2\/types\/page"}],"author":[{"embeddable":true,"href":"https:\/\/fousfollets.com\/index.php?rest_route=\/wp\/v2\/users\/1"}],"replies":[{"embeddable":true,"href":"https:\/\/fousfollets.com\/index.php?rest_route=%2Fwp%2Fv2%2Fcomments&post=1722"}],"version-history":[{"count":17,"href":"https:\/\/fousfollets.com\/index.php?rest_route=\/wp\/v2\/pages\/1722\/revisions"}],"predecessor-version":[{"id":1757,"href":"https:\/\/fousfollets.com\/index.php?rest_route=\/wp\/v2\/pages\/1722\/revisions\/1757"}],"wp:attachment":[{"href":"https:\/\/fousfollets.com\/index.php?rest_route=%2Fwp%2Fv2%2Fmedia&parent=1722"}],"curies":[{"name":"wp","href":"https:\/\/api.w.org\/{rel}","templated":true}]}}