{"id":1104,"date":"2016-12-29T15:33:35","date_gmt":"2016-12-29T15:33:35","guid":{"rendered":"http:\/\/fousfollets.com\/?page_id=1104"},"modified":"2022-06-06T19:40:08","modified_gmt":"2022-06-06T19:40:08","slug":"au-village-des-ptits-potins","status":"publish","type":"page","link":"https:\/\/fousfollets.com\/?page_id=1104","title":{"rendered":"Au village des p&rsquo;tits potins"},"content":{"rendered":"<h3><em><strong><span style=\"color: #993366;\">Au village des p&rsquo;tits potins &#8230;<\/span><\/strong><\/em><\/h3>\n<p><em><a href=\"http:\/\/fousfollets.com\/wp-content\/uploads\/2011\/12\/ceci-nest-pas-une-poule-05fce5b2-efee-43ed-b28c-acbe5a7a5d76.jpg\"><img decoding=\"async\" loading=\"lazy\" class=\"alignnone size-medium wp-image-1082\" src=\"http:\/\/fousfollets.com\/wp-content\/uploads\/2011\/12\/ceci-nest-pas-une-poule-05fce5b2-efee-43ed-b28c-acbe5a7a5d76-300x212.jpg\" alt=\"ceci-nest-pas-une-poule-05fce5b2-efee-43ed-b28c-acbe5a7a5d76\" width=\"300\" height=\"212\" srcset=\"https:\/\/fousfollets.com\/wp-content\/uploads\/2011\/12\/ceci-nest-pas-une-poule-05fce5b2-efee-43ed-b28c-acbe5a7a5d76-300x212.jpg 300w, https:\/\/fousfollets.com\/wp-content\/uploads\/2011\/12\/ceci-nest-pas-une-poule-05fce5b2-efee-43ed-b28c-acbe5a7a5d76.jpg 566w\" sizes=\"(max-width: 300px) 100vw, 300px\" \/><\/a><\/em><\/p>\n<p><em>Au village des p&rsquo;tits potins, il y a deux fermes : la ferme de la m\u00e8re Mich\u00e8le et la ferme<br \/>\ndu p\u00e8re Lustucru. Tous les deux, ils se disputent tout le temps; Et leurs animaux aussi !<br \/>\n<\/em><em> Les poules caqu\u00e8tent, les canes cancanent, les chats miaulent, les chiens aboient &#8230;<\/em><\/p>\n<p><em>Monsieur Potin, le lapin du champ voisin, r\u00e9ussira t-il \u00e0 ramener la paix ?<\/em><\/p>\n<p><em>R\u00e9ponse en musique et en chansons !<\/em><\/p>\n<p><em>Chansons originales de la compagnie pour toutes petites oreilles !<\/em><\/p>\n<p>&nbsp;<\/p>\n<p>&nbsp;<\/p>\n<p><a href=\"http:\/\/fousfollets.com\/wp-content\/uploads\/2011\/12\/Papier-fourmi-bleue-2018-CFF-t\u00eate-mail-1.jpg\"><img decoding=\"async\" loading=\"lazy\" class=\"alignnone size-large wp-image-1254\" src=\"http:\/\/fousfollets.com\/wp-content\/uploads\/2011\/12\/Papier-fourmi-bleue-2018-CFF-t\u00eate-mail-1-1024x330.jpg\" alt=\"Papier fourmi bleue 2018 CFF t\u00eate mail (1)\" width=\"640\" height=\"206\" srcset=\"https:\/\/fousfollets.com\/wp-content\/uploads\/2011\/12\/Papier-fourmi-bleue-2018-CFF-t\u00eate-mail-1-1024x330.jpg 1024w, https:\/\/fousfollets.com\/wp-content\/uploads\/2011\/12\/Papier-fourmi-bleue-2018-CFF-t\u00eate-mail-1-300x97.jpg 300w\" sizes=\"(max-width: 640px) 100vw, 640px\" \/><\/a><\/p>\n","protected":false},"excerpt":{"rendered":"<p>Au village des p&rsquo;tits potins &#8230; Au village des p&rsquo;tits potins, il y a deux fermes : la ferme de la m\u00e8re Mich\u00e8le et la ferme du p\u00e8re Lustucru. Tous les deux, ils se disputent tout le temps; Et leurs &hellip; <a href=\"https:\/\/fousfollets.com\/?page_id=1104\">Continuer la lecture <span class=\"meta-nav\">&rarr;<\/span><\/a><\/p>\n","protected":false},"author":1,"featured_media":0,"parent":0,"menu_order":0,"comment_status":"closed","ping_status":"closed","template":"","meta":[],"_links":{"self":[{"href":"https:\/\/fousfollets.com\/index.php?rest_route=\/wp\/v2\/pages\/1104"}],"collection":[{"href":"https:\/\/fousfollets.com\/index.php?rest_route=\/wp\/v2\/pages"}],"about":[{"href":"https:\/\/fousfollets.com\/index.php?rest_route=\/wp\/v2\/types\/page"}],"author":[{"embeddable":true,"href":"https:\/\/fousfollets.com\/index.php?rest_route=\/wp\/v2\/users\/1"}],"replies":[{"embeddable":true,"href":"https:\/\/fousfollets.com\/index.php?rest_route=%2Fwp%2Fv2%2Fcomments&post=1104"}],"version-history":[{"count":6,"href":"https:\/\/fousfollets.com\/index.php?rest_route=\/wp\/v2\/pages\/1104\/revisions"}],"predecessor-version":[{"id":1263,"href":"https:\/\/fousfollets.com\/index.php?rest_route=\/wp\/v2\/pages\/1104\/revisions\/1263"}],"wp:attachment":[{"href":"https:\/\/fousfollets.com\/index.php?rest_route=%2Fwp%2Fv2%2Fmedia&parent=1104"}],"curies":[{"name":"wp","href":"https:\/\/api.w.org\/{rel}","templated":true}]}}