{"id":11,"date":"2011-12-16T15:58:13","date_gmt":"2011-12-16T15:58:13","guid":{"rendered":"http:\/\/fousfollets.com\/?page_id=11"},"modified":"2024-11-05T14:55:05","modified_gmt":"2024-11-05T14:55:05","slug":"a-propos","status":"publish","type":"page","link":"https:\/\/fousfollets.com\/?page_id=11","title":{"rendered":"La Compagnie"},"content":{"rendered":"<h6 style=\"text-align: center;\"><audio src=\"http:\/\/fousfollets.com\/wp-content\/uploads\/2011\/12\/dis-moi-coment-c-un-b\u00e9b\u00e9.mp3\" autoplay=\"autoplay\" controls=\"controls\"><\/audio><br \/>\nExtrait<!-- (44 s)-->\u00a0en \u00e9coute :<em><strong>\u00a0\u00ab\u00a0Dis-moi comment c&rsquo;est un b\u00e9b\u00e9\u00a0\u00bb.<br \/>\n<\/strong><\/em>Pour en d\u00e9couvrir aussi le texte : <a href=\"http:\/\/fousfollets.com\/?page_id=42\">cliquez ici !<br \/>\n<\/a>CD\u00a0<a href=\"http:\/\/fousfollets.com\/?page_id=28\">\u00ab\u00a0Dans ma maison\u00a0\u00bb<\/a><a href=\"http:\/\/fousfollets.com\/?page_id=42\"><br \/>\n<\/a><\/h6>\n<h6><span style=\"color: #ffffff;\">.<\/span><\/h6>\n<h1>\u00a0<strong><span style=\"color: #0000ff;\">Spectacles<\/span><\/strong><strong><span style=\"color: #0000ff;\">\u00a0<\/span><\/strong><\/h1>\n<h3><strong><span style=\"color: #0000ff;\"><img decoding=\"async\" loading=\"lazy\" class=\"alignnone  wp-image-359\" src=\"http:\/\/fousfollets.com\/wp-content\/uploads\/2011\/12\/P113088515-225x300.jpg\" alt=\"P1130885[1]\" width=\"220\" height=\"294\" srcset=\"https:\/\/fousfollets.com\/wp-content\/uploads\/2011\/12\/P113088515-225x300.jpg 225w, https:\/\/fousfollets.com\/wp-content\/uploads\/2011\/12\/P113088515-768x1024.jpg 768w, https:\/\/fousfollets.com\/wp-content\/uploads\/2011\/12\/P113088515.jpg 1039w\" sizes=\"(max-width: 220px) 100vw, 220px\" \/><br \/>\n<\/span><\/strong><span style=\"color: #000000;\"><em><strong><a href=\"https:\/\/fousfollets.com\/?page_id=1104\" target=\"_blank\" rel=\"noopener\">Au village des p&rsquo;tits potins<\/a><br \/>\n<\/strong><\/em><\/span><span style=\"color: #000000;\">chansons marionnettes<br \/>\n<a href=\"https:\/\/fousfollets.com\/?page_id=1114\" target=\"_blank\" rel=\"noopener\"><em><strong>1,2,3 &#8230; No\u00ebl dans ma maison<\/strong><\/em><\/a><br \/>\nmusique, chansons, marionnettes<br \/>\n<\/span><em><strong><a href=\"https:\/\/fousfollets.com\/?page_id=829\" target=\"_blank\" rel=\"noopener\">Le village qui avait perdu ses couleurs<\/a><br \/>\n<\/strong><\/em>chansons marionnettes<em><strong><br \/>\n<a href=\"https:\/\/fousfollets.com\/?page_id=267\" target=\"_blank\" rel=\"noopener\">Dans ma maison\u00a0<\/a>\u00a0\u00a0\u00a0\u00a0\u00a0\u00a0\u00a0\u00a0\u00a0\u00a0\u00a0\u00a0\u00a0\u00a0\u00a0\u00a0\u00a0\u00a0\u00a0\u00a0\u00a0\u00a0\u00a0\u00a0\u00a0\u00a0\u00a0\u00a0\u00a0\u00a0\u00a0\u00a0\u00a0\u00a0\u00a0\u00a0\u00a0\u00a0\u00a0\u00a0\u00a0\u00a0\u00a0\u00a0\u00a0\u00a0\u00a0\u00a0\u00a0\u00a0\u00a0\u00a0\u00a0\u00a0\u00a0\u00a0\u00a0\u00a0\u00a0\u00a0\u00a0\u00a0\u00a0\u00a0\u00a0\u00a0\u00a0\u00a0\u00a0\u00a0\u00a0\u00a0\u00a0\u00a0\u00a0\u00a0\u00a0\u00a0\u00a0\u00a0\u00a0\u00a0\u00a0\u00a0\u00a0\u00a0\u00a0\u00a0\u00a0\u00a0\u00a0\u00a0\u00a0\u00a0\u00a0\u00a0\u00a0\u00a0\u00a0\u00a0\u00a0\u00a0\u00a0 <a href=\"http:\/\/fousfollets.com\/wp-content\/uploads\/2011\/12\/P113088515.jpg\">\u00a0<\/a><\/strong><\/em><br \/>\nchansons marionnettes<br \/>\n<em><strong><a href=\"https:\/\/fousfollets.com\/?page_id=264\" target=\"_blank\" rel=\"noopener\">3 p&rsquo;tits tours dans mon jardin\u00a0\u00a0\u00a0<\/a>\u00a0\u00a0\u00a0\u00a0\u00a0\u00a0\u00a0\u00a0\u00a0\u00a0\u00a0\u00a0\u00a0\u00a0\u00a0\u00a0\u00a0\u00a0\u00a0\u00a0\u00a0\u00a0\u00a0\u00a0\u00a0\u00a0\u00a0\u00a0\u00a0\u00a0\u00a0\u00a0\u00a0\u00a0\u00a0\u00a0\u00a0\u00a0\u00a0\u00a0\u00a0\u00a0\u00a0\u00a0\u00a0\u00a0\u00a0\u00a0\u00a0\u00a0\u00a0\u00a0\u00a0\u00a0\u00a0\u00a0\u00a0\u00a0\u00a0\u00a0\u00a0\u00a0\u00a0\u00a0 \u00a0\u00a0 <\/strong><\/em><br \/>\nchansons marionnettes<br \/>\n<em><strong><a href=\"https:\/\/fousfollets.com\/?page_id=269\" target=\"_blank\" rel=\"noopener\">1, 2, 3 m\u00eame pas peur !\u00a0<\/a>\u00a0\u00a0\u00a0\u00a0\u00a0\u00a0\u00a0\u00a0\u00a0\u00a0\u00a0\u00a0\u00a0\u00a0\u00a0\u00a0\u00a0\u00a0\u00a0\u00a0\u00a0\u00a0\u00a0\u00a0\u00a0\u00a0\u00a0\u00a0\u00a0\u00a0\u00a0\u00a0\u00a0\u00a0\u00a0\u00a0\u00a0\u00a0\u00a0\u00a0\u00a0\u00a0\u00a0\u00a0\u00a0\u00a0\u00a0\u00a0\u00a0\u00a0\u00a0\u00a0\u00a0\u00a0\u00a0\u00a0\u00a0\u00a0\u00a0\u00a0\u00a0\u00a0\u00a0\u00a0\u00a0\u00a0\u00a0\u00a0\u00a0 <\/strong><\/em><br \/>\ncontes chansons marionnettes<br \/>\n<em><strong>1, 2, 3 &#8230; Fous Follets !<\/strong><\/em><br \/>\nchansons marionnettes<br \/>\n<em><strong><br \/>\nChansons \u00e0 gogo et \u00e0 tous\u00a0<\/strong><\/em>\u00a0cabaret chansons<br \/>\n<em><strong>Dr\u00f4le de man\u00e8ge<\/strong><\/em>\u00a0 conte musical marionnettes<br \/>\n<em style=\"font-size: 16px;\"><strong>L\u00e2chez les fauves\u00a0<\/strong><\/em><span style=\"font-size: 16px;\">\u00a0 com\u00e9die chansons<br \/>\n<\/span><em style=\"font-size: 16px;\"><strong>Tonino, l&rsquo;enfant prince<\/strong><\/em><span style=\"font-size: 16px;\">\u00a0 conte musical, marionnettes<br \/>\n<\/span><em style=\"font-size: 16px;\"><strong>Tatoune la fourmi &#8211; la rencontre\u00a0<\/strong><\/em><span style=\"font-size: 16px;\">\u00a0 spectacle chansons\u00a0\u00a0\u00a0\u00a0\u00a0\u00a0\u00a0\u00a0\u00a0\u00a0\u00a0\u00a0\u00a0\u00a0\u00a0\u00a0\u00a0\u00a0\u00a0\u00a0\u00a0\u00a0\u00a0\u00a0\u00a0\u00a0\u00a0<\/span><\/h3>\n<h2><strong><span style=\"color: #0000ff;\">Discographie <\/span><\/strong><\/h2>\n<p><em><strong><a href=\"https:\/\/fousfollets.com\/?page_id=1722\" target=\"_blank\" rel=\"noopener\">L&rsquo;Int\u00e9grale des Fous Follets<\/a>\u00a0 <\/strong>Cl\u00e9 USB regroupant tous les titres<br \/>\ndes CD <a href=\"https:\/\/fousfollets.com\/?page_id=28\" target=\"_blank\" rel=\"noopener\"><strong>Dans ma maison<\/strong><\/a> et <strong><a href=\"https:\/\/fousfollets.com\/?page_id=30\" target=\"_blank\" rel=\"noopener\">Dans mon jardin<\/a><\/strong><\/em><\/p>\n<p><em><strong><a href=\"https:\/\/fousfollets.com\/?page_id=28\" target=\"_blank\" rel=\"noopener\">Dans ma maison<\/a><\/strong><\/em>\u00a0 CD chansons s\u00e9lectionn\u00e9 par les fnac juniors<br \/>\n<em><strong><a href=\"https:\/\/fousfollets.com\/?page_id=30\" target=\"_blank\" rel=\"noopener\">Dans mon jardin<\/a> \u00a0<\/strong><\/em>CD chansons sur le th\u00e8me du jardin<br \/>\n<em><strong>Dr\u00f4le de man\u00e8ge\u00a0<\/strong><\/em>\u00a0chansons sur les pays (K7 audio)<\/p>\n<h2><strong><span style=\"color: #0000ff;\">Auteurs &#8211; compositeurs &#8211; interpr\u00e8tes<\/span><\/strong><\/h2>\n<p><strong><a href=\"http:\/\/fousfollets.com\/wp-content\/uploads\/2011\/12\/P11102561.jpg\"><img decoding=\"async\" loading=\"lazy\" class=\"alignleft size-thumbnail wp-image-505\" title=\"P1110256\" src=\"http:\/\/fousfollets.com\/wp-content\/uploads\/2011\/12\/P11102561-150x150.jpg\" alt=\"\" width=\"150\" height=\"150\" \/><\/a><\/strong><\/p>\n<p><strong>. Patricia Steinhoff :\u00a0<\/strong>violoniste, com\u00e9dienne.<br \/>\nElle \u00e9crit et compose pour les\u00a0enfants des contes et des chansons tout droit sortis de leur univers.<br \/>\n<strong>. Jean-Michel Brac :<\/strong>\u00a0 il chante en France et \u00e0 l&rsquo;\u00e9tranger pour<br \/>\nles\u00a0grands (CD) et les petits, jonglant avec ses mots, sa tendresse et son humour.<\/p>\n<h2><strong><span style=\"color: #0000ff;\">Sc\u00e8nes<\/span><\/strong><\/h2>\n<h3><strong>. Repr\u00e9sentations sur Paris, banlieue, province :<br \/>\n<\/strong><strong>. Th\u00e9\u00e2tres :<\/strong> Nesle, Clavel, Tourtour (Paris), La Clef, Estiv&rsquo;enfant (St Germain en \u00a0 \u00a0Laye),\u00a0F\u00eate de la petite enfance (Maisons Laffitte) &#8230;<br \/>\n<strong>. Comit\u00e9s d&rsquo;entreprise :<\/strong> Thomson, Ik\u00e9a, Ville de Paris &#8230;<br \/>\n<strong>. Mairies :<\/strong> Paris, Vitry, Montreuil, Tigery, Sannois, Poissy &#8230;<br \/>\n<strong>. Cr\u00e8ches,<\/strong> haltes garderies,\u00a0relais d&rsquo;assistantes maternelles\u00a0&#8230; h\u00f4pitaux &#8230;<br \/>\n<strong>. Ecoles,<\/strong> biblioth\u00e8ques, centres de loisirs, centres d&rsquo;\u00e9ducation motrice, IME &#8230;<br \/>\n<strong>. Tourn\u00e9es<\/strong> en France et en Allemagne (Touristra, festival de Saarlouis, Bayreuth,\u00a0lyc\u00e9e fran\u00e7ais de Francfort, Bavi\u00e8re &#8230; ) &#8230;<\/h3>\n<h2><strong><span style=\"color: #0000ff;\">Conditions techniques<\/span><\/strong><\/h2>\n<h3><strong>. Espace de jeu : <\/strong>min 6m x 4m. Temps d&rsquo;installation : 1h30 environ.<br \/>\n<strong>. Sonorisation<\/strong> fournie pour \u00e9coles et petites salles.<br \/>\n<strong>. Tarifs<\/strong> en fonction du nombre de s\u00e9ances. Frais de transport hors r\u00e9gion parisienne\u00a0(forfait kilom\u00e9trique), frais h\u00e9bergement si \u00e9loignement important. Nous contacter !<\/h3>\n<h2><strong><span style=\"color: #0000ff;\">Contacts :<\/span><\/strong><\/h2>\n<h3><a href=\"http:\/\/fousfollets.com\/wp-content\/uploads\/2011\/12\/P113089319.jpg\"><img decoding=\"async\" loading=\"lazy\" class=\"alignleft size-thumbnail wp-image-354\" title=\"P1130893[1]\" src=\"http:\/\/fousfollets.com\/wp-content\/uploads\/2011\/12\/P113089319-150x150.jpg\" alt=\"\" width=\"150\" height=\"150\" \/><\/a><\/h3>\n<h3><\/h3>\n<h3><\/h3>\n<h3><\/h3>\n<h3><\/h3>\n<h3><strong>J.M Brac<\/strong>: 06.08.09.74.93<br \/>\n<strong style=\"font-size: 16px;\">P. Steinhoff<\/strong><span style=\"font-size: 16px;\"> : 06.70.25.71.81<\/span><\/h3>\n<h3><strong><span style=\"color: #0000ff;\">ciefousfollets@gmail.com<\/span><\/strong><\/h3>\n<p><a href=\"http:\/\/fousfollets.com\/wp-content\/uploads\/2024\/07\/Papier-fourmi-bleue-2024-CFF-tete-mail-scaled.jpg\" target=\"_blank\" rel=\"noopener\"><img decoding=\"async\" loading=\"lazy\" class=\"alignnone wp-image-1674 size-full\" src=\"http:\/\/fousfollets.com\/wp-content\/uploads\/2024\/07\/Papier-fourmi-bleue-2024-CFF-tete-mail-scaled.jpg\" alt=\"\" width=\"2560\" height=\"816\" srcset=\"https:\/\/fousfollets.com\/wp-content\/uploads\/2024\/07\/Papier-fourmi-bleue-2024-CFF-tete-mail-scaled.jpg 2560w, https:\/\/fousfollets.com\/wp-content\/uploads\/2024\/07\/Papier-fourmi-bleue-2024-CFF-tete-mail-300x96.jpg 300w, https:\/\/fousfollets.com\/wp-content\/uploads\/2024\/07\/Papier-fourmi-bleue-2024-CFF-tete-mail-1024x326.jpg 1024w, https:\/\/fousfollets.com\/wp-content\/uploads\/2024\/07\/Papier-fourmi-bleue-2024-CFF-tete-mail-768x245.jpg 768w, https:\/\/fousfollets.com\/wp-content\/uploads\/2024\/07\/Papier-fourmi-bleue-2024-CFF-tete-mail-1536x489.jpg 1536w, https:\/\/fousfollets.com\/wp-content\/uploads\/2024\/07\/Papier-fourmi-bleue-2024-CFF-tete-mail-2048x653.jpg 2048w\" sizes=\"(max-width: 2560px) 100vw, 2560px\" \/><\/a><\/p>\n<h3><\/h3>\n<h3><\/h3>\n","protected":false},"excerpt":{"rendered":"<p>Extrait\u00a0en \u00e9coute :\u00a0\u00ab\u00a0Dis-moi comment c&rsquo;est un b\u00e9b\u00e9\u00a0\u00bb. Pour en d\u00e9couvrir aussi le texte : cliquez ici ! CD\u00a0\u00ab\u00a0Dans ma maison\u00a0\u00bb . \u00a0Spectacles\u00a0 Au village des p&rsquo;tits potins chansons marionnettes 1,2,3 &#8230; No\u00ebl dans ma maison musique, chansons, marionnettes Le village &hellip; <a href=\"https:\/\/fousfollets.com\/?page_id=11\">Continuer la lecture <span class=\"meta-nav\">&rarr;<\/span><\/a><\/p>\n","protected":false},"author":1,"featured_media":0,"parent":0,"menu_order":0,"comment_status":"closed","ping_status":"closed","template":"","meta":[],"_links":{"self":[{"href":"https:\/\/fousfollets.com\/index.php?rest_route=\/wp\/v2\/pages\/11"}],"collection":[{"href":"https:\/\/fousfollets.com\/index.php?rest_route=\/wp\/v2\/pages"}],"about":[{"href":"https:\/\/fousfollets.com\/index.php?rest_route=\/wp\/v2\/types\/page"}],"author":[{"embeddable":true,"href":"https:\/\/fousfollets.com\/index.php?rest_route=\/wp\/v2\/users\/1"}],"replies":[{"embeddable":true,"href":"https:\/\/fousfollets.com\/index.php?rest_route=%2Fwp%2Fv2%2Fcomments&post=11"}],"version-history":[{"count":107,"href":"https:\/\/fousfollets.com\/index.php?rest_route=\/wp\/v2\/pages\/11\/revisions"}],"predecessor-version":[{"id":1741,"href":"https:\/\/fousfollets.com\/index.php?rest_route=\/wp\/v2\/pages\/11\/revisions\/1741"}],"wp:attachment":[{"href":"https:\/\/fousfollets.com\/index.php?rest_route=%2Fwp%2Fv2%2Fmedia&parent=11"}],"curies":[{"name":"wp","href":"https:\/\/api.w.org\/{rel}","templated":true}]}}