{"id":76,"date":"2011-12-16T17:47:05","date_gmt":"2011-12-16T17:47:05","guid":{"rendered":"http:\/\/fousfollets.com\/?page_id=76"},"modified":"2022-06-28T13:00:03","modified_gmt":"2022-06-28T13:00:03","slug":"11-faut-quca-rime","status":"publish","type":"page","link":"http:\/\/fousfollets.com\/?page_id=76","title":{"rendered":"11 Faut qu&rsquo;\u00e7a rime"},"content":{"rendered":"<p>2 min 46 s<br \/>\n<!--\n\n<h6>Si vous avez activ\u00e9 le son, vous entendez un extrait (50 s) de\u00a0<b>\u00ab\u00a0Faut qu'\u00e7a rime<\/b><b>\u00a0\u00bb<\/b>.\nPour r\u00e9\u00e9couter l\u2019extrait :\u00a0<a href=\"http:\/\/fousfollets.com\/?page_id=76\">cliquez ici !<\/a><\/h6>\n\n--><br \/>\n<audio src=\"http:\/\/fousfollets.com\/wp-content\/uploads\/2011\/12\/faut-quca-rime.mp3\" autoplay=\"autoplay\" controls><\/audio><\/p>\n<p>Foutu bidule que j\u2019ai chop\u00e9<br \/>\nIl fait des bulles dans mes id\u00e9es<br \/>\nUn truc bizarre, p\u2019t\u2019\u00eat\u2019 un virus<br \/>\nQui fout l\u2019bazar, qui fait le gusse.<br \/>\nJ\u2019suis obs\u00e9d\u00e9, tourneboul\u00e9<br \/>\nTout d\u00e9traqu\u00e9, comme poss\u00e9d\u00e9<br \/>\nC\u2019est une envie, un besoin fou<br \/>\nJ\u2019vous en supplie, je suis \u00e0 bout.<br \/>\nJ\u2019ai des p\u2019tites b\u00eates, c\u2019est pas d\u2019la frime<br \/>\nAu fond d\u2019la t\u00eate, moi \u00e7a m\u2019d\u00e9prime<br \/>\nElles font la f\u00eate, me turlupinent<br \/>\nChantent \u00e0 tue-t\u00eate, je perds la rime.<br \/>\nCes cocos-l\u00e0 toute la nuit<br \/>\nFont la nouba, l\u2019charivari<br \/>\nJ\u2019peux plus dormir, j\u2019suis fatigu\u00e9<br \/>\nJ\u2019veux en finir, j\u2019suis lessiv\u00e9.<\/p>\n<p>Et cacahu\u00e8te avec trompette<br \/>\nEt bigoudi avec Paris<br \/>\nEt tire-bouchon avec cochon<br \/>\nEt fromage blanc avec Tarzan.<\/p>\n<p>Essayez donc un peu d\u2019b\u00e2tir<br \/>\nAvec ces mots-l\u00e0 une histoire<br \/>\nC\u2019est vraiment pas le moment d\u2019rire<br \/>\nC\u2019est un v\u00e9ritable cauchemar.<\/p>\n<p>Et tarentule avec bidule<br \/>\nEt rigolo avec m\u00e9tro<br \/>\nEt dinosaure avec tr\u00e9sor<br \/>\nEt ouistiti avec &#8230; pipi\u00a0!<\/p>\n<p>Foutu bidule que j\u2019ai chop\u00e9<br \/>\nIl fait des bulles dans mes id\u00e9es<br \/>\nUn truc bizarre, p\u2019t\u2019\u00eat\u2019 un virus<br \/>\nQui fout l\u2019bazar, qui fait le gusse.<br \/>\nJ\u2019suis obs\u00e9d\u00e9, tourneboul\u00e9<br \/>\nTout d\u00e9traqu\u00e9, comme poss\u00e9d\u00e9<br \/>\nC\u2019est une envie, un besoin fou<br \/>\nJ\u2019vous en supplie, je suis \u00e0 bout.<\/p>\n<p>Et rintintin avec crottin &#8230; il est zinzin<br \/>\nEt beau zorro avec radio &#8230; il est bargeot<br \/>\nEt gros marlou avec coucou &#8230; le pauvre fou<br \/>\nEt puis Lulu avec &#8230; salut\u00a0!<\/p>\n<p>Texte\u00a0: <strong>J-M Brac<\/strong><br \/>\nMusique\u00a0: <strong>J-M Brac \/ P. Pernet<\/strong><\/p>\n<p>&nbsp;<\/p>\n","protected":false},"excerpt":{"rendered":"<p>2 min 46 s Foutu bidule que j\u2019ai chop\u00e9 Il fait des bulles dans mes id\u00e9es Un truc bizarre, p\u2019t\u2019\u00eat\u2019 un virus Qui fout l\u2019bazar, qui fait le gusse. J\u2019suis obs\u00e9d\u00e9, tourneboul\u00e9 Tout d\u00e9traqu\u00e9, comme poss\u00e9d\u00e9 C\u2019est une envie, un &hellip; <a href=\"http:\/\/fousfollets.com\/?page_id=76\">Continuer la lecture <span class=\"meta-nav\">&rarr;<\/span><\/a><\/p>\n","protected":false},"author":1,"featured_media":0,"parent":0,"menu_order":0,"comment_status":"closed","ping_status":"closed","template":"","meta":[],"_links":{"self":[{"href":"http:\/\/fousfollets.com\/index.php?rest_route=\/wp\/v2\/pages\/76"}],"collection":[{"href":"http:\/\/fousfollets.com\/index.php?rest_route=\/wp\/v2\/pages"}],"about":[{"href":"http:\/\/fousfollets.com\/index.php?rest_route=\/wp\/v2\/types\/page"}],"author":[{"embeddable":true,"href":"http:\/\/fousfollets.com\/index.php?rest_route=\/wp\/v2\/users\/1"}],"replies":[{"embeddable":true,"href":"http:\/\/fousfollets.com\/index.php?rest_route=%2Fwp%2Fv2%2Fcomments&post=76"}],"version-history":[{"count":9,"href":"http:\/\/fousfollets.com\/index.php?rest_route=\/wp\/v2\/pages\/76\/revisions"}],"predecessor-version":[{"id":1543,"href":"http:\/\/fousfollets.com\/index.php?rest_route=\/wp\/v2\/pages\/76\/revisions\/1543"}],"wp:attachment":[{"href":"http:\/\/fousfollets.com\/index.php?rest_route=%2Fwp%2Fv2%2Fmedia&parent=76"}],"curies":[{"name":"wp","href":"https:\/\/api.w.org\/{rel}","templated":true}]}}