{"id":735,"date":"2014-01-26T18:52:12","date_gmt":"2014-01-26T18:52:12","guid":{"rendered":"http:\/\/fousfollets.com\/?page_id=735"},"modified":"2024-07-20T13:33:01","modified_gmt":"2024-07-20T13:33:01","slug":"echos-de-spectacles-ils-en-parlent","status":"publish","type":"page","link":"http:\/\/fousfollets.com\/?page_id=735","title":{"rendered":"Echos de spectacles"},"content":{"rendered":"<h6 style=\"text-align: center; padding-left: 30px;\"><audio class=\"gl_quoted\" src=\"http:\/\/fousfollets.com\/wp-content\/uploads\/2011\/12\/loup.mp3\" autoplay=\"autoplay\" controls=\"controls\"><\/audio><br \/>\nExtrait en \u00e9coute :<strong> \u00ab Tamdibi &#8230; Loup ! \u00bb<\/strong><i>.<br \/>\n<\/i>Pour en d\u00e9couvrir aussi le texte :\u00a0<a href=\"http:\/\/fousfollets.com\/?page_id=60\">cliquez ici !<br \/>\n<\/a>CD <a href=\"http:\/\/fousfollets.com\/?page_id=28\">\u00ab\u00a0Dans ma maison\u00a0\u00bb<\/a><\/h6>\n<h1 style=\"text-align: center;\"><strong><span style=\"color: #800080; text-decoration: underline;\">Ils en parlent !<\/span><\/strong><\/h1>\n<div>\n<h2><em><strong><span style=\"color: #800080;\">Pour la dixi\u00e8me ann\u00e9e cons\u00e9cutive, la Cie des Fous Follets a conquis les petits (et leurs parents) avec leur nouveau spectacle mariant comme chaque fois avec bonheur chansons, jeu et marionnettes !<\/span><\/strong><\/em><\/h2>\n<h2><em><strong><span style=\"color: #000080;\">\u00a010 Arbres de No\u00ebl, 10 spectacles diff\u00e9rents !\u00a0<\/span><\/strong><\/em><\/h2>\n<h2><em><strong><span style=\"color: #000080;\">A l\u2019ann\u00e9e prochaine\u00a0!<\/span><\/strong><\/em><\/h2>\n<h3><span style=\"color: #0000ff;\">Directeur Coll\u00e8ge St Germain-en-Laye Arbre de No\u00ebl du personnel<\/span><br \/>\n<span style=\"color: #0000ff;\">D\u00e9cembre 2022<\/span><\/h3>\n<div class=\"gl_quoted\">\n<h2><\/h2>\n<h2><strong><em><span style=\"color: #000080;\">Un beau spectacle et des com\u00e9diens-musiciens formidables.<\/span><\/em><\/strong><br \/>\n<strong><em><span style=\"color: #000080;\">Les enfants ont beaucoup appr\u00e9ci\u00e9 de voir des \u00ab vrais musiciens dynamiques et des marionnettes amusantes.<\/span><\/em><\/strong><br \/>\n<strong><em><span style=\"color: #000080;\">Tr\u00e8s belle histoire adapt\u00e9e \u00e0 tous les \u00e2ges .<\/span><\/em><\/strong><\/h2>\n<h2><strong><em><span style=\"color: #000080;\">Un moment magique pour attendre No\u00ebl!<\/span><\/em><\/strong><\/h2>\n<h2><strong><em><span style=\"color: #000080;\">Merci \u00e0 la troupe des Fous Follets !<\/span><\/em><\/strong><\/h2>\n<p><span style=\"color: #000080;\">Directrice de la maternelle Fourqueux (Yvelines) d\u00e9cembre 2018<\/span><\/p>\n<\/div>\n<div class=\"gl_quoted\"><span style=\"color: #000080;\">\u00a0<\/span><\/div>\n<\/div>\n<h2><em><strong><span style=\"color: #000080;\">Mille mercis pour ce spectacle de No\u00ebl qui a ravi des plus petits aux plus grands en attendant le p\u00e8re No\u00ebl.<\/span><\/strong><\/em><\/h2>\n<h2><em><strong><span style=\"color: #000080;\">Belle compl\u00e9mentarit\u00e9 des artistes et un bel univers onirique.<\/span><\/strong><\/em><\/h2>\n<h2><em><strong><span style=\"color: #000080;\">A voir et \u00e0 revoir.<\/span><\/strong><\/em><\/h2>\n<h3><span style=\"color: #0000ff;\">L&rsquo;\u00e9quipe du CE de l&rsquo;\u00e9cole Saint Erembert \u00e0 Saint Germain en Laye d\u00e9cembre 2016<\/span><\/h3>\n<h2 style=\"text-align: left;\"><\/h2>\n<h2 style=\"text-align: left;\"><em><span style=\"color: #000000;\"><strong><span style=\"color: #000080;\">Avec leur spectacle tr\u00e8s musical,<\/span> <span style=\"color: #0000ff;\">les fous follets\u00a0<\/span><span style=\"color: #003366;\">ont su captiver et enthousiasmer aussi bien les petits que les grands pour notre Arbre de No\u00ebl r\u00e9unissant les enfants polyhandicap\u00e9s et leurs familles d\u2019accueil. <\/span><\/strong><\/span><\/em><\/h2>\n<h2 style=\"text-align: left;\"><em><span style=\"color: #000000;\"><strong><span style=\"color: #003366;\">Un r\u00e9gal\u00a0!<\/span><\/strong><\/span><\/em><\/h2>\n<h3><span style=\"color: #333399;\">Equipe de l\u2019Etablissement Le Carroussel \u00e0 St Maurice<br \/>\n<\/span><\/h3>\n<h2><em><strong><span style=\"color: #000080;\">Un grand merci \u00e0 la compagnie des<\/span> <span style=\"color: #0000ff;\">\u00ab\u00a0Fous Follets\u00a0\u00bb<\/span> <span style=\"color: #000080;\">pour leur sympathique prestation au cours du No\u00ebl des Cr\u00e8ches 2013 de la ville de Poissy. Avec leur r\u00e9pertoire vari\u00e9, ils ont captiv\u00e9 le public, aussi bien les tr\u00e8s jeunes enfants que les adultes. <\/span><\/strong><\/em><\/h2>\n<h2><em><strong><span style=\"color: #000080;\">Merci encore! <\/span><\/strong><\/em><\/h2>\n<h2><em><strong><span style=\"color: #000080;\">Nous ne manquerons pas de\u00a0refaire appel \u00e0\u00a0vous.<\/span><\/strong><\/em><\/h2>\n<p><span style=\"color: #000080;\">Responsable Animation Cr\u00e8ches D\u00e9cembre 2013\u00a0<\/span><\/p>\n<h1><\/h1>\n<h1><strong><span style=\"text-decoration: underline;\"><span style=\"color: #ff00ff; text-decoration: underline;\">EN VRAC !<\/span><\/span><\/strong><\/h1>\n<h2><strong><em><span style=\"color: #000080;\">Cette ann\u00e9e encore, vous avez fait la joie et le bonheur des enfants de l&rsquo;\u00e9tablissement.<\/span><\/em><\/strong><br \/>\n<strong><em><span style=\"color: #000080;\">Leur participation au spectacle et leurs applaudissements \u00a0valent bien des discours !<\/span><\/em><\/strong><\/h2>\n<h2><strong><em><span style=\"color: #000080;\">Merci et \u00e0 bient\u00f4t.<\/span><\/em><\/strong><\/h2>\n<p><span style=\"color: #000080;\">Foyer Pauline Roland\u00a0<\/span><\/p>\n<h2><em><strong><span style=\"color: #000080;\">Spectacle musical \u00a0entra\u00eenant.<\/span><\/strong><\/em><br \/>\n<em><strong><span style=\"color: #000080;\">Les enfants ont beaucoup particip\u00e9, m\u00eame les<br \/>\ntout petits.<\/span><\/strong><\/em><\/h2>\n<p><span style=\"color: #000080;\">Ecole Dussoubs<br \/>\n<\/span><\/p>\n<h2><em><strong><span style=\"color: #000080;\">Longue vie \u00e0 ce spectacle qui ravit grands et petits&#8230;<\/span><\/strong><\/em><\/h2>\n<p><span style=\"color: #000080;\">L&rsquo;atelier des enfants (halte garderie)<\/span><\/p>\n<h2><em><strong><span style=\"color: #000080;\">Un grand merci musical.<\/span><\/strong><\/em><br \/>\n<em><strong><span style=\"color: #000080;\">Petits et grands vous f\u00e9licitent pour ce spectacle merveilleux.<\/span><\/strong><\/em><br \/>\n<em><strong><span style=\"color: #000080;\">Bisous au \u00ab\u00a0b\u00e9b\u00e9\u00a0\u00bb!<\/span><\/strong><\/em><\/h2>\n<p><span style=\"color: #000080;\">CE Thompson Bagneux \u00a0<\/span><\/p>\n<h2><em><strong><span style=\"color: #000080;\">Merci pour ce spectacle qu&rsquo;ont aim\u00e9 grands et petits.<\/span><\/strong><\/em><br \/>\n<em><strong><span style=\"color: #000080;\">Continuez \u00e0 nous faire chanter et danser.<\/span><\/strong><\/em><\/h2>\n<p><span style=\"color: #000080;\">Cr\u00e8che familiale, PMI Enfance et Famille<\/span><\/p>\n<h2><em><strong><span style=\"color: #000080;\">Ce spectacle \u00e9tait tr\u00e8s int\u00e9ressant, les enfants des cr\u00e8ches et les assistantes maternelles ont bien aim\u00e9; ils ont particip\u00e9 et appr\u00e9ci\u00e9 vos chansons dynamiques et impertinentes !<\/span><\/strong><\/em><\/h2>\n<h2><em><strong><span style=\"color: #000080;\">Merci.<\/span><\/strong><\/em><\/h2>\n<p><span style=\"color: #000080;\">Centre de loisirs \u00a0\u00bb la lubie\u00a0\u00bb<\/span><\/p>\n<h2><span style=\"color: #000080;\"><br \/>\n<\/span><em><strong><span style=\"color: #000080;\">Spectacle tr\u00e8s sympathique, tendre et dr\u00f4le&#8230;\u00a0<\/span><\/strong><\/em><br \/>\n<em><strong><span style=\"color: #000080;\">A nous revoir.<\/span><\/strong><\/em><\/h2>\n<p><img decoding=\"async\" loading=\"lazy\" class=\"alignnone  wp-image-1128\" src=\"http:\/\/fousfollets.com\/wp-content\/uploads\/2016\/12\/IMG_0751-2-1024x859.jpg\" alt=\"img_0751-2\" width=\"221\" height=\"185\" srcset=\"http:\/\/fousfollets.com\/wp-content\/uploads\/2016\/12\/IMG_0751-2-1024x859.jpg 1024w, http:\/\/fousfollets.com\/wp-content\/uploads\/2016\/12\/IMG_0751-2-300x252.jpg 300w, http:\/\/fousfollets.com\/wp-content\/uploads\/2016\/12\/IMG_0751-2.jpg 1505w\" sizes=\"(max-width: 221px) 100vw, 221px\" \/><\/p>\n<p><span style=\"color: #000080;\">\u00a0<\/span><strong><span style=\"color: #0000ff;\">Contacts :<\/span><\/strong><\/p>\n<h3><strong>J.M Brac<\/strong>: 06.08.09.74.93<br \/>\n<strong>P. Steinhoff<\/strong>\u00a0: 06.70.25.71.81<br \/>\n<strong><span style=\"color: #0000ff;\">ciefousfollets@gmail.com<\/span><\/strong><\/h3>\n<p><a href=\"http:\/\/fousfollets.com\/wp-content\/uploads\/2024\/07\/Papier-fourmi-bleue-2024-CFF-tete-mail-scaled.jpg\" target=\"_blank\" rel=\"noopener\"><img decoding=\"async\" loading=\"lazy\" class=\"alignnone wp-image-1674 size-full\" src=\"http:\/\/fousfollets.com\/wp-content\/uploads\/2024\/07\/Papier-fourmi-bleue-2024-CFF-tete-mail-scaled.jpg\" alt=\"\" width=\"2560\" height=\"816\" srcset=\"http:\/\/fousfollets.com\/wp-content\/uploads\/2024\/07\/Papier-fourmi-bleue-2024-CFF-tete-mail-scaled.jpg 2560w, http:\/\/fousfollets.com\/wp-content\/uploads\/2024\/07\/Papier-fourmi-bleue-2024-CFF-tete-mail-300x96.jpg 300w, http:\/\/fousfollets.com\/wp-content\/uploads\/2024\/07\/Papier-fourmi-bleue-2024-CFF-tete-mail-1024x326.jpg 1024w, http:\/\/fousfollets.com\/wp-content\/uploads\/2024\/07\/Papier-fourmi-bleue-2024-CFF-tete-mail-768x245.jpg 768w, http:\/\/fousfollets.com\/wp-content\/uploads\/2024\/07\/Papier-fourmi-bleue-2024-CFF-tete-mail-1536x489.jpg 1536w, http:\/\/fousfollets.com\/wp-content\/uploads\/2024\/07\/Papier-fourmi-bleue-2024-CFF-tete-mail-2048x653.jpg 2048w\" sizes=\"(max-width: 2560px) 100vw, 2560px\" \/><\/a><\/p>\n","protected":false},"excerpt":{"rendered":"<p>Extrait en \u00e9coute : \u00ab Tamdibi &#8230; Loup ! \u00bb. Pour en d\u00e9couvrir aussi le texte :\u00a0cliquez ici ! CD \u00ab\u00a0Dans ma maison\u00a0\u00bb Ils en parlent ! Pour la dixi\u00e8me ann\u00e9e cons\u00e9cutive, la Cie des Fous Follets a conquis les &hellip; <a href=\"http:\/\/fousfollets.com\/?page_id=735\">Continuer la lecture <span class=\"meta-nav\">&rarr;<\/span><\/a><\/p>\n","protected":false},"author":1,"featured_media":0,"parent":0,"menu_order":0,"comment_status":"closed","ping_status":"closed","template":"","meta":[],"_links":{"self":[{"href":"http:\/\/fousfollets.com\/index.php?rest_route=\/wp\/v2\/pages\/735"}],"collection":[{"href":"http:\/\/fousfollets.com\/index.php?rest_route=\/wp\/v2\/pages"}],"about":[{"href":"http:\/\/fousfollets.com\/index.php?rest_route=\/wp\/v2\/types\/page"}],"author":[{"embeddable":true,"href":"http:\/\/fousfollets.com\/index.php?rest_route=\/wp\/v2\/users\/1"}],"replies":[{"embeddable":true,"href":"http:\/\/fousfollets.com\/index.php?rest_route=%2Fwp%2Fv2%2Fcomments&post=735"}],"version-history":[{"count":86,"href":"http:\/\/fousfollets.com\/index.php?rest_route=\/wp\/v2\/pages\/735\/revisions"}],"predecessor-version":[{"id":1687,"href":"http:\/\/fousfollets.com\/index.php?rest_route=\/wp\/v2\/pages\/735\/revisions\/1687"}],"wp:attachment":[{"href":"http:\/\/fousfollets.com\/index.php?rest_route=%2Fwp%2Fv2%2Fmedia&parent=735"}],"curies":[{"name":"wp","href":"https:\/\/api.w.org\/{rel}","templated":true}]}}