{"id":598,"date":"2012-07-17T15:33:59","date_gmt":"2012-07-17T15:33:59","guid":{"rendered":"http:\/\/fousfollets.com\/?page_id=598"},"modified":"2024-07-20T13:31:54","modified_gmt":"2024-07-20T13:31:54","slug":"presse","status":"publish","type":"page","link":"http:\/\/fousfollets.com\/?page_id=598","title":{"rendered":"Presse spectacles"},"content":{"rendered":"<h6 style=\"text-align: center; padding-left: 30px;\"><audio src=\"http:\/\/fousfollets.com\/wp-content\/uploads\/2011\/12\/dans-ma-maison.mp3\" autoplay=\"autoplay\" controls=\"controls\"><\/audio><br \/>\nExtrait en \u00e9coute :<strong> \u00ab Dans ma maison \u00bb<\/strong><i>.<\/i><br \/>\nPour en d\u00e9couvrir aussi le texte :\u00a0<a href=\"http:\/\/fousfollets.com\/?page_id=48\">cliquez ici !<br \/>\n<\/a>CD <a href=\"http:\/\/fousfollets.com\/?page_id=28\">\u00ab\u00a0Dans ma maison\u00a0\u00bb<\/a><\/h6>\n<h3 style=\"text-align: justify;\"><\/h3>\n<h1 style=\"text-align: center;\"><strong><span style=\"text-decoration: underline;\"><span style=\"color: #0000ff; text-decoration: underline;\">Ils l&rsquo;ont dit !<\/span><\/span><\/strong><\/h1>\n<h3 style=\"text-align: center;\"><\/h3>\n<p><em><strong><span style=\"color: #0000ff;\"><span style=\"color: #000000;\">La Compagnie des fous follets\u00a0<\/span><\/span><\/strong><\/em><em>a \u00e9t\u00e9 cr\u00e9\u00e9e par les auteurs-compositeurs-interpr\u00e8tes <span style=\"color: #000000;\"><strong>Patricia Steinhoff<\/strong><\/span> (violoniste, professeur de musique), qui \u00e9crit et compose pour les enfants des contes et des chansons, et\u00a0 <span style=\"color: #000000;\"><strong>Jean-Michel Brac<\/strong><\/span> qui chante en France et \u00e0 l\u2019\u00e9tranger pour les grands \u2026 et les petits, jonglant avec ses mots, sa tendresse et son humour.<\/em><\/p>\n<p><em> Dans le cadre du <strong>Printemps des po\u00e8tes 2012 <\/strong>\u00e0 \u00ab\u00a0La Clef\u00a0\u00bb (Saint Germain-en-Laye), les Fous Follets nous ont interpr\u00e9t\u00e9 leur com\u00e9die-chansons <strong><span style=\"color: #000080;\">\u00ab\u00a0Dans ma maison\u00a0\u00bb<\/span><\/strong> avec leurs chansons originales qui racontent les histoires des enfants qui grandissent : les parents, les copains, l\u2019\u00e9cole, les \u00e9clats de rire, les coups de col\u00e8re, les r\u00eaves, les b\u00eatises &#8230;<\/em><\/p>\n<p><em> Au cours de deux repr\u00e9sentations encha\u00een\u00e9es (centre de loisirs puis tout public) ils ont su captiver et faire participer leur jeune public en passant de la berceuse au blues, du rock au rap, de la biguine au folk.<\/em><\/p>\n<p><em> Leur CD \u00ab\u00a0Dans ma maison\u00a0\u00bb reprend toutes les chansons du spectacle.<\/em><\/p>\n<h4 style=\"text-align: justify;\"><strong><span style=\"color: #0000ff;\">Mathilde MENARD -Charg\u00e9e de la Jeunesse- Direction de la Jeunesse et des Sports Ville de Saint-Germain-en-Laye<\/span><\/strong><\/h4>\n<h4><\/h4>\n<h3 style=\"text-align: justify;\"><em><span style=\"color: #000080;\">\u00a0<\/span><\/em><\/h3>\n<h3 style=\"text-align: justify;\"><em><span style=\"color: #000080;\">1,2,3 &#8230; FOUS FOLLETS !<br \/>\n<\/span><\/em><em>Des chansons farfelues qui font bouger les enfants ?<br \/>\n<\/em><em style=\"font-size: 16px;\">De quoi finir son week end en swingant ! Tous les genres musicaux y passent :<br \/>\n<\/em><em style=\"font-size: 16px;\">du blues, du rap, du rock !<\/em><\/h3>\n<h4 style=\"text-align: justify;\"><strong><span style=\"color: #0000ff;\">Citizenkid.paris\u00a0<\/span><\/strong><\/h4>\n<h3><span style=\"color: #000000;\"><em>Des chansons illustr\u00e9es de marionnettes, c&rsquo;est toujours irr\u00e9sistible;<br \/>\nLes marionnettes\u00a0<\/em><em>ont\u00a0l&rsquo;art d&rsquo;accentuer les rythmes pour les rendre<br \/>\nagr\u00e9ables\u00a0\u00e0 l&rsquo;oeil&#8230;<\/em><\/span><\/h3>\n<h4><strong><span style=\"color: #0000ff;\">T\u00e9l\u00e9rama \u00a0H. Bichonnier\u00a0<\/span><\/strong><\/h4>\n<h3><em>&#8230; Et bien croyez-moi, les petits ne seront pas les seuls \u00e0 aimer ! Vous aussi, parents, aurez tous envie de taper dans les mains, de battre la mesure, serez \u00e9mus par des chants tout doux, amus\u00e9s par des histoires rigolotes et appr\u00e9cierez la fantaisie ambiante dispens\u00e9e par les Fous Follets (&#8230;) Alors, faites-vous plaisir &#8230;<\/em><\/h3>\n<h3>&#8230; Sortez avec vos enfants !<\/h3>\n<h4><strong><span style=\"color: #0000ff;\">Paris boum boum\u00a0<\/span><\/strong><\/h4>\n<h3><em>Chanteurs comiques, manipulateurs de marionnettes, ces trois-l\u00e0 sont particuli\u00e8rement bons dans la parodie de chansons pour enfants. On se r\u00e9gale lorsqu&rsquo;ils se laissent aller au d\u00e9lire avec\u00a0b\u00e9b\u00e9\u00a0ou\u00a0les camemberts attaquent\u00a0&#8230;<\/em><\/h3>\n<h4><strong><span style=\"color: #0000ff;\">T\u00e9l\u00e9rama H. Bichonnier\u00a0<\/span><\/strong><\/h4>\n<h3><em>Les fous chantants s&rsquo;en donnent \u00e0 coeur joie pour raconter leurs aventures<br \/>\npeu ordinaires.<\/em><\/h3>\n<h5>\u00a0<strong style=\"font-size: 1.2em; line-height: 1.5em;\"><span style=\"color: #0000ff;\">Le monde de l&rsquo;\u00e9ducation\u00a0<\/span><\/strong><\/h5>\n<h3><em>Tatoune la Fourmi en a assez de son petit train-train quotidien. Elle r\u00eave de devenir \u00ab\u00a0artiste\u00a0\u00bb et peut-\u00eatre m\u00eame cigale ! Mais ce n&rsquo;est pas si facile de changer de peau. Sa rencontre avec Firmin, le bon gros ours un brin farceur va bouleverser sa vie ! Un spectacle r\u00e9solument tendre et joyeux.<\/em><\/h3>\n<h5>\u00a0<strong style=\"font-size: 1.2em; line-height: 1.5em;\"><span style=\"color: #0000ff;\">Paris capitale\u00a0<\/span><\/strong><\/h5>\n<h3><\/h3>\n<h3><em>La fourmi en ayant marre d&rsquo;\u00eatre fourmi se met \u00e0 chanter parce qu&rsquo;elle veut devenir cigale. Avec son comp\u00e8re l&rsquo;ours et des tas de petites marionnettes, cette animation musicale et burlesque ne manque pas de charme.<\/em><\/h3>\n<h4><strong><span style=\"color: #0000ff;\">T\u00e9l\u00e9rama H. Bichonnier\u00a0<\/span><\/strong><\/h4>\n<h3><em>Musiques \u00e9vocatrices, paroles aimables et dr\u00f4les pour vous emporter<br \/>\net vous faire danser !<\/em><\/h3>\n<h4><strong><span style=\"color: #0000ff;\">L&rsquo;\u00e9cole des parents\u00a0<\/span><\/strong><\/h4>\n<h2><strong><span style=\"color: #333399;\">\u00a0Contacts :<\/span><\/strong><\/h2>\n<p><img decoding=\"async\" loading=\"lazy\" class=\"alignnone  wp-image-929\" src=\"http:\/\/fousfollets.com\/wp-content\/uploads\/2011\/12\/pat-jm-150x150.jpg\" alt=\"pat, jm\" width=\"169\" height=\"169\" \/><br \/>\n<strong>J.M Brac<\/strong>: 06.08.09.74.93<br \/>\n<strong>P. Steinhoff<\/strong>\u00a0: 06.70.25.71.81<br \/>\n<strong><span style=\"color: #0000ff;\">ciefousfollets@gmail.com<\/span><\/strong><\/p>\n<p><a href=\"http:\/\/fousfollets.com\/wp-content\/uploads\/2024\/07\/Papier-fourmi-bleue-2024-CFF-tete-mail-scaled.jpg\" target=\"_blank\" rel=\"noopener\"><img decoding=\"async\" loading=\"lazy\" class=\"alignnone wp-image-1674 size-full\" src=\"http:\/\/fousfollets.com\/wp-content\/uploads\/2024\/07\/Papier-fourmi-bleue-2024-CFF-tete-mail-scaled.jpg\" alt=\"\" width=\"2560\" height=\"816\" srcset=\"http:\/\/fousfollets.com\/wp-content\/uploads\/2024\/07\/Papier-fourmi-bleue-2024-CFF-tete-mail-scaled.jpg 2560w, http:\/\/fousfollets.com\/wp-content\/uploads\/2024\/07\/Papier-fourmi-bleue-2024-CFF-tete-mail-300x96.jpg 300w, http:\/\/fousfollets.com\/wp-content\/uploads\/2024\/07\/Papier-fourmi-bleue-2024-CFF-tete-mail-1024x326.jpg 1024w, http:\/\/fousfollets.com\/wp-content\/uploads\/2024\/07\/Papier-fourmi-bleue-2024-CFF-tete-mail-768x245.jpg 768w, http:\/\/fousfollets.com\/wp-content\/uploads\/2024\/07\/Papier-fourmi-bleue-2024-CFF-tete-mail-1536x489.jpg 1536w, http:\/\/fousfollets.com\/wp-content\/uploads\/2024\/07\/Papier-fourmi-bleue-2024-CFF-tete-mail-2048x653.jpg 2048w\" sizes=\"(max-width: 2560px) 100vw, 2560px\" \/><\/a><\/p>\n<div><\/div>\n<div><\/div>\n<div><\/div>\n","protected":false},"excerpt":{"rendered":"<p>Extrait en \u00e9coute : \u00ab Dans ma maison \u00bb. Pour en d\u00e9couvrir aussi le texte :\u00a0cliquez ici ! CD \u00ab\u00a0Dans ma maison\u00a0\u00bb Ils l&rsquo;ont dit ! La Compagnie des fous follets\u00a0a \u00e9t\u00e9 cr\u00e9\u00e9e par les auteurs-compositeurs-interpr\u00e8tes Patricia Steinhoff (violoniste, professeur &hellip; <a href=\"http:\/\/fousfollets.com\/?page_id=598\">Continuer la lecture <span class=\"meta-nav\">&rarr;<\/span><\/a><\/p>\n","protected":false},"author":1,"featured_media":0,"parent":0,"menu_order":0,"comment_status":"closed","ping_status":"closed","template":"","meta":[],"_links":{"self":[{"href":"http:\/\/fousfollets.com\/index.php?rest_route=\/wp\/v2\/pages\/598"}],"collection":[{"href":"http:\/\/fousfollets.com\/index.php?rest_route=\/wp\/v2\/pages"}],"about":[{"href":"http:\/\/fousfollets.com\/index.php?rest_route=\/wp\/v2\/types\/page"}],"author":[{"embeddable":true,"href":"http:\/\/fousfollets.com\/index.php?rest_route=\/wp\/v2\/users\/1"}],"replies":[{"embeddable":true,"href":"http:\/\/fousfollets.com\/index.php?rest_route=%2Fwp%2Fv2%2Fcomments&post=598"}],"version-history":[{"count":57,"href":"http:\/\/fousfollets.com\/index.php?rest_route=\/wp\/v2\/pages\/598\/revisions"}],"predecessor-version":[{"id":1686,"href":"http:\/\/fousfollets.com\/index.php?rest_route=\/wp\/v2\/pages\/598\/revisions\/1686"}],"wp:attachment":[{"href":"http:\/\/fousfollets.com\/index.php?rest_route=%2Fwp%2Fv2%2Fmedia&parent=598"}],"curies":[{"name":"wp","href":"https:\/\/api.w.org\/{rel}","templated":true}]}}