{"id":308,"date":"2012-02-20T14:07:30","date_gmt":"2012-02-20T14:07:30","guid":{"rendered":"http:\/\/fousfollets.com\/?page_id=308"},"modified":"2024-07-20T13:29:27","modified_gmt":"2024-07-20T13:29:27","slug":"photos","status":"publish","type":"page","link":"http:\/\/fousfollets.com\/?page_id=308","title":{"rendered":"Photos"},"content":{"rendered":"<h6 style=\"text-align: center;\"><audio src=\"http:\/\/fousfollets.com\/wp-content\/uploads\/2011\/12\/ils-en-veulent-a-mon-jardin.mp3\" autoplay=\"autoplay\" controls=\"controls\"><\/audio><br \/>\nExtrait en \u00e9coute :<strong><em><strong>\u00a0\u00ab Ils en veulent \u00e0 mon jardin\u00bb<\/strong>.<br \/>\n<\/em><\/strong>Pour en d\u00e9couvrir aussi le texte :\u00a0<a href=\"http:\/\/fousfollets.com\/?page_id=208\">cliquez ici !<\/a><strong><a href=\"http:\/\/fousfollets.com\/?page_id=208\"><br \/>\n<\/a><\/strong>CD <a href=\"http:\/\/fousfollets.com\/?page_id=30\">\u00ab\u00a0Dans mon jardin\u00a0\u00bb<\/a><\/h6>\n<h4><strong><a href=\"http:\/\/fousfollets.com\/wp-content\/uploads\/2012\/02\/P111023913.jpg\"><img decoding=\"async\" loading=\"lazy\" class=\"alignleft size-medium wp-image-536\" title=\"P1110239\" src=\"http:\/\/fousfollets.com\/wp-content\/uploads\/2012\/02\/P111023913-300x169.jpg\" alt=\"\" width=\"300\" height=\"169\" srcset=\"http:\/\/fousfollets.com\/wp-content\/uploads\/2012\/02\/P111023913-300x169.jpg 300w, http:\/\/fousfollets.com\/wp-content\/uploads\/2012\/02\/P111023913-1024x577.jpg 1024w\" sizes=\"(max-width: 300px) 100vw, 300px\" \/><\/a>Patricia :<br \/>\n<\/strong>Aime (se) raconter des histoires<br \/>\nLivre pr\u00e9f\u00e9r\u00e9 : les contes de la rue Broca<br \/>\nBonbons pr\u00e9f\u00e9r\u00e9s : les boules de coco<br \/>\n<strong>Jean-Michel :<\/strong><br \/>\nAime pousser la chansonnette<br \/>\nHistoire pr\u00e9f\u00e9r\u00e9e : Peter Pan<br \/>\nH\u00e9ros pr\u00e9f\u00e9r\u00e9 : Baloo, du livre de la jungle<\/h4>\n<p><a href=\"http:\/\/fousfollets.com\/wp-content\/uploads\/2012\/02\/jm-guitare-site-jpeg.jpg\"><img decoding=\"async\" loading=\"lazy\" class=\"alignnone size-thumbnail wp-image-915\" title=\"jm guitare site jpeg\" src=\"http:\/\/fousfollets.com\/wp-content\/uploads\/2012\/02\/jm-guitare-site-jpeg-150x150.jpg\" alt=\"\" width=\"150\" height=\"150\" \/><\/a>\u00a0\u00a0<a href=\"http:\/\/fousfollets.com\/wp-content\/uploads\/2012\/02\/pat-violon-site-jpeg.jpg\"><img decoding=\"async\" loading=\"lazy\" class=\"alignnone size-thumbnail wp-image-914\" title=\"pat violon site jpeg\" src=\"http:\/\/fousfollets.com\/wp-content\/uploads\/2012\/02\/pat-violon-site-jpeg-150x150.jpg\" alt=\"\" width=\"150\" height=\"150\" \/><\/a>\u00a0\u00a0<a href=\"http:\/\/fousfollets.com\/wp-content\/uploads\/2012\/02\/P11309162.jpg\"><img decoding=\"async\" loading=\"lazy\" title=\"P1130916[2]\" src=\"http:\/\/fousfollets.com\/wp-content\/uploads\/2012\/02\/P11309162-150x150.jpg\" alt=\"\" width=\"150\" height=\"150\" \/><\/a><\/p>\n<p><a style=\"font-size: 1.2em; line-height: 1.5em;\" href=\"http:\/\/fousfollets.com\/wp-content\/uploads\/2012\/02\/P11102054.jpg\"><img decoding=\"async\" loading=\"lazy\" class=\"alignnone size-medium wp-image-488\" title=\"P1110205\" src=\"http:\/\/fousfollets.com\/wp-content\/uploads\/2012\/02\/P11102054-e1330788473463-300x225.jpg\" alt=\"\" width=\"300\" height=\"225\" srcset=\"http:\/\/fousfollets.com\/wp-content\/uploads\/2012\/02\/P11102054-e1330788473463-300x225.jpg 300w, http:\/\/fousfollets.com\/wp-content\/uploads\/2012\/02\/P11102054-e1330788473463-1024x768.jpg 1024w\" sizes=\"(max-width: 300px) 100vw, 300px\" \/><\/a><span style=\"color: #000000; font-size: 1.2em; line-height: 1.5em;\">\u00a0\u00a0<\/span><a style=\"font-size: 1.2em; line-height: 1.5em;\" href=\"http:\/\/fousfollets.com\/wp-content\/uploads\/2012\/02\/P11102217.jpg\"><img decoding=\"async\" loading=\"lazy\" class=\"alignnone size-medium wp-image-489\" title=\"P1110221\" src=\"http:\/\/fousfollets.com\/wp-content\/uploads\/2012\/02\/P11102217-300x225.jpg\" alt=\"\" width=\"300\" height=\"225\" srcset=\"http:\/\/fousfollets.com\/wp-content\/uploads\/2012\/02\/P11102217-300x225.jpg 300w, http:\/\/fousfollets.com\/wp-content\/uploads\/2012\/02\/P11102217-1024x768.jpg 1024w\" sizes=\"(max-width: 300px) 100vw, 300px\" \/><\/a><\/p>\n<p><span style=\"color: #000000; font-size: 1.2em; line-height: 1.5em;\"><a href=\"http:\/\/fousfollets.com\/wp-content\/uploads\/2012\/02\/pat-mr-Balai-site-jpeg.jpg\"><img decoding=\"async\" loading=\"lazy\" title=\"pat mr Balai site jpeg\" src=\"http:\/\/fousfollets.com\/wp-content\/uploads\/2012\/02\/pat-mr-Balai-site-jpeg-300x291.jpg\" alt=\"\" width=\"300\" height=\"291\" \/><\/a>\u00a0\u00a0\u00a0\u00a0\u00a0<a href=\"http:\/\/fousfollets.com\/wp-content\/uploads\/2012\/02\/IMG_4461.jpg\"><img decoding=\"async\" loading=\"lazy\" class=\"alignnone size-medium wp-image-1159\" src=\"http:\/\/fousfollets.com\/wp-content\/uploads\/2012\/02\/IMG_4461-300x295.jpg\" alt=\"img_4461\" width=\"300\" height=\"295\" srcset=\"http:\/\/fousfollets.com\/wp-content\/uploads\/2012\/02\/IMG_4461-300x295.jpg 300w, http:\/\/fousfollets.com\/wp-content\/uploads\/2012\/02\/IMG_4461-1024x1007.jpg 1024w\" sizes=\"(max-width: 300px) 100vw, 300px\" \/><\/a><\/span><\/p>\n<p><a href=\"http:\/\/fousfollets.com\/wp-content\/uploads\/2012\/02\/P113089911.jpg\"><img decoding=\"async\" loading=\"lazy\" class=\"alignnone size-medium wp-image-501\" title=\"P1130899[1]\" src=\"http:\/\/fousfollets.com\/wp-content\/uploads\/2012\/02\/P113089911-224x300.jpg\" alt=\"\" width=\"224\" height=\"300\" srcset=\"http:\/\/fousfollets.com\/wp-content\/uploads\/2012\/02\/P113089911-224x300.jpg 224w, http:\/\/fousfollets.com\/wp-content\/uploads\/2012\/02\/P113089911-767x1024.jpg 767w, http:\/\/fousfollets.com\/wp-content\/uploads\/2012\/02\/P113089911.jpg 1198w\" sizes=\"(max-width: 224px) 100vw, 224px\" \/><\/a>\u00a0 \u00a0 \u00a0 \u00a0 \u00a0 \u00a0 \u00a0 \u00a0\u00a0<a href=\"http:\/\/fousfollets.com\/wp-content\/uploads\/2012\/02\/P11308961.jpg\"><img decoding=\"async\" loading=\"lazy\" class=\"alignnone size-medium wp-image-428\" title=\"P1130896[1]\" src=\"http:\/\/fousfollets.com\/wp-content\/uploads\/2012\/02\/P11308961-300x224.jpg\" alt=\"\" width=\"300\" height=\"224\" srcset=\"http:\/\/fousfollets.com\/wp-content\/uploads\/2012\/02\/P11308961-300x224.jpg 300w, http:\/\/fousfollets.com\/wp-content\/uploads\/2012\/02\/P11308961-1024x767.jpg 1024w, http:\/\/fousfollets.com\/wp-content\/uploads\/2012\/02\/P11308961.jpg 1894w\" sizes=\"(max-width: 300px) 100vw, 300px\" \/><\/a><\/p>\n<p><a href=\"http:\/\/fousfollets.com\/wp-content\/uploads\/2012\/02\/P11308911.jpg\"><img decoding=\"async\" loading=\"lazy\" class=\"alignnone size-thumbnail wp-image-431\" title=\"P1130891[1]\" src=\"http:\/\/fousfollets.com\/wp-content\/uploads\/2012\/02\/P11308911-150x150.jpg\" alt=\"\" width=\"150\" height=\"150\" \/><\/a>\u00a0<a href=\"http:\/\/fousfollets.com\/wp-content\/uploads\/2012\/02\/P113091222.jpg\"><img decoding=\"async\" loading=\"lazy\" class=\"alignnone size-thumbnail wp-image-469\" title=\"P1130912[2]\" src=\"http:\/\/fousfollets.com\/wp-content\/uploads\/2012\/02\/P113091222-150x150.jpg\" alt=\"\" width=\"150\" height=\"150\" \/><\/a>\u00a0<a href=\"http:\/\/fousfollets.com\/wp-content\/uploads\/2012\/02\/P113088221.jpg\"><img decoding=\"async\" loading=\"lazy\" class=\"alignnone size-thumbnail wp-image-471\" title=\"P1130882[2]\" src=\"http:\/\/fousfollets.com\/wp-content\/uploads\/2012\/02\/P113088221-150x150.jpg\" alt=\"\" width=\"150\" height=\"150\" \/>\u00a0<img decoding=\"async\" loading=\"lazy\" title=\"Patrick bonnet site jpeg\" src=\"http:\/\/fousfollets.com\/wp-content\/uploads\/2012\/02\/Patrick-bonnet-site-jpeg1-150x150.jpg\" alt=\"\" width=\"150\" height=\"150\" \/><\/a><\/p>\n<p><a href=\"http:\/\/fousfollets.com\/wp-content\/uploads\/2012\/02\/J.M-camembert.jpg\"><img decoding=\"async\" loading=\"lazy\" class=\"alignnone size-medium wp-image-722\" title=\"J.M camembert\" src=\"http:\/\/fousfollets.com\/wp-content\/uploads\/2012\/02\/J.M-camembert-206x300.jpg\" alt=\"\" width=\"206\" height=\"300\" srcset=\"http:\/\/fousfollets.com\/wp-content\/uploads\/2012\/02\/J.M-camembert-206x300.jpg 206w, http:\/\/fousfollets.com\/wp-content\/uploads\/2012\/02\/J.M-camembert-704x1024.jpg 704w, http:\/\/fousfollets.com\/wp-content\/uploads\/2012\/02\/J.M-camembert.jpg 1829w\" sizes=\"(max-width: 206px) 100vw, 206px\" \/><\/a>\u00a0 \u00a0 \u00a0 \u00a0 \u00a0 \u00a0\u00a0<a href=\"http:\/\/fousfollets.com\/wp-content\/uploads\/2012\/02\/F\u00eate-de-No\u00ebl-2012-pat-et-chat1.jpg\"><img decoding=\"async\" loading=\"lazy\" title=\"F\u00eate de No\u00ebl 2012 pat et chat\" src=\"http:\/\/fousfollets.com\/wp-content\/uploads\/2012\/02\/F\u00eate-de-No\u00ebl-2012-pat-et-chat1-300x230.jpg\" alt=\"\" width=\"300\" height=\"230\" \/><\/a><\/p>\n<p><span style=\"color: #0000ff;\"><a href=\"http:\/\/fousfollets.com\/wp-content\/uploads\/2016\/12\/IMG_0751-2.jpg\"><img decoding=\"async\" loading=\"lazy\" class=\"alignnone  wp-image-1128\" src=\"http:\/\/fousfollets.com\/wp-content\/uploads\/2016\/12\/IMG_0751-2-1024x859.jpg\" alt=\"img_0751-2\" width=\"278\" height=\"234\" srcset=\"http:\/\/fousfollets.com\/wp-content\/uploads\/2016\/12\/IMG_0751-2-1024x859.jpg 1024w, http:\/\/fousfollets.com\/wp-content\/uploads\/2016\/12\/IMG_0751-2-300x252.jpg 300w, http:\/\/fousfollets.com\/wp-content\/uploads\/2016\/12\/IMG_0751-2.jpg 1505w\" sizes=\"(max-width: 278px) 100vw, 278px\" \/><img decoding=\"async\" loading=\"lazy\" class=\"  wp-image-1073 alignright\" src=\"http:\/\/fousfollets.com\/wp-content\/uploads\/2016\/12\/IMG_4521-1024x936.jpg\" alt=\"img_4521\" width=\"267\" height=\"244\" srcset=\"http:\/\/fousfollets.com\/wp-content\/uploads\/2016\/12\/IMG_4521-1024x936.jpg 1024w, http:\/\/fousfollets.com\/wp-content\/uploads\/2016\/12\/IMG_4521-300x274.jpg 300w, http:\/\/fousfollets.com\/wp-content\/uploads\/2016\/12\/IMG_4521.jpg 1473w\" sizes=\"(max-width: 267px) 100vw, 267px\" \/><\/a><\/span><\/p>\n<p><span style=\"color: #0000ff;\">\u00a0<\/span><\/p>\n<h2><strong><span style=\"color: #0000ff;\">Contacts :<\/span><\/strong><\/h2>\n<h3><a href=\"http:\/\/fousfollets.com\/wp-content\/uploads\/2012\/02\/dessin-sara-affiche-4-jpeg.jpg\"><img decoding=\"async\" loading=\"lazy\" class=\"alignnone size-thumbnail wp-image-1048\" src=\"http:\/\/fousfollets.com\/wp-content\/uploads\/2012\/02\/dessin-sara-affiche-4-jpeg-150x150.jpg\" alt=\"dessin sara affiche 4 jpeg\" width=\"150\" height=\"150\" \/><\/a><\/h3>\n<h3><strong>J.M Brac<\/strong>: 06.08.09.74.93<br \/>\n<strong>P. Steinhoff<\/strong>\u00a0: 06.70.25.71.81<br \/>\n<strong><span style=\"color: #0000ff;\">ciefousfollets@gmail.com<\/span><\/strong><\/h3>\n<p><a href=\"http:\/\/fousfollets.com\/wp-content\/uploads\/2024\/07\/Papier-fourmi-bleue-2024-CFF-tete-mail-scaled.jpg\" target=\"_blank\" rel=\"noopener\"><img decoding=\"async\" loading=\"lazy\" class=\"alignnone wp-image-1674 size-full\" src=\"http:\/\/fousfollets.com\/wp-content\/uploads\/2024\/07\/Papier-fourmi-bleue-2024-CFF-tete-mail-scaled.jpg\" alt=\"\" width=\"2560\" height=\"816\" srcset=\"http:\/\/fousfollets.com\/wp-content\/uploads\/2024\/07\/Papier-fourmi-bleue-2024-CFF-tete-mail-scaled.jpg 2560w, http:\/\/fousfollets.com\/wp-content\/uploads\/2024\/07\/Papier-fourmi-bleue-2024-CFF-tete-mail-300x96.jpg 300w, http:\/\/fousfollets.com\/wp-content\/uploads\/2024\/07\/Papier-fourmi-bleue-2024-CFF-tete-mail-1024x326.jpg 1024w, http:\/\/fousfollets.com\/wp-content\/uploads\/2024\/07\/Papier-fourmi-bleue-2024-CFF-tete-mail-768x245.jpg 768w, http:\/\/fousfollets.com\/wp-content\/uploads\/2024\/07\/Papier-fourmi-bleue-2024-CFF-tete-mail-1536x489.jpg 1536w, http:\/\/fousfollets.com\/wp-content\/uploads\/2024\/07\/Papier-fourmi-bleue-2024-CFF-tete-mail-2048x653.jpg 2048w\" sizes=\"(max-width: 2560px) 100vw, 2560px\" \/><\/a><\/p>\n","protected":false},"excerpt":{"rendered":"<p>Extrait en \u00e9coute :\u00a0\u00ab Ils en veulent \u00e0 mon jardin\u00bb. Pour en d\u00e9couvrir aussi le texte :\u00a0cliquez ici ! CD \u00ab\u00a0Dans mon jardin\u00a0\u00bb Patricia : Aime (se) raconter des histoires Livre pr\u00e9f\u00e9r\u00e9 : les contes de la rue Broca Bonbons &hellip; <a href=\"http:\/\/fousfollets.com\/?page_id=308\">Continuer la lecture <span class=\"meta-nav\">&rarr;<\/span><\/a><\/p>\n","protected":false},"author":1,"featured_media":0,"parent":0,"menu_order":0,"comment_status":"closed","ping_status":"closed","template":"","meta":[],"_links":{"self":[{"href":"http:\/\/fousfollets.com\/index.php?rest_route=\/wp\/v2\/pages\/308"}],"collection":[{"href":"http:\/\/fousfollets.com\/index.php?rest_route=\/wp\/v2\/pages"}],"about":[{"href":"http:\/\/fousfollets.com\/index.php?rest_route=\/wp\/v2\/types\/page"}],"author":[{"embeddable":true,"href":"http:\/\/fousfollets.com\/index.php?rest_route=\/wp\/v2\/users\/1"}],"replies":[{"embeddable":true,"href":"http:\/\/fousfollets.com\/index.php?rest_route=%2Fwp%2Fv2%2Fcomments&post=308"}],"version-history":[{"count":100,"href":"http:\/\/fousfollets.com\/index.php?rest_route=\/wp\/v2\/pages\/308\/revisions"}],"predecessor-version":[{"id":1683,"href":"http:\/\/fousfollets.com\/index.php?rest_route=\/wp\/v2\/pages\/308\/revisions\/1683"}],"wp:attachment":[{"href":"http:\/\/fousfollets.com\/index.php?rest_route=%2Fwp%2Fv2%2Fmedia&parent=308"}],"curies":[{"name":"wp","href":"https:\/\/api.w.org\/{rel}","templated":true}]}}