{"id":30,"date":"2011-12-16T16:40:43","date_gmt":"2011-12-16T16:40:43","guid":{"rendered":"http:\/\/fousfollets.com\/?page_id=30"},"modified":"2017-01-01T18:10:33","modified_gmt":"2017-01-01T18:10:33","slug":"cd-dans-mon-jardin","status":"publish","type":"page","link":"http:\/\/fousfollets.com\/?page_id=30","title":{"rendered":"CD Dans mon jardin"},"content":{"rendered":"<p><a href=\"http:\/\/fousfollets.com\/wp-content\/uploads\/2011\/12\/jaquette-dans-mon-jardin.jpg\"><img decoding=\"async\" loading=\"lazy\" class=\" size-thumbnail wp-image-25 alignleft\" title=\"jaquette dans mon jardin\" src=\"http:\/\/fousfollets.com\/wp-content\/uploads\/2011\/12\/jaquette-dans-mon-jardin-150x150.jpg\" alt=\"\" width=\"150\" height=\"150\" \/><\/a><i>\u00a0\u00bb J&rsquo;ai \u00e9cout\u00e9 les deux CD pour enfants dans ma maison et dans mon jardin de la compagnie des Fous Follets. C&rsquo;est vraiment tr\u00e8s chouette, bien fichu, intelligent. Ce ne sont pas des chansons pour enfants b\u00eatifiantes ou gnangnan, elles sont astucieuses, inventives, po\u00e9tiques ou dr\u00f4les, donc c&rsquo;est bien ! \u00a0\u00bb<br \/>\n<\/i><strong><span style=\"color: #000080;\">&#8211; Claude Lemesle &#8211; <\/span><\/strong><em><span style=\"color: #808080;\">(janvier 2017) <\/span><\/em><\/p>\n<p><strong>Dans mon jardin<\/strong><br \/>\nDur\u00e9e : 41 min 20<\/p>\n<p>01 <a title=\"01 Pamela\" href=\"http:\/\/fousfollets.com\/?page_id=171\">Pamela<\/a><a href=\"http:\/\/fousfollets.com\/wp-content\/uploads\/2011\/12\/plume.jpg\"><img decoding=\"async\" loading=\"lazy\" class=\"alignnone size-full wp-image-124\" title=\"plume\" src=\"http:\/\/fousfollets.com\/wp-content\/uploads\/2011\/12\/plume.jpg\" alt=\"\" width=\"20\" height=\"28\" \/><\/a><\/p>\n<p>02 <a title=\"02 Pamela-Roger\" href=\"http:\/\/fousfollets.com\/?page_id=173\">Pamela-Roger<\/a><a href=\"http:\/\/fousfollets.com\/wp-content\/uploads\/2011\/12\/plume.jpg\"><img decoding=\"async\" loading=\"lazy\" title=\"plume\" src=\"http:\/\/fousfollets.com\/wp-content\/uploads\/2011\/12\/plume.jpg\" alt=\"\" width=\"20\" height=\"28\" \/><\/a><\/p>\n<p>03 <a title=\"03 Roger\" href=\"http:\/\/fousfollets.com\/?page_id=175\">Roger<\/a><a href=\"http:\/\/fousfollets.com\/wp-content\/uploads\/2011\/12\/plume.jpg\"><img decoding=\"async\" loading=\"lazy\" title=\"plume\" src=\"http:\/\/fousfollets.com\/wp-content\/uploads\/2011\/12\/plume.jpg\" alt=\"\" width=\"20\" height=\"28\" \/><\/a><\/p>\n<p>04 <a title=\"04 Comptine\" href=\"http:\/\/fousfollets.com\/?page_id=177\">Comptine<\/a><a href=\"http:\/\/fousfollets.com\/wp-content\/uploads\/2011\/12\/plume.jpg\"><img decoding=\"async\" loading=\"lazy\" title=\"plume\" src=\"http:\/\/fousfollets.com\/wp-content\/uploads\/2011\/12\/plume.jpg\" alt=\"\" width=\"20\" height=\"28\" \/><\/a><\/p>\n<p>05 <a title=\"05 Dans mon jardin y a des l\u00e9gumes\" href=\"http:\/\/fousfollets.com\/?page_id=179\">Dans mon jardin y a des l\u00e9gumes<\/a><a href=\"http:\/\/fousfollets.com\/wp-content\/uploads\/2011\/12\/plume.jpg\"><img decoding=\"async\" loading=\"lazy\" title=\"plume\" src=\"http:\/\/fousfollets.com\/wp-content\/uploads\/2011\/12\/plume.jpg\" alt=\"\" width=\"20\" height=\"28\" \/><\/a><a href=\"http:\/\/fousfollets.com\/wp-content\/uploads\/2011\/12\/note-musique.jpg\"><img decoding=\"async\" loading=\"lazy\" class=\"alignnone size-full wp-image-125\" title=\"note musique\" src=\"http:\/\/fousfollets.com\/wp-content\/uploads\/2011\/12\/note-musique.jpg\" alt=\"\" width=\"20\" height=\"19\" \/><\/a><\/p>\n<p>06 <a title=\"06 Crapoti Crapota\" href=\"http:\/\/fousfollets.com\/?page_id=182\">Crapoti-Crapota<\/a><a href=\"http:\/\/fousfollets.com\/wp-content\/uploads\/2011\/12\/plume.jpg\"><img decoding=\"async\" loading=\"lazy\" title=\"plume\" src=\"http:\/\/fousfollets.com\/wp-content\/uploads\/2011\/12\/plume.jpg\" alt=\"\" width=\"20\" height=\"28\" \/><\/a><a href=\"http:\/\/fousfollets.com\/wp-content\/uploads\/2011\/12\/note-musique.jpg\"><img decoding=\"async\" loading=\"lazy\" title=\"note musique\" src=\"http:\/\/fousfollets.com\/wp-content\/uploads\/2011\/12\/note-musique.jpg\" alt=\"\" width=\"20\" height=\"19\" \/><\/a><\/p>\n<p>07 <a title=\"07 Comptine\" href=\"http:\/\/fousfollets.com\/?page_id=190\">Comptine<\/a><a href=\"http:\/\/fousfollets.com\/wp-content\/uploads\/2011\/12\/plume.jpg\"><img decoding=\"async\" loading=\"lazy\" title=\"plume\" src=\"http:\/\/fousfollets.com\/wp-content\/uploads\/2011\/12\/plume.jpg\" alt=\"\" width=\"20\" height=\"28\" \/><\/a><\/p>\n<p>08 <a title=\"08 Charlilo l\u2019escargot\" href=\"http:\/\/fousfollets.com\/?page_id=192\">Charlilo l&rsquo;escargot<\/a><a href=\"http:\/\/fousfollets.com\/wp-content\/uploads\/2011\/12\/plume.jpg\"><img decoding=\"async\" loading=\"lazy\" title=\"plume\" src=\"http:\/\/fousfollets.com\/wp-content\/uploads\/2011\/12\/plume.jpg\" alt=\"\" width=\"20\" height=\"28\" \/><\/a><a href=\"http:\/\/fousfollets.com\/wp-content\/uploads\/2011\/12\/note-musique.jpg\"><img decoding=\"async\" loading=\"lazy\" title=\"note musique\" src=\"http:\/\/fousfollets.com\/wp-content\/uploads\/2011\/12\/note-musique.jpg\" alt=\"\" width=\"20\" height=\"19\" \/><\/a><\/p>\n<p>09 <a title=\"09 Choubidouwa\" href=\"http:\/\/fousfollets.com\/?page_id=196\">Choubidouwa<\/a><a href=\"http:\/\/fousfollets.com\/wp-content\/uploads\/2011\/12\/plume.jpg\"><img decoding=\"async\" loading=\"lazy\" title=\"plume\" src=\"http:\/\/fousfollets.com\/wp-content\/uploads\/2011\/12\/plume.jpg\" alt=\"\" width=\"20\" height=\"28\" \/><\/a><\/p>\n<p>10 <a title=\"10 Emille Pattes\" href=\"http:\/\/fousfollets.com\/?page_id=198\">Emille Pattes<\/a><a href=\"http:\/\/fousfollets.com\/wp-content\/uploads\/2011\/12\/plume.jpg\"><img decoding=\"async\" loading=\"lazy\" title=\"plume\" src=\"http:\/\/fousfollets.com\/wp-content\/uploads\/2011\/12\/plume.jpg\" alt=\"\" width=\"20\" height=\"28\" \/><\/a><a href=\"http:\/\/fousfollets.com\/wp-content\/uploads\/2011\/12\/note-musique.jpg\"><img decoding=\"async\" loading=\"lazy\" title=\"note musique\" src=\"http:\/\/fousfollets.com\/wp-content\/uploads\/2011\/12\/note-musique.jpg\" alt=\"\" width=\"20\" height=\"19\" \/><\/a><\/p>\n<p>11 <a title=\"11 Comptine\" href=\"http:\/\/fousfollets.com\/?page_id=201\">Comptine<\/a><a href=\"http:\/\/fousfollets.com\/wp-content\/uploads\/2011\/12\/plume.jpg\"><img decoding=\"async\" loading=\"lazy\" title=\"plume\" src=\"http:\/\/fousfollets.com\/wp-content\/uploads\/2011\/12\/plume.jpg\" alt=\"\" width=\"20\" height=\"28\" \/><\/a><\/p>\n<p>12 <a title=\"12 Sourigolotte\" href=\"http:\/\/fousfollets.com\/?page_id=203\">Sourigolotte<\/a><a href=\"http:\/\/fousfollets.com\/wp-content\/uploads\/2011\/12\/plume.jpg\"><img decoding=\"async\" loading=\"lazy\" title=\"plume\" src=\"http:\/\/fousfollets.com\/wp-content\/uploads\/2011\/12\/plume.jpg\" alt=\"\" width=\"20\" height=\"28\" \/><\/a><a href=\"http:\/\/fousfollets.com\/wp-content\/uploads\/2011\/12\/note-musique.jpg\"><img decoding=\"async\" loading=\"lazy\" title=\"note musique\" src=\"http:\/\/fousfollets.com\/wp-content\/uploads\/2011\/12\/note-musique.jpg\" alt=\"\" width=\"20\" height=\"19\" \/><\/a><\/p>\n<p>13 <a title=\"13 Semer r\u00e9colter\" href=\"http:\/\/fousfollets.com\/?page_id=206\">Semer r\u00e9colter<\/a><a href=\"http:\/\/fousfollets.com\/wp-content\/uploads\/2011\/12\/plume.jpg\"><img decoding=\"async\" loading=\"lazy\" title=\"plume\" src=\"http:\/\/fousfollets.com\/wp-content\/uploads\/2011\/12\/plume.jpg\" alt=\"\" width=\"20\" height=\"28\" \/><\/a><\/p>\n<p>14 <a title=\"14 Ils en veulent \u00e0  mon jardin\" href=\"http:\/\/fousfollets.com\/?page_id=208\">Ils en veulent \u00e0 mon jardin<\/a><a href=\"http:\/\/fousfollets.com\/wp-content\/uploads\/2011\/12\/plume.jpg\"><img decoding=\"async\" loading=\"lazy\" title=\"plume\" src=\"http:\/\/fousfollets.com\/wp-content\/uploads\/2011\/12\/plume.jpg\" alt=\"\" width=\"20\" height=\"28\" \/><\/a><a href=\"http:\/\/fousfollets.com\/wp-content\/uploads\/2011\/12\/note-musique.jpg\"><img decoding=\"async\" loading=\"lazy\" title=\"note musique\" src=\"http:\/\/fousfollets.com\/wp-content\/uploads\/2011\/12\/note-musique.jpg\" alt=\"\" width=\"20\" height=\"19\" \/><\/a><\/p>\n<p>15 <a title=\"15 La ronde du jardin\" href=\"http:\/\/fousfollets.com\/?page_id=211\">La ronde du jardin<\/a><a href=\"http:\/\/fousfollets.com\/wp-content\/uploads\/2011\/12\/plume.jpg\"><img decoding=\"async\" loading=\"lazy\" title=\"plume\" src=\"http:\/\/fousfollets.com\/wp-content\/uploads\/2011\/12\/plume.jpg\" alt=\"\" width=\"20\" height=\"28\" \/><\/a><\/p>\n<p>16 <a title=\"16 Mister Poireau\" href=\"http:\/\/fousfollets.com\/?page_id=213\">Mister Poireau<\/a><a href=\"http:\/\/fousfollets.com\/wp-content\/uploads\/2011\/12\/plume.jpg\"><img decoding=\"async\" loading=\"lazy\" title=\"plume\" src=\"http:\/\/fousfollets.com\/wp-content\/uploads\/2011\/12\/plume.jpg\" alt=\"\" width=\"20\" height=\"28\" \/><\/a><a href=\"http:\/\/fousfollets.com\/wp-content\/uploads\/2011\/12\/note-musique.jpg\"><img decoding=\"async\" loading=\"lazy\" title=\"note musique\" src=\"http:\/\/fousfollets.com\/wp-content\/uploads\/2011\/12\/note-musique.jpg\" alt=\"\" width=\"20\" height=\"19\" \/><\/a><\/p>\n<p>17 <a title=\"17 Le blues des l\u00e9gumes\" href=\"http:\/\/fousfollets.com\/?page_id=216\">Le blues des l\u00e9gumes<\/a><a href=\"http:\/\/fousfollets.com\/wp-content\/uploads\/2011\/12\/plume.jpg\"><img decoding=\"async\" loading=\"lazy\" title=\"plume\" src=\"http:\/\/fousfollets.com\/wp-content\/uploads\/2011\/12\/plume.jpg\" alt=\"\" width=\"20\" height=\"28\" \/><\/a><a href=\"http:\/\/fousfollets.com\/wp-content\/uploads\/2011\/12\/note-musique.jpg\"><img decoding=\"async\" loading=\"lazy\" title=\"note musique\" src=\"http:\/\/fousfollets.com\/wp-content\/uploads\/2011\/12\/note-musique.jpg\" alt=\"\" width=\"20\" height=\"19\" \/><\/a><\/p>\n<p>18 <a title=\"18 Le beau m\u00e9tier\" href=\"http:\/\/fousfollets.com\/?page_id=219\">Le beau m\u00e9tier<\/a><a href=\"http:\/\/fousfollets.com\/wp-content\/uploads\/2011\/12\/plume.jpg\"><img decoding=\"async\" loading=\"lazy\" title=\"plume\" src=\"http:\/\/fousfollets.com\/wp-content\/uploads\/2011\/12\/plume.jpg\" alt=\"\" width=\"20\" height=\"28\" \/><\/a><\/p>\n<p>19 <a title=\"19 Salade de f\u00eate\" href=\"http:\/\/fousfollets.com\/?page_id=221\">Salade de f\u00eate<\/a><a href=\"http:\/\/fousfollets.com\/wp-content\/uploads\/2011\/12\/plume.jpg\"><img decoding=\"async\" loading=\"lazy\" title=\"plume\" src=\"http:\/\/fousfollets.com\/wp-content\/uploads\/2011\/12\/plume.jpg\" alt=\"\" width=\"20\" height=\"28\" \/><\/a><\/p>\n<p>20 <a title=\"20 Dame Lune et Dame Pluie\" href=\"http:\/\/fousfollets.com\/?page_id=223\">Dame Lune et dame Pluie<\/a><a href=\"http:\/\/fousfollets.com\/wp-content\/uploads\/2011\/12\/plume.jpg\"><img decoding=\"async\" loading=\"lazy\" title=\"plume\" src=\"http:\/\/fousfollets.com\/wp-content\/uploads\/2011\/12\/plume.jpg\" alt=\"\" width=\"20\" height=\"28\" \/><\/a><a href=\"http:\/\/fousfollets.com\/wp-content\/uploads\/2011\/12\/note-musique.jpg\"><img decoding=\"async\" loading=\"lazy\" title=\"note musique\" src=\"http:\/\/fousfollets.com\/wp-content\/uploads\/2011\/12\/note-musique.jpg\" alt=\"\" width=\"20\" height=\"19\" \/><\/a><\/p>\n<p>21 <a title=\"21 Comptine\" href=\"http:\/\/fousfollets.com\/?page_id=226\">Comptine<\/a><a href=\"http:\/\/fousfollets.com\/wp-content\/uploads\/2011\/12\/plume.jpg\"><img decoding=\"async\" loading=\"lazy\" title=\"plume\" src=\"http:\/\/fousfollets.com\/wp-content\/uploads\/2011\/12\/plume.jpg\" alt=\"\" width=\"20\" height=\"28\" \/><\/a><\/p>\n<p>22 <a title=\"22 La danse des l\u00e9gumes\" href=\"http:\/\/fousfollets.com\/?page_id=228\">La danse des l\u00e9gumes<\/a><a href=\"http:\/\/fousfollets.com\/wp-content\/uploads\/2011\/12\/plume.jpg\"><img decoding=\"async\" loading=\"lazy\" title=\"plume\" src=\"http:\/\/fousfollets.com\/wp-content\/uploads\/2011\/12\/plume.jpg\" alt=\"\" width=\"20\" height=\"28\" \/><\/a><a href=\"http:\/\/fousfollets.com\/wp-content\/uploads\/2011\/12\/note-musique.jpg\"><img decoding=\"async\" loading=\"lazy\" title=\"note musique\" src=\"http:\/\/fousfollets.com\/wp-content\/uploads\/2011\/12\/note-musique.jpg\" alt=\"\" width=\"20\" height=\"19\" \/><\/a><\/p>\n<p>&nbsp;<\/p>\n<h2><strong><span style=\"color: #0000ff;\">Contacts :<\/span><\/strong><\/h2>\n<h3><a href=\"http:\/\/fousfollets.com\/wp-content\/uploads\/2011\/12\/P113089319.jpg\"><img decoding=\"async\" loading=\"lazy\" title=\"P1130893[1]\" src=\"http:\/\/fousfollets.com\/wp-content\/uploads\/2011\/12\/P113089319-150x150.jpg\" alt=\"\" width=\"150\" height=\"150\" \/><\/a>\u00a0\u00a0\u00a0<a href=\"http:\/\/fousfollets.com\/wp-content\/uploads\/2011\/12\/Papier-fourmi-bleue-2016-CFF-tete-mail-1.jpg\"><img decoding=\"async\" loading=\"lazy\" class=\"  wp-image-1197 alignright\" src=\"http:\/\/fousfollets.com\/wp-content\/uploads\/2011\/12\/Papier-fourmi-bleue-2016-CFF-tete-mail-1-1024x330.jpg\" alt=\"papier-fourmi-bleue-2016-cff-tete-mail-1\" width=\"382\" height=\"123\" srcset=\"http:\/\/fousfollets.com\/wp-content\/uploads\/2011\/12\/Papier-fourmi-bleue-2016-CFF-tete-mail-1-1024x330.jpg 1024w, http:\/\/fousfollets.com\/wp-content\/uploads\/2011\/12\/Papier-fourmi-bleue-2016-CFF-tete-mail-1-300x97.jpg 300w\" sizes=\"(max-width: 382px) 100vw, 382px\" \/><\/a><\/h3>\n<h3><strong>J.M Brac<\/strong>: 06.08.09.74.93<br \/>\n<strong>P. Steinhoff<\/strong>\u00a0: 06.70.25.71.81<\/h3>\n<h3><strong><span style=\"color: #0000ff;\">ciefousfollets@gmail.com<\/span><\/strong><\/h3>\n<p>&nbsp;<\/p>\n","protected":false},"excerpt":{"rendered":"<p>\u00a0\u00bb J&rsquo;ai \u00e9cout\u00e9 les deux CD pour enfants dans ma maison et dans mon jardin de la compagnie des Fous Follets. C&rsquo;est vraiment tr\u00e8s chouette, bien fichu, intelligent. Ce ne sont pas des chansons pour enfants b\u00eatifiantes ou gnangnan, elles &hellip; <a href=\"http:\/\/fousfollets.com\/?page_id=30\">Continuer la lecture <span class=\"meta-nav\">&rarr;<\/span><\/a><\/p>\n","protected":false},"author":1,"featured_media":0,"parent":0,"menu_order":0,"comment_status":"closed","ping_status":"closed","template":"","meta":[],"_links":{"self":[{"href":"http:\/\/fousfollets.com\/index.php?rest_route=\/wp\/v2\/pages\/30"}],"collection":[{"href":"http:\/\/fousfollets.com\/index.php?rest_route=\/wp\/v2\/pages"}],"about":[{"href":"http:\/\/fousfollets.com\/index.php?rest_route=\/wp\/v2\/types\/page"}],"author":[{"embeddable":true,"href":"http:\/\/fousfollets.com\/index.php?rest_route=\/wp\/v2\/users\/1"}],"replies":[{"embeddable":true,"href":"http:\/\/fousfollets.com\/index.php?rest_route=%2Fwp%2Fv2%2Fcomments&post=30"}],"version-history":[{"count":16,"href":"http:\/\/fousfollets.com\/index.php?rest_route=\/wp\/v2\/pages\/30\/revisions"}],"predecessor-version":[{"id":1226,"href":"http:\/\/fousfollets.com\/index.php?rest_route=\/wp\/v2\/pages\/30\/revisions\/1226"}],"wp:attachment":[{"href":"http:\/\/fousfollets.com\/index.php?rest_route=%2Fwp%2Fv2%2Fmedia&parent=30"}],"curies":[{"name":"wp","href":"https:\/\/api.w.org\/{rel}","templated":true}]}}