{"id":269,"date":"2011-12-17T12:15:40","date_gmt":"2011-12-17T12:15:40","guid":{"rendered":"http:\/\/fousfollets.com\/?page_id=269"},"modified":"2022-06-26T19:42:36","modified_gmt":"2022-06-26T19:42:36","slug":"spectacle-1-2-3-meme-pas-peur","status":"publish","type":"page","link":"http:\/\/fousfollets.com\/?page_id=269","title":{"rendered":"1, 2, 3 m\u00eame pas peur !"},"content":{"rendered":"<p style=\"text-align: left;\"><strong><em><a href=\"http:\/\/fousfollets.com\/wp-content\/uploads\/2011\/12\/visuel-1-2-3-meme-pas-peur.jpg\"><img decoding=\"async\" loading=\"lazy\" class=\"alignnone size-thumbnail wp-image-258\" title=\"visuel 1 2 3 meme pas peur\" src=\"http:\/\/fousfollets.com\/wp-content\/uploads\/2011\/12\/visuel-1-2-3-meme-pas-peur-150x150.jpg\" alt=\"\" width=\"150\" height=\"150\" \/><\/a><\/em><\/strong><\/p>\n<p><strong>Recette<\/strong> <strong>facile pour gastronomes<\/strong><br \/>\n<strong><em>hauts comme trois pommes<\/em><\/strong><\/p>\n<p><em>Choisir soigneusement trois cochons bien roses,<br \/>\n<\/em><em>Un petit chaperon bien rouge,<br \/>\n<\/em><em>Une baleine bien bleue,<br \/>\n<\/em><em>Un loup bien noir,<br \/>\n<\/em><em>Une boucle bien dor\u00e9e.<br \/>\n<\/em><em>Laisser mijoter.<br \/>\n<\/em><em>Saupoudrer de chansons bien relev\u00e9es.<br \/>\n<\/em><em>A consommer sans mod\u00e9ration.<\/em><\/p>\n<p><strong><em>De sa bo\u00eete \u00e0 histoires, Gr\u00e9goire, petite souris voyageuse, fait appara\u00eetre quatre contes\u00a0: \u00ab\u00a0 le petit Chaperon rouge,\u00a0 les trois ours, la baleine bleue,<br \/>\n<\/em><\/strong><strong><em>les trois petits cochons\u00a0\u00bb.<\/em><\/strong><\/p>\n<p><em>De jolis contes traditionnels pour s\u2019amuser et grandir un peu<\/em><em>.<\/em><\/p>\n<p><strong>Patricia Steinhoff et Jean-Michel Brac, com\u00e9diens, chanteurs, musiciens, accompagn\u00e9s de leurs marionnettes et d\u2019un bric \u00e0 brac d\u2019objets insolites, s\u2019amusent \u00e0 faire vivre ces personnages familiers d\u2019antan, mais qui plaisent toujours autant aux enfants d\u2019aujourd\u2019hui. Et puis le tout se pimente de chansons originales de la Compagnie des Fous-Follets, petites ritournelles simples que les enfants s\u2019approprient vite et peuvent chanter \u00e0 leur tour.<br \/>\nUne fa\u00e7on ludique, douce et dr\u00f4le de visiter le r\u00e9pertoire d\u2019ici et d\u2019ailleurs.<\/strong><\/p>\n<p><em>\u00a0 \u00a0 \u00a0 \u00a0Spectacle con\u00e7u pour les enfants de 2 \u00e0 6 ans.<\/em><\/p>\n<p><a href=\"http:\/\/fousfollets.com\/wp-content\/uploads\/2011\/12\/chaperon-site-jpeg.jpg\"><img decoding=\"async\" loading=\"lazy\" title=\"chaperon site jpeg\" src=\"http:\/\/fousfollets.com\/wp-content\/uploads\/2011\/12\/chaperon-site-jpeg-274x300.jpg\" alt=\"\" width=\"274\" height=\"300\" \/><\/a><a href=\"http:\/\/fousfollets.com\/wp-content\/uploads\/2011\/12\/petit-loup-site-jpeg.jpg\"><img decoding=\"async\" loading=\"lazy\" title=\"petit loup site jpeg\" src=\"http:\/\/fousfollets.com\/wp-content\/uploads\/2011\/12\/petit-loup-site-jpeg-300x300.jpg\" alt=\"\" width=\"300\" height=\"300\" \/><\/a><\/p>\n<p><a href=\"http:\/\/fousfollets.com\/wp-content\/uploads\/2012\/02\/pat-et-cochons.jpg\"><img decoding=\"async\" loading=\"lazy\" title=\"OLYMPUS DIGITAL CAMERA\" src=\"http:\/\/fousfollets.com\/wp-content\/uploads\/2012\/02\/pat-et-cochons-300x224.jpg\" alt=\"\" width=\"300\" height=\"224\" \/><\/a>\u00a0\u00a0<a href=\"http:\/\/fousfollets.com\/wp-content\/uploads\/2012\/02\/pat-et-cochons-3.jpg\"><img decoding=\"async\" loading=\"lazy\" title=\"OLYMPUS DIGITAL CAMERA\" src=\"http:\/\/fousfollets.com\/wp-content\/uploads\/2012\/02\/pat-et-cochons-3-300x233.jpg\" alt=\"\" width=\"300\" height=\"233\" \/><\/a><\/p>\n<p><a href=\"http:\/\/fousfollets.com\/wp-content\/uploads\/2012\/02\/P11102683.jpg\"><img decoding=\"async\" loading=\"lazy\" title=\"P1110268\" src=\"http:\/\/fousfollets.com\/wp-content\/uploads\/2012\/02\/P11102683-e1330788951961-225x300.jpg\" alt=\"\" width=\"225\" height=\"300\" \/><\/a>\u00a0 \u00a0 \u00a0 \u00a0 \u00a0 \u00a0 \u00a0 \u00a0 \u00a0 \u00a0 \u00a0\u00a0<a href=\"http:\/\/fousfollets.com\/wp-content\/uploads\/2012\/02\/P11102701.jpg\"><img decoding=\"async\" loading=\"lazy\" title=\"P1110270\" src=\"http:\/\/fousfollets.com\/wp-content\/uploads\/2012\/02\/P11102701-300x225.jpg\" alt=\"\" width=\"300\" height=\"225\" \/><\/a><\/p>\n<p><a href=\"http:\/\/fousfollets.com\/wp-content\/uploads\/2012\/02\/P11102663.jpg\"><img decoding=\"async\" loading=\"lazy\" title=\"P1110266\" src=\"http:\/\/fousfollets.com\/wp-content\/uploads\/2012\/02\/P11102663-1024x577.jpg\" alt=\"\" width=\"640\" height=\"360\" \/><\/a><\/p>\n<p><a href=\"http:\/\/fousfollets.com\/wp-content\/uploads\/2012\/02\/P11102984.jpg\"><img decoding=\"async\" loading=\"lazy\" title=\"P1110298\" src=\"http:\/\/fousfollets.com\/wp-content\/uploads\/2012\/02\/P11102984-300x169.jpg\" alt=\"\" width=\"300\" height=\"169\" \/><\/a><a href=\"http:\/\/fousfollets.com\/wp-content\/uploads\/2012\/02\/P11102663.jpg\">\u00a0 \u00a0<\/a><a href=\"http:\/\/fousfollets.com\/wp-content\/uploads\/2012\/02\/P11102854.jpg\"><img decoding=\"async\" loading=\"lazy\" title=\"P1110285\" src=\"http:\/\/fousfollets.com\/wp-content\/uploads\/2012\/02\/P11102854-300x169.jpg\" alt=\"\" width=\"300\" height=\"169\" \/><\/a><span style=\"color: #0000ff;\">cie<\/span><\/p>\n<p>&nbsp;<\/p>\n<p><iframe loading=\"lazy\" width=\"425\" height=\"344\" src=\"http:\/\/www.youtube.com\/embed\/P0Cd7cHzykc?wmode=transparent\" frameborder=\"0\" allowfullscreen> <\/iframe><\/p>\n<p><iframe loading=\"lazy\" width=\"425\" height=\"344\" src=\"http:\/\/www.youtube.com\/embed\/ACo5Z0cgnMQ?wmode=transparent\" frameborder=\"0\" allowfullscreen> <\/iframe><\/p>\n<h2><strong>Contacts :<\/strong><\/h2>\n<h3><a href=\"http:\/\/fousfollets.com\/wp-content\/uploads\/2011\/12\/P113089319.jpg\"><img decoding=\"async\" loading=\"lazy\" class=\"\" title=\"P1130893[1]\" src=\"http:\/\/fousfollets.com\/wp-content\/uploads\/2011\/12\/P113089319-150x150.jpg\" alt=\"\" width=\"173\" height=\"173\" \/><\/a><\/h3>\n<p><strong>J.M Brac<\/strong>: 06.08.09.74.93<br \/>\n<strong>P. Steinhoff<\/strong>\u00a0: 06.70.25.71.81<br \/>\n<strong><a href=\"mailto:ciefousfollets@gmail.com\">ciefousfollets@gmail.com<\/a><\/strong><\/p>\n<p>&nbsp;<\/p>\n<p><a href=\"http:\/\/fousfollets.com\/wp-content\/uploads\/2011\/12\/Papier-fourmi-bleue-2018-CFF-t\u00eate-mail-1.jpg\"><img decoding=\"async\" loading=\"lazy\" class=\"alignnone size-large wp-image-1254\" src=\"http:\/\/fousfollets.com\/wp-content\/uploads\/2011\/12\/Papier-fourmi-bleue-2018-CFF-t\u00eate-mail-1-1024x330.jpg\" alt=\"Papier fourmi bleue 2018 CFF t\u00eate mail (1)\" width=\"640\" height=\"206\" srcset=\"http:\/\/fousfollets.com\/wp-content\/uploads\/2011\/12\/Papier-fourmi-bleue-2018-CFF-t\u00eate-mail-1-1024x330.jpg 1024w, http:\/\/fousfollets.com\/wp-content\/uploads\/2011\/12\/Papier-fourmi-bleue-2018-CFF-t\u00eate-mail-1-300x97.jpg 300w\" sizes=\"(max-width: 640px) 100vw, 640px\" \/><\/a><\/p>\n<p>&nbsp;<\/p>\n<p style=\"text-align: left;\" align=\"center\">\n","protected":false},"excerpt":{"rendered":"<p>Recette facile pour gastronomes hauts comme trois pommes Choisir soigneusement trois cochons bien roses, Un petit chaperon bien rouge, Une baleine bien bleue, Un loup bien noir, Une boucle bien dor\u00e9e. Laisser mijoter. Saupoudrer de chansons bien relev\u00e9es. A consommer &hellip; <a href=\"http:\/\/fousfollets.com\/?page_id=269\">Continuer la lecture <span class=\"meta-nav\">&rarr;<\/span><\/a><\/p>\n","protected":false},"author":1,"featured_media":0,"parent":0,"menu_order":0,"comment_status":"closed","ping_status":"closed","template":"","meta":[],"_links":{"self":[{"href":"http:\/\/fousfollets.com\/index.php?rest_route=\/wp\/v2\/pages\/269"}],"collection":[{"href":"http:\/\/fousfollets.com\/index.php?rest_route=\/wp\/v2\/pages"}],"about":[{"href":"http:\/\/fousfollets.com\/index.php?rest_route=\/wp\/v2\/types\/page"}],"author":[{"embeddable":true,"href":"http:\/\/fousfollets.com\/index.php?rest_route=\/wp\/v2\/users\/1"}],"replies":[{"embeddable":true,"href":"http:\/\/fousfollets.com\/index.php?rest_route=%2Fwp%2Fv2%2Fcomments&post=269"}],"version-history":[{"count":42,"href":"http:\/\/fousfollets.com\/index.php?rest_route=\/wp\/v2\/pages\/269\/revisions"}],"predecessor-version":[{"id":1526,"href":"http:\/\/fousfollets.com\/index.php?rest_route=\/wp\/v2\/pages\/269\/revisions\/1526"}],"wp:attachment":[{"href":"http:\/\/fousfollets.com\/index.php?rest_route=%2Fwp%2Fv2%2Fmedia&parent=269"}],"curies":[{"name":"wp","href":"https:\/\/api.w.org\/{rel}","templated":true}]}}