{"id":257,"date":"2011-12-17T12:07:39","date_gmt":"2011-12-17T12:07:39","guid":{"rendered":"http:\/\/fousfollets.com\/?page_id=257"},"modified":"2024-07-20T13:28:12","modified_gmt":"2024-07-20T13:28:12","slug":"spectacles","status":"publish","type":"page","link":"http:\/\/fousfollets.com\/?page_id=257","title":{"rendered":"Spectacles"},"content":{"rendered":"<h6 style=\"text-align: center;\">\u00a0<audio src=\"http:\/\/fousfollets.com\/wp-content\/uploads\/2011\/12\/sourigolotte.mp3\" autoplay=\"autoplay\" controls=\"controls\"><\/audio><br \/>\nExtrait en \u00e9coute :<strong> \u00ab\u00a0Sourigolotte\u00a0\u00bb<\/strong><i>.<\/i><br \/>\nPour en d\u00e9couvrir aussi le texte : <a href=\"http:\/\/fousfollets.com\/?page_id=203\">cliquez ici !<br \/>\n<\/a>CD <a href=\"http:\/\/fousfollets.com\/?page_id=30\">\u00ab\u00a0Dans mon jardin\u00a0\u00bb<\/a><\/h6>\n<h2><strong><span style=\"color: #800080;\"><span style=\"color: #ffffff;\">.<\/span><br \/>\n<span style=\"color: #ffffff;\">.<\/span>\u00a0 \u00a0 \u00a0 \u00a0 \u00a0 \u00a0 \u00a0 \u00a0 \u00a0 \u00a0 \u00a0 \u00a0Au village des p&rsquo;tits potins !<\/span><\/strong><\/h2>\n<h6 style=\"padding-left: 30px; text-align: left;\">\u00a0\u00a0\u00a0\u00a0\u00a0\u00a0\u00a0\u00a0\u00a0\u00a0\u00a0\u00a0\u00a0\u00a0\u00a0\u00a0\u00a0\u00a0\u00a0\u00a0\u00a0\u00a0\u00a0\u00a0\u00a0\u00a0\u00a0\u00a0\u00a0\u00a0\u00a0\u00a0\u00a0\u00a0\u00a0\u00a0\u00a0\u00a0\u00a0\u00a0 \u00a0\u00a0\u00a0\u00a0\u00a0\u00a0\u00a0 \u00a0\u00a0<a href=\"http:\/\/fousfollets.com\/wp-content\/uploads\/2011\/12\/ceci-nest-pas-une-poule-05fce5b2-efee-43ed-b28c-acbe5a7a5d76.jpg\"><img decoding=\"async\" loading=\"lazy\" class=\"  wp-image-1082 alignnone\" src=\"http:\/\/fousfollets.com\/wp-content\/uploads\/2011\/12\/ceci-nest-pas-une-poule-05fce5b2-efee-43ed-b28c-acbe5a7a5d76-300x212.jpg\" alt=\"ceci-nest-pas-une-poule-05fce5b2-efee-43ed-b28c-acbe5a7a5d76\" width=\"298\" height=\"211\" srcset=\"http:\/\/fousfollets.com\/wp-content\/uploads\/2011\/12\/ceci-nest-pas-une-poule-05fce5b2-efee-43ed-b28c-acbe5a7a5d76-300x212.jpg 300w, http:\/\/fousfollets.com\/wp-content\/uploads\/2011\/12\/ceci-nest-pas-une-poule-05fce5b2-efee-43ed-b28c-acbe5a7a5d76.jpg 566w\" sizes=\"(max-width: 298px) 100vw, 298px\" \/><\/a><strong><br \/>\n<span style=\"color: #808080;\">\u00a0\u00a0\u00a0\u00a0\u00a0\u00a0\u00a0\u00a0\u00a0\u00a0\u00a0\u00a0\u00a0\u00a0\u00a0\u00a0\u00a0\u00a0\u00a0\u00a0\u00a0\u00a0\u00a0\u00a0\u00a0\u00a0\u00a0\u00a0\u00a0\u00a0\u00a0\u00a0\u00a0\u00a0\u00a0\u00a0\u00a0\u00a0\u00a0\u00a0\u00a0\u00a0\u00a0\u00a0\u00a0\u00a0 \u00a0\u00a0 \u00a0chansons cancani\u00e8res pour toutes petites oreilles<\/span><\/strong><\/h6>\n<h4><span style=\"color: #333333;\"><em>\u00a0\u00a0\u00a0\u00a0\u00a0\u00a0\u00a0\u00a0\u00a0\u00a0\u00a0\u00a0\u00a0\u00a0\u00a0\u00a0\u00a0\u00a0\u00a0\u00a0\u00a0\u00a0\u00a0\u00a0\u00a0\u00a0\u00a0\u00a0\u00a0\u00a0\u00a0\u00a0\u00a0\u00a0\u00a0Longue vie \u00e0 ce spectacle qui ravit grands et petits\u2026<br \/>\n<strong>\u00a0\u00a0\u00a0\u00a0\u00a0\u00a0\u00a0\u00a0\u00a0\u00a0\u00a0\u00a0\u00a0\u00a0\u00a0\u00a0\u00a0\u00a0\u00a0\u00a0\u00a0\u00a0\u00a0\u00a0\u00a0\u00a0\u00a0\u00a0\u00a0\u00a0\u00a0\u00a0\u00a0\u00a0\u00a0\u00a0\u00a0\u00a0\u00a0 &#8211; <\/strong><\/em><\/span><em><strong>L\u2019atelier des enfants (halte garderie) &#8211;<br \/>\n<\/strong><\/em><\/h4>\n<h2 style=\"padding-left: 30px; text-align: left;\"><strong>\u00a0\u00a0\u00a0\u00a0\u00a0\u00a0\u00a0\u00a0\u00a0\u00a0\u00a0\u00a0\u00a0\u00a0\u00a0 <span style=\"color: #000080;\">un, deux, trois &#8230; m\u00eame pas peur <\/span><\/strong><\/h2>\n<h4 style=\"text-align: justify;\"><a href=\"http:\/\/fousfollets.com\/wp-content\/uploads\/2011\/12\/visuel-1-2-3-meme-pas-peur.jpg\"><img decoding=\"async\" loading=\"lazy\" class=\"size-medium wp-image-258 aligncenter\" title=\"visuel 1 2 3 meme pas peur\" src=\"http:\/\/fousfollets.com\/wp-content\/uploads\/2011\/12\/visuel-1-2-3-meme-pas-peur-300x191.jpg\" alt=\"\" width=\"300\" height=\"191\" srcset=\"http:\/\/fousfollets.com\/wp-content\/uploads\/2011\/12\/visuel-1-2-3-meme-pas-peur-300x191.jpg 300w, http:\/\/fousfollets.com\/wp-content\/uploads\/2011\/12\/visuel-1-2-3-meme-pas-peur.jpg 401w\" sizes=\"(max-width: 300px) 100vw, 300px\" \/><\/a><\/h4>\n<h4 style=\"text-align: center;\"><em>Des chansons illustr\u00e9es de marionnettes, c&rsquo;est toujours irr\u00e9sistible; Les marionnettes<\/em><br \/>\n<em> ont\u00a0l&rsquo;art d&rsquo;accentuer les rythmes pour les rendre agr\u00e9ables \u00e0 l&rsquo;oeil &#8230;<\/em><br \/>\n<em><strong>&#8211; T\u00e9l\u00e9rama H. Bichonnier <\/strong><\/em><\/h4>\n<h4 style=\"text-align: center;\"><\/h4>\n<h4 style=\"text-align: center;\"><strong style=\"font-size: 1em; line-height: 1.5em; color: #444444;\">\u00a0 \u00a0 \u00a0\u00a0<a href=\"http:\/\/fousfollets.com\/wp-content\/uploads\/2011\/12\/Couleurs-ok-1-jpeg9.jpg\"><img decoding=\"async\" loading=\"lazy\" class=\"alignnone size-medium wp-image-812\" title=\"Couleurs ok 1 jpeg\" src=\"http:\/\/fousfollets.com\/wp-content\/uploads\/2011\/12\/Couleurs-ok-1-jpeg9-e1390839982763-237x300.jpg\" alt=\"\" width=\"237\" height=\"300\" srcset=\"http:\/\/fousfollets.com\/wp-content\/uploads\/2011\/12\/Couleurs-ok-1-jpeg9-e1390839982763-237x300.jpg 237w, http:\/\/fousfollets.com\/wp-content\/uploads\/2011\/12\/Couleurs-ok-1-jpeg9-e1390839982763-809x1024.jpg 809w, http:\/\/fousfollets.com\/wp-content\/uploads\/2011\/12\/Couleurs-ok-1-jpeg9-e1390839982763.jpg 1059w\" sizes=\"(max-width: 237px) 100vw, 237px\" \/><br \/>\n<\/a><\/strong><\/h4>\n<h6 style=\"text-align: center;\"><em style=\"font-size: 1.2em; line-height: 1.5em; text-align: center;\">\u00a0 \u00a0 \u00a0 \u00a0 \u00a0 Pour la\u00a0sixi\u00e8me ann\u00e9e cons\u00e9cutive,\u00a0la Cie des Fous Follets\u00a0a conquis les petits (et leurs parents)\u00a0avec leur nouveau spectacle \u00ab\u00a0Le village qui avait perdu ses couleurs\u00a0\u00bb mariant comme chaque fois avec bonheur chansons, jeu et marionnettes\u00a0!<br \/>\n<\/em><em style=\"font-size: 1.2em; line-height: 1.5em; text-align: center;\"><strong>\u00a0&#8211; directeur coll\u00e8ge Saint Germain en Laye &#8211;<\/strong><\/em><\/h6>\n<h6><span style=\"color: #000000;\"><strong>\u00a0 \u00a0\u00a0<\/strong><\/span><strong style=\"font-size: 2.4em; line-height: 1.5em;\">\u00a0\u00a0<\/strong><\/h6>\n<h6><\/h6>\n<p><a href=\"http:\/\/fousfollets.com\/wp-content\/uploads\/2011\/12\/dans-ma-maison-perrine-ok-jpeg1.jpg\"><img decoding=\"async\" loading=\"lazy\" class=\"aligncenter size-medium wp-image-820\" title=\"dans ma maison perrine ok jpeg\" src=\"http:\/\/fousfollets.com\/wp-content\/uploads\/2011\/12\/dans-ma-maison-perrine-ok-jpeg1-e1390841408454-237x300.jpg\" alt=\"\" width=\"237\" height=\"300\" srcset=\"http:\/\/fousfollets.com\/wp-content\/uploads\/2011\/12\/dans-ma-maison-perrine-ok-jpeg1-e1390841408454-237x300.jpg 237w, http:\/\/fousfollets.com\/wp-content\/uploads\/2011\/12\/dans-ma-maison-perrine-ok-jpeg1-e1390841408454-809x1024.jpg 809w, http:\/\/fousfollets.com\/wp-content\/uploads\/2011\/12\/dans-ma-maison-perrine-ok-jpeg1-e1390841408454.jpg 1059w\" sizes=\"(max-width: 237px) 100vw, 237px\" \/><\/a><\/p>\n<h4 style=\"text-align: center;\"><em>\u00a0 \u00a0 \u00a0 \u00a0 \u00a0&#8230; Et bien croyez-moi, les petits ne seront pas les seuls \u00e0 aimer ! Vous aussi, parents, aurez tous envie de taper dans les mains, de battre la mesure, serez \u00e9mus par des chants tout doux, amus\u00e9s par des histoires rigolotes et appr\u00e9cierez la fantaisie ambiante dispens\u00e9e par les Fous Follets .\u00a0Alors, faites-vous plaisir , sortez avec vos enfants !<\/em><br \/>\n<em><strong>\u00a0 \u00a0&#8211; Paris boum boum &#8211;<\/strong><\/em><\/h4>\n<h4 style=\"text-align: center;\"><\/h4>\n<h2><\/h2>\n<h2><strong style=\"text-align: center;\">\u00a0\u00a0\u00a0\u00a0\u00a0\u00a0\u00a0\u00a0\u00a0\u00a0\u00a0\u00a0\u00a0\u00a0\u00a0\u00a0\u00a0<\/strong><strong><span style=\"color: #008000;\">1, 2, 3 &#8230; NO\u00cbL DANS MA MAISON !<\/span><\/strong><\/h2>\n<h4><a href=\"http:\/\/fousfollets.com\/wp-content\/uploads\/2011\/12\/123-ff-affiche-spectacle-ok1.jpg\"><img decoding=\"async\" loading=\"lazy\" class=\"size-medium wp-image-607 aligncenter\" title=\"123 ff affiche spectacle ok\" src=\"http:\/\/fousfollets.com\/wp-content\/uploads\/2011\/12\/123-ff-affiche-spectacle-ok1-212x300.jpg\" alt=\"fshoz\" width=\"212\" height=\"300\" srcset=\"http:\/\/fousfollets.com\/wp-content\/uploads\/2011\/12\/123-ff-affiche-spectacle-ok1-212x300.jpg 212w, http:\/\/fousfollets.com\/wp-content\/uploads\/2011\/12\/123-ff-affiche-spectacle-ok1-723x1024.jpg 723w, http:\/\/fousfollets.com\/wp-content\/uploads\/2011\/12\/123-ff-affiche-spectacle-ok1.jpg 1240w\" sizes=\"(max-width: 212px) 100vw, 212px\" \/><\/a><\/h4>\n<h4 style=\"text-align: center;\"><em><span style=\"text-align: left;\">Chanteurs comiques, manipulateurs de marionnettes, ces trois-l\u00e0 sont particuli\u00e8rement bons dans la parodie de chansons pour enfants. On se r\u00e9gale lorsqu&rsquo;ils se laissent aller au d\u00e9lire avec <\/span>b\u00e9b\u00e9<span style=\"text-align: left;\"> ou<\/span> les camemberts attaquent<span style=\"text-align: left;\"> &#8230;<br \/>\n<\/span><strong>&#8211; T\u00e9l\u00e9rama H. Bichonnier &#8211;<\/strong><\/em><\/h4>\n<h4 style=\"text-align: center;\"><em>Les fous chantants s&rsquo;en donnent \u00e0 coeur joie pour raconter leurs aventures peu ordinaires<\/em><br \/>\n<em><strong>&#8211; Le monde de l&rsquo;\u00e9ducation &#8211;<\/strong><\/em><\/h4>\n<h1 style=\"text-align: left;\"><span style=\"color: #ff6600;\">\u00a0\u00a0\u00a0\u00a0\u00a0\u00a0\u00a0\u00a0\u00a0\u00a0\u00a0\u00a0\u00a0\u00a0\u00a0\u00a0\u00a0\u00a0\u00a0\u00a0\u00a0\u00a0\u00a0\u00a0\u00a0Tatoune la fourmi<\/span><\/h1>\n<h4 style=\"text-align: justify;\"><strong><img decoding=\"async\" loading=\"lazy\" class=\"size-medium wp-image-259 aligncenter\" title=\"visuel tatoune\" src=\"http:\/\/fousfollets.com\/wp-content\/uploads\/2011\/12\/visuel-tatoune-228x300.jpg\" alt=\"\" width=\"228\" height=\"300\" srcset=\"http:\/\/fousfollets.com\/wp-content\/uploads\/2011\/12\/visuel-tatoune-228x300.jpg 228w, http:\/\/fousfollets.com\/wp-content\/uploads\/2011\/12\/visuel-tatoune-779x1024.jpg 779w, http:\/\/fousfollets.com\/wp-content\/uploads\/2011\/12\/visuel-tatoune.jpg 1480w\" sizes=\"(max-width: 228px) 100vw, 228px\" \/><\/strong><\/h4>\n<h4 style=\"text-align: center;\"><em>Tatoune la Fourmi en a assez de son petit train-train quotidien. Elle r\u00eave de devenir \u00ab\u00a0artiste\u00a0\u00bb et peut-\u00eatre m\u00eame cigale ! Mais ce n&rsquo;est pas si facile de changer de peau. Sa rencontre avec Firmin, le bon gros ours un brin farceur va bouleverser sa vie ! Un spectacle r\u00e9solument tendre et joyeux.<\/em><br \/>\n<em><strong>&#8211; Paris capitale &#8211;<\/strong><\/em><\/h4>\n<h4 style=\"text-align: center;\"><em>La fourmi en ayant marre d&rsquo;\u00eatre fourmi se met \u00e0 chanter parce qu&rsquo;elle veut devenir cigale. Avec son comp\u00e8re l&rsquo;ours et des tas de petites marionnettes, cette animation musicale et burlesque ne manque pas de charme.<\/em><br \/>\n<em><strong>&#8211; T\u00e9l\u00e9rama H. Bichonnier &#8211;<\/strong><\/em><\/h4>\n<h2 style=\"text-align: center;\"><\/h2>\n<h2><strong style=\"text-align: center;\">\u00a0\u00a0\u00a0\u00a0\u00a0\u00a0\u00a0\u00a0\u00a0\u00a0\u00a0\u00a0\u00a0\u00a0\u00a0\u00a0<\/strong><strong><span style=\"color: #993300;\">\u00a0\u00a0\u00a0Trois p&rsquo;tits tours dans mon jardin &#8230;<\/span><\/strong><\/h2>\n<h2 style=\"text-align: center;\"><strong><a title=\"Spectacle Trois p\u2019tits tours dans mon jardin\" href=\"http:\/\/fousfollets.com\/?page_id=264\"><img decoding=\"async\" loading=\"lazy\" class=\"size-medium wp-image-260 aligncenter\" title=\"visuel 3 p'tits tours\" src=\"http:\/\/fousfollets.com\/wp-content\/uploads\/2011\/12\/visuel-3-ptits-tours-300x227.jpg\" alt=\"\" width=\"300\" height=\"227\" srcset=\"http:\/\/fousfollets.com\/wp-content\/uploads\/2011\/12\/visuel-3-ptits-tours-300x227.jpg 300w, http:\/\/fousfollets.com\/wp-content\/uploads\/2011\/12\/visuel-3-ptits-tours.jpg 991w\" sizes=\"(max-width: 300px) 100vw, 300px\" \/><\/a><\/strong><span style=\"color: #000080;\">\u00a0C&rsquo;est la ronde des l\u00e9gumes !<\/span><\/h2>\n<h4 style=\"text-align: center;\"><em>Musiques \u00e9vocatrices, paroles aimables et dr\u00f4les pour vous emporter et vous faire danser !<\/em><br \/>\n<em><strong>&#8211; L&rsquo;\u00e9cole des parents &#8211;<\/strong><\/em><\/h4>\n<h2><strong><span style=\"color: #0000ff;\">Contacts :<\/span><\/strong><\/h2>\n<h3><a href=\"http:\/\/fousfollets.com\/wp-content\/uploads\/2011\/12\/visuel-fous-follets-jean-michel-brac-et-patricia-steinhoff-bretouch\u00e9.jpg\"><img decoding=\"async\" loading=\"lazy\" class=\"alignnone size-thumbnail wp-image-303\" src=\"http:\/\/fousfollets.com\/wp-content\/uploads\/2011\/12\/visuel-fous-follets-jean-michel-brac-et-patricia-steinhoff-bretouch\u00e9-150x150.jpg\" alt=\"visuel-fous-follets-jean-michel-brac-et-patricia-steinhoff-bretouch\u00e9.jpg\" width=\"150\" height=\"150\" \/><\/a><\/h3>\n<h3><strong>J.M Brac<\/strong>: 06.08.09.74.93<br \/>\n<strong>P. Steinhoff<\/strong>\u00a0: 06.70.25.71.81<br \/>\n<strong><span style=\"color: #0000ff;\">ciefousfollets@gmail.com<\/span><\/strong><\/h3>\n<p><a href=\"http:\/\/fousfollets.com\/wp-content\/uploads\/2024\/07\/Papier-fourmi-bleue-2024-CFF-tete-mail-scaled.jpg\" target=\"_blank\" rel=\"noopener\"><img decoding=\"async\" loading=\"lazy\" class=\"alignnone wp-image-1674 size-full\" src=\"http:\/\/fousfollets.com\/wp-content\/uploads\/2024\/07\/Papier-fourmi-bleue-2024-CFF-tete-mail-scaled.jpg\" alt=\"\" width=\"2560\" height=\"816\" srcset=\"http:\/\/fousfollets.com\/wp-content\/uploads\/2024\/07\/Papier-fourmi-bleue-2024-CFF-tete-mail-scaled.jpg 2560w, http:\/\/fousfollets.com\/wp-content\/uploads\/2024\/07\/Papier-fourmi-bleue-2024-CFF-tete-mail-300x96.jpg 300w, http:\/\/fousfollets.com\/wp-content\/uploads\/2024\/07\/Papier-fourmi-bleue-2024-CFF-tete-mail-1024x326.jpg 1024w, http:\/\/fousfollets.com\/wp-content\/uploads\/2024\/07\/Papier-fourmi-bleue-2024-CFF-tete-mail-768x245.jpg 768w, http:\/\/fousfollets.com\/wp-content\/uploads\/2024\/07\/Papier-fourmi-bleue-2024-CFF-tete-mail-1536x489.jpg 1536w, http:\/\/fousfollets.com\/wp-content\/uploads\/2024\/07\/Papier-fourmi-bleue-2024-CFF-tete-mail-2048x653.jpg 2048w\" sizes=\"(max-width: 2560px) 100vw, 2560px\" \/><\/a><\/p>\n<p><a href=\"http:\/\/fousfollets.com\/wp-content\/uploads\/2011\/12\/Couleurs-ok-1-jpeg6.jpg\"><br \/>\n<\/a><a href=\"http:\/\/fousfollets.com\/wp-content\/uploads\/2011\/12\/Couleurs-ok-1-jpeg5.jpg\"><br \/>\n<\/a><a href=\"http:\/\/fousfollets.com\/wp-content\/uploads\/2011\/12\/Couleurs-ok-1-jpeg4.jpg\"><br \/>\n<\/a><\/p>\n","protected":false},"excerpt":{"rendered":"<p>\u00a0 Extrait en \u00e9coute : \u00ab\u00a0Sourigolotte\u00a0\u00bb. Pour en d\u00e9couvrir aussi le texte : cliquez ici ! CD \u00ab\u00a0Dans mon jardin\u00a0\u00bb . .\u00a0 \u00a0 \u00a0 \u00a0 \u00a0 \u00a0 \u00a0 \u00a0 \u00a0 \u00a0 \u00a0 \u00a0Au village des p&rsquo;tits potins ! \u00a0\u00a0\u00a0\u00a0\u00a0\u00a0\u00a0\u00a0\u00a0\u00a0\u00a0\u00a0\u00a0\u00a0\u00a0\u00a0\u00a0\u00a0\u00a0\u00a0\u00a0\u00a0\u00a0\u00a0\u00a0\u00a0\u00a0\u00a0\u00a0\u00a0\u00a0\u00a0\u00a0\u00a0\u00a0\u00a0\u00a0\u00a0\u00a0\u00a0 \u00a0\u00a0\u00a0\u00a0\u00a0\u00a0\u00a0 &hellip; <a href=\"http:\/\/fousfollets.com\/?page_id=257\">Continuer la lecture <span class=\"meta-nav\">&rarr;<\/span><\/a><\/p>\n","protected":false},"author":1,"featured_media":0,"parent":0,"menu_order":0,"comment_status":"closed","ping_status":"closed","template":"","meta":[],"_links":{"self":[{"href":"http:\/\/fousfollets.com\/index.php?rest_route=\/wp\/v2\/pages\/257"}],"collection":[{"href":"http:\/\/fousfollets.com\/index.php?rest_route=\/wp\/v2\/pages"}],"about":[{"href":"http:\/\/fousfollets.com\/index.php?rest_route=\/wp\/v2\/types\/page"}],"author":[{"embeddable":true,"href":"http:\/\/fousfollets.com\/index.php?rest_route=\/wp\/v2\/users\/1"}],"replies":[{"embeddable":true,"href":"http:\/\/fousfollets.com\/index.php?rest_route=%2Fwp%2Fv2%2Fcomments&post=257"}],"version-history":[{"count":119,"href":"http:\/\/fousfollets.com\/index.php?rest_route=\/wp\/v2\/pages\/257\/revisions"}],"predecessor-version":[{"id":1682,"href":"http:\/\/fousfollets.com\/index.php?rest_route=\/wp\/v2\/pages\/257\/revisions\/1682"}],"wp:attachment":[{"href":"http:\/\/fousfollets.com\/index.php?rest_route=%2Fwp%2Fv2%2Fmedia&parent=257"}],"curies":[{"name":"wp","href":"https:\/\/api.w.org\/{rel}","templated":true}]}}