{"id":221,"date":"2011-12-17T11:31:57","date_gmt":"2011-12-17T11:31:57","guid":{"rendered":"http:\/\/fousfollets.com\/?page_id=221"},"modified":"2011-12-17T11:47:51","modified_gmt":"2011-12-17T11:47:51","slug":"19-salade-de-fete","status":"publish","type":"page","link":"http:\/\/fousfollets.com\/?page_id=221","title":{"rendered":"19 Salade de f\u00eate"},"content":{"rendered":"<p>50 s<\/p>\n<p>Pour faire une salade de f\u00eate cueillir le coeur d\u00e9licatement<br \/>\ncouper les feuilles tr\u00e8s doucement<br \/>\npasser sous l&rsquo;eau<br \/>\nla voil\u00e0 pr\u00eate &#8230;<\/p>\n<p>Faire ensuite une bonne vinaigrette<br \/>\nhuile et citron, un peu d&rsquo;oignons du sel du poivre<br \/>\nquelques poivrons<br \/>\nsans oublier la ciboulette &#8230;<\/p>\n<p>Puis sur la salade verser tr\u00e8s tendrement<br \/>\nsans faire de bruit &#8230;<br \/>\n\u00e9coutez-la comme elle fr\u00e9mit &#8230;<br \/>\nvous n&rsquo;avez plus qu&rsquo;\u00e0 d\u00e9guster !<\/p>\n<p>Qu&rsquo;elle soit laitue ou bien scarole feuille de ch\u00eane<br \/>\nou chicor\u00e9e<br \/>\nqu&rsquo;elle soit endive m\u00e2che ou fris\u00e9e elle est exquise<br \/>\non en raffole &#8230;<\/p>\n","protected":false},"excerpt":{"rendered":"<p>50 s Pour faire une salade de f\u00eate cueillir le coeur d\u00e9licatement couper les feuilles tr\u00e8s doucement passer sous l&rsquo;eau la voil\u00e0 pr\u00eate &#8230; Faire ensuite une bonne vinaigrette huile et citron, un peu d&rsquo;oignons du sel du poivre quelques &hellip; <a href=\"http:\/\/fousfollets.com\/?page_id=221\">Continuer la lecture <span class=\"meta-nav\">&rarr;<\/span><\/a><\/p>\n","protected":false},"author":1,"featured_media":0,"parent":0,"menu_order":0,"comment_status":"closed","ping_status":"closed","template":"","meta":[],"_links":{"self":[{"href":"http:\/\/fousfollets.com\/index.php?rest_route=\/wp\/v2\/pages\/221"}],"collection":[{"href":"http:\/\/fousfollets.com\/index.php?rest_route=\/wp\/v2\/pages"}],"about":[{"href":"http:\/\/fousfollets.com\/index.php?rest_route=\/wp\/v2\/types\/page"}],"author":[{"embeddable":true,"href":"http:\/\/fousfollets.com\/index.php?rest_route=\/wp\/v2\/users\/1"}],"replies":[{"embeddable":true,"href":"http:\/\/fousfollets.com\/index.php?rest_route=%2Fwp%2Fv2%2Fcomments&post=221"}],"version-history":[{"count":2,"href":"http:\/\/fousfollets.com\/index.php?rest_route=\/wp\/v2\/pages\/221\/revisions"}],"predecessor-version":[{"id":253,"href":"http:\/\/fousfollets.com\/index.php?rest_route=\/wp\/v2\/pages\/221\/revisions\/253"}],"wp:attachment":[{"href":"http:\/\/fousfollets.com\/index.php?rest_route=%2Fwp%2Fv2%2Fmedia&parent=221"}],"curies":[{"name":"wp","href":"https:\/\/api.w.org\/{rel}","templated":true}]}}