{"id":216,"date":"2011-12-17T11:29:39","date_gmt":"2011-12-17T11:29:39","guid":{"rendered":"http:\/\/fousfollets.com\/?page_id=216"},"modified":"2022-06-28T13:12:31","modified_gmt":"2022-06-28T13:12:31","slug":"17-le-blues-des-legumes","status":"publish","type":"page","link":"http:\/\/fousfollets.com\/?page_id=216","title":{"rendered":"17 Le blues des l\u00e9gumes"},"content":{"rendered":"<p>4 min 00 s<br \/>\n<!--\n\n<h6>Si vous avez activ\u00e9 le son, vous entendez un extrait (47 s) de\u00a0<strong>\u00ab\u00a0Le blues des l\u00e9gumes\u00a0\u00bb<\/strong>.\nPour r\u00e9\u00e9couter l\u2019extrait :\u00a0<a href=\"http:\/\/fousfollets.com\/?page_id=216\">cliquez ici !<\/a><\/h6>\n\n--><br \/>\n<audio src=\"http:\/\/fousfollets.com\/wp-content\/uploads\/2011\/12\/le-blues-des-l\u00e9gumes.mp3\" autoplay=\"autoplay\" controls><\/audio><\/p>\n<p>La soupe au potiron, \u00e7a me donne des boutons<br \/>\nLa soupe \u00e0 la courgette, \u00e7a m&rsquo;donne mal \u00e0 la t\u00eate<br \/>\nLa soupe aux pois et choux, \u00e7a me donne mal aux genoux<br \/>\nQuant \u00e0 celle aux tomates, au s&rsquo;cours je me gratte, gratte, gratte !<\/p>\n<p>La soupe aux \u00e9pinards, \u00e7a me donne des cauch&rsquo;mards<br \/>\nEt la soupe au fenouil, \u00e7a me donne des gargouilles<br \/>\nLa soupe aux champignons, \u00e7a me donne des frissons<br \/>\nQuant \u00e0 la soupe \u00e0 l&rsquo;ail, au s&rsquo;cours je d\u00e9raille aille aille !<\/p>\n<p>La soupe aux vieux navets, \u00e7a me fait faire des pets<br \/>\nEt celle aux haricots, \u00e7a me fait faire des rots<br \/>\nEt la soupe au c\u00e9leri, \u00e7a me fait faire pipi<br \/>\nQuant \u00e0 celle aux carottes, au s&rsquo;cours j&rsquo;fais des &#8230;<\/p>\n<p>&nbsp;<\/p>\n","protected":false},"excerpt":{"rendered":"<p>4 min 00 s La soupe au potiron, \u00e7a me donne des boutons La soupe \u00e0 la courgette, \u00e7a m&rsquo;donne mal \u00e0 la t\u00eate La soupe aux pois et choux, \u00e7a me donne mal aux genoux Quant \u00e0 celle aux &hellip; <a href=\"http:\/\/fousfollets.com\/?page_id=216\">Continuer la lecture <span class=\"meta-nav\">&rarr;<\/span><\/a><\/p>\n","protected":false},"author":1,"featured_media":0,"parent":0,"menu_order":0,"comment_status":"closed","ping_status":"closed","template":"","meta":[],"_links":{"self":[{"href":"http:\/\/fousfollets.com\/index.php?rest_route=\/wp\/v2\/pages\/216"}],"collection":[{"href":"http:\/\/fousfollets.com\/index.php?rest_route=\/wp\/v2\/pages"}],"about":[{"href":"http:\/\/fousfollets.com\/index.php?rest_route=\/wp\/v2\/types\/page"}],"author":[{"embeddable":true,"href":"http:\/\/fousfollets.com\/index.php?rest_route=\/wp\/v2\/users\/1"}],"replies":[{"embeddable":true,"href":"http:\/\/fousfollets.com\/index.php?rest_route=%2Fwp%2Fv2%2Fcomments&post=216"}],"version-history":[{"count":8,"href":"http:\/\/fousfollets.com\/index.php?rest_route=\/wp\/v2\/pages\/216\/revisions"}],"predecessor-version":[{"id":1556,"href":"http:\/\/fousfollets.com\/index.php?rest_route=\/wp\/v2\/pages\/216\/revisions\/1556"}],"wp:attachment":[{"href":"http:\/\/fousfollets.com\/index.php?rest_route=%2Fwp%2Fv2%2Fmedia&parent=216"}],"curies":[{"name":"wp","href":"https:\/\/api.w.org\/{rel}","templated":true}]}}