{"id":190,"date":"2011-12-17T11:04:13","date_gmt":"2011-12-17T11:04:13","guid":{"rendered":"http:\/\/fousfollets.com\/?page_id=190"},"modified":"2011-12-17T11:46:29","modified_gmt":"2011-12-17T11:46:29","slug":"07-comptine","status":"publish","type":"page","link":"http:\/\/fousfollets.com\/?page_id=190","title":{"rendered":"07 Comptine"},"content":{"rendered":"<p>15 s<\/p>\n<p><strong>Fais pipi<\/strong><\/p>\n<p>Fais pipi sur l\u2019gazon pour arroser les coccinelles<br \/>\nFais pipi sur l\u2019gazon pour arroser les lima\u00e7ons<br \/>\nPipi gazon lima\u00e7ons coccinelles<br \/>\nPipi gazon coccinelles lima\u00e7ons<\/p>\n","protected":false},"excerpt":{"rendered":"<p>15 s Fais pipi Fais pipi sur l\u2019gazon pour arroser les coccinelles Fais pipi sur l\u2019gazon pour arroser les lima\u00e7ons Pipi gazon lima\u00e7ons coccinelles Pipi gazon coccinelles lima\u00e7ons<\/p>\n","protected":false},"author":1,"featured_media":0,"parent":0,"menu_order":0,"comment_status":"closed","ping_status":"closed","template":"","meta":[],"_links":{"self":[{"href":"http:\/\/fousfollets.com\/index.php?rest_route=\/wp\/v2\/pages\/190"}],"collection":[{"href":"http:\/\/fousfollets.com\/index.php?rest_route=\/wp\/v2\/pages"}],"about":[{"href":"http:\/\/fousfollets.com\/index.php?rest_route=\/wp\/v2\/types\/page"}],"author":[{"embeddable":true,"href":"http:\/\/fousfollets.com\/index.php?rest_route=\/wp\/v2\/users\/1"}],"replies":[{"embeddable":true,"href":"http:\/\/fousfollets.com\/index.php?rest_route=%2Fwp%2Fv2%2Fcomments&post=190"}],"version-history":[{"count":2,"href":"http:\/\/fousfollets.com\/index.php?rest_route=\/wp\/v2\/pages\/190\/revisions"}],"predecessor-version":[{"id":241,"href":"http:\/\/fousfollets.com\/index.php?rest_route=\/wp\/v2\/pages\/190\/revisions\/241"}],"wp:attachment":[{"href":"http:\/\/fousfollets.com\/index.php?rest_route=%2Fwp%2Fv2%2Fmedia&parent=190"}],"curies":[{"name":"wp","href":"https:\/\/api.w.org\/{rel}","templated":true}]}}